{"id":6827,"date":"2016-09-19T13:09:40","date_gmt":"2016-09-19T13:09:40","guid":{"rendered":"http:\/\/railway-displays.com\/product\/main-station-display-led-rgb\/"},"modified":"2024-06-18T13:14:13","modified_gmt":"2024-06-18T13:14:13","slug":"wyswietlacz-glowny-stacyjny","status":"publish","type":"product","link":"https:\/\/railway-displays.com\/pl\/produkt\/wyswietlacz-glowny-stacyjny\/","title":{"rendered":"Wy\u015bwietlacz G\u0142\u00f3wny Stacyjny LED RGB"},"content":{"rendered":"<div class=\"wpb-content-wrapper\"><p>[vc_row][vc_column][vc_raw_js]JTNDc2NyaXB0JTNFJTBBbGV0JTIwbmV3VGl0bGUlMjAlM0QlMjBkb2N1bWVudC5nZXRFbGVtZW50c0J5Q2xhc3NOYW1lJTI4JTI3ZWx0ZGYtc2luZ2xlLXByb2R1Y3QtdGl0bGUlMjclMjklM0IlMEFpZiUyMCUyOG5ld1RpdGxlJTIwJTI2JTI2JTIwbmV3VGl0bGUubGVuZ3RoJTIwJTNFJTIwMCUyOSUyMCU3QiUwQSUyMG5ld1RpdGxlJTIwJTNEJTIwbmV3VGl0bGUlNUIwJTVELmlubmVyVGV4dCUwQSUyMGlmJTI4ZG9jdW1lbnQucmVhZHlTdGF0ZSUyMCUzRCUzRCUzRCUyMCUyN3JlYWR5JTI3JTIwJTdDJTdDJTIwZG9jdW1lbnQucmVhZHlTdGF0ZSUyMCUzRCUzRCUzRCUyMCUyN2NvbXBsZXRlJTI3JTI5JTIwJTdCJTBBJTIwc2V0VGl0bGUlMjhuZXdUaXRsZSUyOSUzQiUwQSUyMHRyYW5zbGF0ZURlc2NyaXB0aW9uJTI4JTI5JTNCJTBBJTdEJTIwZWxzZSUyMCU3QiUwQSUyMCUyMGRvY3VtZW50Lm9ucmVhZHlzdGF0ZWNoYW5nZSUyMCUzRCUyMGZ1bmN0aW9uJTIwJTI4JTI5JTIwJTdCJTBBJTIwJTIwJTIwJTIwaWYlMjAlMjhkb2N1bWVudC5yZWFkeVN0YXRlJTIwJTNEJTNEJTIwJTIyY29tcGxldGUlMjIlMjklMjAlN0IlMEElMjAlMjAlMjAlMjAlMjAlMjBzZXRUaXRsZSUyOG5ld1RpdGxlJTI5JTNCJTBBJTIwJTIwJTIwJTIwJTIwJTIwdHJhbnNsYXRlRGVzY3JpcHRpb24lMjglMjklMEElMjAlMjAlMjAlMjAlN0QlMEElMjAlMjAlN0QlMEElN0QlMEElN0QlMEElMEFmdW5jdGlvbiUyMHNldFRpdGxlJTI4dGl0bGUlMjklMjAlN0IlMEElMjBkb2N1bWVudC5nZXRFbGVtZW50QnlJZCUyOCUyN3RpdGxlJTI3JTI5LnZhbHVlJTIwJTNEJTIwdGl0bGUlM0IlMEElMjBkb2N1bWVudC5nZXRFbGVtZW50QnlJZCUyOCUyN2NvbnRhY3QtdGV4dCUyNyUyOS52YWx1ZSUyMCUyQiUzRCUyMCUyNyUzQSUyMCUyNyUyMCUyQiUyMHRpdGxlJTNCJTBBJTdEJTBBJTBBZnVuY3Rpb24lMjB0cmFuc2xhdGVEZXNjcmlwdGlvbiUyOCUyOSUyMCU3QiUwQSUyMGNvbnN0JTIwZGVzYyUyMCUzRCUyMGRvY3VtZW50LmdldEVsZW1lbnRzQnlDbGFzc05hbWUlMjglMjdkZXNjcmlwdGlvbl90YWIlMjclMjklM0IlMEElMEElMjBpZiUyMCUyOGRlc2MlMjAlMjYlMjYlMjBkZXNjLmxlbmd0aCUyMCUzRSUyMDAlMjklMjAlN0IlMjAlMEElMjAlMjBjb25zdCUyMHRpdGxlJTIwJTNEJTIwZGVzYyU1QjAlNUQuZ2V0RWxlbWVudHNCeUNsYXNzTmFtZSUyOCUyN2VsdGRmLXRhYi10aXRsZSUyNyUyOSUzQiUwQSUwQSUyMCUyMGlmJTIwJTI4dGl0bGUlMjAlMjYlMjYlMjB0aXRsZS5sZW5ndGglMjAlM0UlMjAwJTI5JTIwJTdCJTBBJTIwJTIwJTIwdGl0bGUlNUIwJTVELmlubmVyVGV4dCUyMCUzRCUyMCUyMk9waXMlMjIlM0IlMEElMjAlMjAlN0QlMEElMjAlN0QlMEElN0QlMEElMEElM0MlMkZzY3JpcHQlM0UlMEE=[\/vc_raw_js][\/vc_column][\/vc_row][vc_row][vc_column][vc_empty_space][\/vc_column][\/vc_row][vc_row][vc_column]<div class=\"eltdf-section-title-holder\" style=\"text-align: center\">\n\t\t\t<h2 class=\"eltdf-st-title\" >\n\t\t\t<span>Wy\u015bwietlacze informacji pasa\u017cerskiej LED RGB<\/span>\n\t\t<\/h2>\n\t\t<\/div>[\/vc_column][\/vc_row][vc_row][vc_column][vc_empty_space]<div class=\"eltdf-item-showcase-holder clearfix\"><div class=\"eltdf-is-item eltdf-is-left\">\n\t<div class=\"eltdf-is-content\">\n\t\t\t\t\t<h4 class=\"eltdf-is-title\" >\n\t\t\t\t\t\t\t\tDOPASOWANE ROZWI\u0104ZANIA\t\t\t\t\t\t\t<\/h4>\n\t\t\t\t\t\t\t<p class=\"eltdf-is-text\" >Dowolny kolor obudowy, logo klienta, opcja z zegarem analogowym lub cyfrowym<\/p>\n\t\t\t<\/div>\n<\/div><div class=\"eltdf-is-item eltdf-is-left\">\n\t<div class=\"eltdf-is-content\">\n\t\t\t\t\t<h4 class=\"eltdf-is-title\" >\n\t\t\t\t\t\t\t\tMODU\u0141OWY SYSTEM\t\t\t\t\t\t\t<\/h4>\n\t\t\t\t\t\t\t<p class=\"eltdf-is-text\" >Elastyczny system modu\u0142owy, dostosowany do ilo\u015bci informacji, kt\u00f3re musisz wy\u015bwietli\u0107. Mo\u017cesz zdecydowa\u0107, ile wierszy informacji potrzebujesz. System modu\u0142owy z ram\u0105 pomi\u0119dzy panelami lub bez.<\/p>\n\t\t\t<\/div>\n<\/div><div class=\"eltdf-is-item eltdf-is-left\">\n\t<div class=\"eltdf-is-content\">\n\t\t\t\t\t<h4 class=\"eltdf-is-title\" >\n\t\t\t\t\t\t\t\tPE\u0141NY KOLOR - LED RGB\t\t\t\t\t\t\t<\/h4>\n\t\t\t\t\t\t\t<p class=\"eltdf-is-text\" >Urz\u0105dzenia LED RGB (pe\u0142ny kolor) zapewniaj\u0105 pe\u0142n\u0105 swobod\u0119 wy\u015bwietlania tre\u015bci - dowolny kolor, rozmiar i rodzaj czcionki oraz format rozk\u0142adu jazdy<\/p>\n\t\t\t<\/div>\n<\/div><div class=\"eltdf-is-item eltdf-is-right\">\n\t<div class=\"eltdf-is-content\">\n\t\t\t\t\t<h4 class=\"eltdf-is-title\" >\n\t\t\t\t\t\t\t\tWYSOKA JASNO\u015a\u0106\t\t\t\t\t\t\t<\/h4>\n\t\t\t\t\t\t\t<p class=\"eltdf-is-text\" >Wysoka jasno\u015b\u0107 dla lepszego odczytu informacji z du\u017cej odleg\u0142o\u015bci, a tak\u017ce wbudowany czujnik jasno\u015bci, kt\u00f3ry dostosowuje intensywno\u015b\u0107 \u015bwiecenia diod LED<\/p>\n\t\t\t<\/div>\n<\/div><div class=\"eltdf-is-item eltdf-is-right\">\n\t<div class=\"eltdf-is-content\">\n\t\t\t\t\t<h4 class=\"eltdf-is-title\" >\n\t\t\t\t\t\t\t\tNISKIE ZU\u017bYCIE ENERGII SMD LED\t\t\t\t\t\t\t<\/h4>\n\t\t\t\t\t\t\t<p class=\"eltdf-is-text\" >Czterokrotnie ni\u017csze zu\u017cycie energii w por\u00f3wnaniu do technologii LCD TFT<\/p>\n\t\t\t<\/div>\n<\/div><div class=\"eltdf-is-item eltdf-is-right\">\n\t<div class=\"eltdf-is-content\">\n\t\t\t\t\t<h4 class=\"eltdf-is-title\" >\n\t\t\t\t\t\t\t\tOCHRONA\t\t\t\t\t\t\t<\/h4>\n\t\t\t\t\t\t\t<p class=\"eltdf-is-text\" >Ochrona dostosowana do \u015brodowiska i potrzeb klienta - czujnik antywandalowy, czujnik zbicia szyby, czujnik otwierania obudowy, czujnik wstrz\u0105su, alarm bombowy, ukryta kamera itp.<\/p>\n\t\t\t<\/div>\n<\/div><div class=\"eltdf-is-image\" style=\"margin-top: 50px\"><img width=\"2560\" height=\"2560\" src=\"https:\/\/railway-displays.com\/wp-content\/uploads\/2016\/09\/LED-RAILWAY-02-DRUK-scaled.jpg\" class=\"attachment-full size-full\" alt=\"LED PIDS Railway DISPLAY\" srcset=\"https:\/\/railway-displays.com\/wp-content\/uploads\/2016\/09\/LED-RAILWAY-02-DRUK-scaled.jpg 2560w, https:\/\/railway-displays.com\/wp-content\/uploads\/2016\/09\/LED-RAILWAY-02-DRUK-300x300.jpg 300w, https:\/\/railway-displays.com\/wp-content\/uploads\/2016\/09\/LED-RAILWAY-02-DRUK-1024x1024.jpg 1024w, https:\/\/railway-displays.com\/wp-content\/uploads\/2016\/09\/LED-RAILWAY-02-DRUK-150x150.jpg 150w, https:\/\/railway-displays.com\/wp-content\/uploads\/2016\/09\/LED-RAILWAY-02-DRUK-768x768.jpg 768w, https:\/\/railway-displays.com\/wp-content\/uploads\/2016\/09\/LED-RAILWAY-02-DRUK-1536x1536.jpg 1536w, https:\/\/railway-displays.com\/wp-content\/uploads\/2016\/09\/LED-RAILWAY-02-DRUK-550x550.jpg 550w, https:\/\/railway-displays.com\/wp-content\/uploads\/2016\/09\/LED-RAILWAY-02-DRUK-600x600.jpg 600w, https:\/\/railway-displays.com\/wp-content\/uploads\/2016\/09\/LED-RAILWAY-02-DRUK-200x200.jpg 200w\" sizes=\"(max-width: 2560px) 100vw, 2560px\" \/><\/div><\/div>[\/vc_column][\/vc_row]<\/p>\n<\/div>","protected":false},"excerpt":{"rendered":"<p>Wy\u015bwietlacz do odczytu d\u0142ugodystansowego wykonany w technologii LED RGB, montowany w centralnym punkcie dworca\/stacji. Linia produkt\u00f3w wykorzystuje najnowsz\u0105 generacj\u0119 diod LED RGB zaprojektowanych w celu zapewnienia widoczno\u015bci z wi\u0119kszego dystansu zar\u00f3wno wewn\u0105trz i na zewn\u0105trz stacji kolejowej.<\/p>\n","protected":false},"featured_media":8804,"template":"","meta":{"content-type":""},"product_cat":[227,228,229,220],"product_tag":[223,230,232,231,225,224,226],"class_list":{"0":"post-6827","1":"product","2":"type-product","3":"status-publish","4":"has-post-thumbnail","6":"product_cat-dlugi-dystans-pl","7":"product_cat-full-outdoor-pl","8":"product_cat-led-pl","9":"product_cat-semi-outdoor-pl","10":"product_tag-passenger-information-system-pl","11":"product_tag-led-board-pl","12":"product_tag-led-passenger-information-display-pl","13":"product_tag-led-displays-pl","14":"product_tag-railway-displays-pl","15":"product_tag-pid-displays-pl","16":"product_tag-railway-station-displays-pl","17":"pa_technology-led-rgb-led-smd-full-colour-pl","19":"first","20":"instock","21":"shipping-taxable","22":"product-type-external"},"yoast_head":"<!-- This site is optimized with the Yoast SEO plugin v23.9 - https:\/\/yoast.com\/wordpress\/plugins\/seo\/ -->\n<title>Wy\u015bwietlacz G\u0142\u00f3wny Stacyjny LED RGB - Dysten<\/title>\n<meta name=\"description\" content=\"wy\u015bwietlacz g\u0142\u00f3wny stacyjny LED RGB zgodny z IPI 6 PKP PLK, wykonany w technologii LED w pe\u0142nym kolorze, energooszcz\u0119dny WGS\" \/>\n<meta name=\"robots\" content=\"index, follow, max-snippet:-1, max-image-preview:large, max-video-preview:-1\" \/>\n<link rel=\"canonical\" href=\"https:\/\/railway-displays.com\/pl\/produkt\/wyswietlacz-glowny-stacyjny\/\" \/>\n<meta property=\"og:locale\" content=\"pl_PL\" \/>\n<meta property=\"og:type\" content=\"article\" \/>\n<meta property=\"og:title\" content=\"Wy\u015bwietlacz G\u0142\u00f3wny Stacyjny LED RGB - Dysten\" \/>\n<meta property=\"og:description\" content=\"wy\u015bwietlacz g\u0142\u00f3wny stacyjny LED RGB zgodny z IPI 6 PKP PLK, wykonany w technologii LED w pe\u0142nym kolorze, energooszcz\u0119dny WGS\" \/>\n<meta property=\"og:url\" content=\"https:\/\/railway-displays.com\/pl\/produkt\/wyswietlacz-glowny-stacyjny\/\" \/>\n<meta property=\"og:site_name\" content=\"Dysten\" \/>\n<meta property=\"article:modified_time\" content=\"2024-06-18T13:14:13+00:00\" \/>\n<meta property=\"og:image\" content=\"https:\/\/railway-displays.com\/wp-content\/uploads\/2016\/09\/wy\u015bwietlacz-odjazdy-przyjazdy-LED-display-departures-arrivals-railway.jpg\" \/>\n\t<meta property=\"og:image:width\" content=\"800\" \/>\n\t<meta property=\"og:image:height\" content=\"600\" \/>\n\t<meta property=\"og:image:type\" content=\"image\/jpeg\" \/>\n<meta name=\"twitter:card\" content=\"summary_large_image\" \/>\n<meta name=\"twitter:label1\" content=\"Szacowany czas czytania\" \/>\n\t<meta name=\"twitter:data1\" content=\"1 minuta\" \/>\n<script type=\"application\/ld+json\" class=\"yoast-schema-graph\">{\"@context\":\"https:\/\/schema.org\",\"@graph\":[{\"@type\":\"WebPage\",\"@id\":\"https:\/\/railway-displays.com\/pl\/produkt\/wyswietlacz-glowny-stacyjny\/\",\"url\":\"https:\/\/railway-displays.com\/pl\/produkt\/wyswietlacz-glowny-stacyjny\/\",\"name\":\"Wy\u015bwietlacz G\u0142\u00f3wny Stacyjny LED RGB - Dysten\",\"isPartOf\":{\"@id\":\"https:\/\/railway-displays.com\/pl\/#website\"},\"primaryImageOfPage\":{\"@id\":\"https:\/\/railway-displays.com\/pl\/produkt\/wyswietlacz-glowny-stacyjny\/#primaryimage\"},\"image\":{\"@id\":\"https:\/\/railway-displays.com\/pl\/produkt\/wyswietlacz-glowny-stacyjny\/#primaryimage\"},\"thumbnailUrl\":\"https:\/\/railway-displays.com\/wp-content\/uploads\/2016\/09\/wy\u015bwietlacz-odjazdy-przyjazdy-LED-display-departures-arrivals-railway.jpg\",\"datePublished\":\"2016-09-19T13:09:40+00:00\",\"dateModified\":\"2024-06-18T13:14:13+00:00\",\"description\":\"wy\u015bwietlacz g\u0142\u00f3wny stacyjny LED RGB zgodny z IPI 6 PKP PLK, wykonany w technologii LED w pe\u0142nym kolorze, energooszcz\u0119dny WGS\",\"breadcrumb\":{\"@id\":\"https:\/\/railway-displays.com\/pl\/produkt\/wyswietlacz-glowny-stacyjny\/#breadcrumb\"},\"inLanguage\":\"pl-PL\",\"potentialAction\":[{\"@type\":\"ReadAction\",\"target\":[\"https:\/\/railway-displays.com\/pl\/produkt\/wyswietlacz-glowny-stacyjny\/\"]}]},{\"@type\":\"ImageObject\",\"inLanguage\":\"pl-PL\",\"@id\":\"https:\/\/railway-displays.com\/pl\/produkt\/wyswietlacz-glowny-stacyjny\/#primaryimage\",\"url\":\"https:\/\/railway-displays.com\/wp-content\/uploads\/2016\/09\/wy\u015bwietlacz-odjazdy-przyjazdy-LED-display-departures-arrivals-railway.jpg\",\"contentUrl\":\"https:\/\/railway-displays.com\/wp-content\/uploads\/2016\/09\/wy\u015bwietlacz-odjazdy-przyjazdy-LED-display-departures-arrivals-railway.jpg\",\"width\":800,\"height\":600,\"caption\":\"LED displaydepartures arrivals LED railway\"},{\"@type\":\"BreadcrumbList\",\"@id\":\"https:\/\/railway-displays.com\/pl\/produkt\/wyswietlacz-glowny-stacyjny\/#breadcrumb\",\"itemListElement\":[{\"@type\":\"ListItem\",\"position\":1,\"name\":\"Home\",\"item\":\"https:\/\/railway-displays.com\/pl\/\"},{\"@type\":\"ListItem\",\"position\":2,\"name\":\"Products\",\"item\":\"https:\/\/railway-displays.com\/en\/shop\/\"},{\"@type\":\"ListItem\",\"position\":3,\"name\":\"Wy\u015bwietlacz G\u0142\u00f3wny Stacyjny LED RGB\"}]},{\"@type\":\"WebSite\",\"@id\":\"https:\/\/railway-displays.com\/pl\/#website\",\"url\":\"https:\/\/railway-displays.com\/pl\/\",\"name\":\"Dysten\",\"description\":\"dysten\",\"potentialAction\":[{\"@type\":\"SearchAction\",\"target\":{\"@type\":\"EntryPoint\",\"urlTemplate\":\"https:\/\/railway-displays.com\/pl\/?s={search_term_string}\"},\"query-input\":{\"@type\":\"PropertyValueSpecification\",\"valueRequired\":true,\"valueName\":\"search_term_string\"}}],\"inLanguage\":\"pl-PL\"}]}<\/script>\n<!-- \/ Yoast SEO plugin. -->","yoast_head_json":{"title":"Wy\u015bwietlacz G\u0142\u00f3wny Stacyjny LED RGB - Dysten","description":"wy\u015bwietlacz g\u0142\u00f3wny stacyjny LED RGB zgodny z IPI 6 PKP PLK, wykonany w technologii LED w pe\u0142nym kolorze, energooszcz\u0119dny WGS","robots":{"index":"index","follow":"follow","max-snippet":"max-snippet:-1","max-image-preview":"max-image-preview:large","max-video-preview":"max-video-preview:-1"},"canonical":"https:\/\/railway-displays.com\/pl\/produkt\/wyswietlacz-glowny-stacyjny\/","og_locale":"pl_PL","og_type":"article","og_title":"Wy\u015bwietlacz G\u0142\u00f3wny Stacyjny LED RGB - Dysten","og_description":"wy\u015bwietlacz g\u0142\u00f3wny stacyjny LED RGB zgodny z IPI 6 PKP PLK, wykonany w technologii LED w pe\u0142nym kolorze, energooszcz\u0119dny WGS","og_url":"https:\/\/railway-displays.com\/pl\/produkt\/wyswietlacz-glowny-stacyjny\/","og_site_name":"Dysten","article_modified_time":"2024-06-18T13:14:13+00:00","og_image":[{"width":800,"height":600,"url":"https:\/\/railway-displays.com\/wp-content\/uploads\/2016\/09\/wy\u015bwietlacz-odjazdy-przyjazdy-LED-display-departures-arrivals-railway.jpg","type":"image\/jpeg"}],"twitter_card":"summary_large_image","twitter_misc":{"Szacowany czas czytania":"1 minuta"},"schema":{"@context":"https:\/\/schema.org","@graph":[{"@type":"WebPage","@id":"https:\/\/railway-displays.com\/pl\/produkt\/wyswietlacz-glowny-stacyjny\/","url":"https:\/\/railway-displays.com\/pl\/produkt\/wyswietlacz-glowny-stacyjny\/","name":"Wy\u015bwietlacz G\u0142\u00f3wny Stacyjny LED RGB - Dysten","isPartOf":{"@id":"https:\/\/railway-displays.com\/pl\/#website"},"primaryImageOfPage":{"@id":"https:\/\/railway-displays.com\/pl\/produkt\/wyswietlacz-glowny-stacyjny\/#primaryimage"},"image":{"@id":"https:\/\/railway-displays.com\/pl\/produkt\/wyswietlacz-glowny-stacyjny\/#primaryimage"},"thumbnailUrl":"https:\/\/railway-displays.com\/wp-content\/uploads\/2016\/09\/wy\u015bwietlacz-odjazdy-przyjazdy-LED-display-departures-arrivals-railway.jpg","datePublished":"2016-09-19T13:09:40+00:00","dateModified":"2024-06-18T13:14:13+00:00","description":"wy\u015bwietlacz g\u0142\u00f3wny stacyjny LED RGB zgodny z IPI 6 PKP PLK, wykonany w technologii LED w pe\u0142nym kolorze, energooszcz\u0119dny WGS","breadcrumb":{"@id":"https:\/\/railway-displays.com\/pl\/produkt\/wyswietlacz-glowny-stacyjny\/#breadcrumb"},"inLanguage":"pl-PL","potentialAction":[{"@type":"ReadAction","target":["https:\/\/railway-displays.com\/pl\/produkt\/wyswietlacz-glowny-stacyjny\/"]}]},{"@type":"ImageObject","inLanguage":"pl-PL","@id":"https:\/\/railway-displays.com\/pl\/produkt\/wyswietlacz-glowny-stacyjny\/#primaryimage","url":"https:\/\/railway-displays.com\/wp-content\/uploads\/2016\/09\/wy\u015bwietlacz-odjazdy-przyjazdy-LED-display-departures-arrivals-railway.jpg","contentUrl":"https:\/\/railway-displays.com\/wp-content\/uploads\/2016\/09\/wy\u015bwietlacz-odjazdy-przyjazdy-LED-display-departures-arrivals-railway.jpg","width":800,"height":600,"caption":"LED displaydepartures arrivals LED railway"},{"@type":"BreadcrumbList","@id":"https:\/\/railway-displays.com\/pl\/produkt\/wyswietlacz-glowny-stacyjny\/#breadcrumb","itemListElement":[{"@type":"ListItem","position":1,"name":"Home","item":"https:\/\/railway-displays.com\/pl\/"},{"@type":"ListItem","position":2,"name":"Products","item":"https:\/\/railway-displays.com\/en\/shop\/"},{"@type":"ListItem","position":3,"name":"Wy\u015bwietlacz G\u0142\u00f3wny Stacyjny LED RGB"}]},{"@type":"WebSite","@id":"https:\/\/railway-displays.com\/pl\/#website","url":"https:\/\/railway-displays.com\/pl\/","name":"Dysten","description":"dysten","potentialAction":[{"@type":"SearchAction","target":{"@type":"EntryPoint","urlTemplate":"https:\/\/railway-displays.com\/pl\/?s={search_term_string}"},"query-input":{"@type":"PropertyValueSpecification","valueRequired":true,"valueName":"search_term_string"}}],"inLanguage":"pl-PL"}]}},"_links":{"self":[{"href":"https:\/\/railway-displays.com\/pl\/wp-json\/wp\/v2\/product\/6827","targetHints":{"allow":["GET"]}}],"collection":[{"href":"https:\/\/railway-displays.com\/pl\/wp-json\/wp\/v2\/product"}],"about":[{"href":"https:\/\/railway-displays.com\/pl\/wp-json\/wp\/v2\/types\/product"}],"wp:featuredmedia":[{"embeddable":true,"href":"https:\/\/railway-displays.com\/pl\/wp-json\/wp\/v2\/media\/8804"}],"wp:attachment":[{"href":"https:\/\/railway-displays.com\/pl\/wp-json\/wp\/v2\/media?parent=6827"}],"wp:term":[{"taxonomy":"product_cat","embeddable":true,"href":"https:\/\/railway-displays.com\/pl\/wp-json\/wp\/v2\/product_cat?post=6827"},{"taxonomy":"product_tag","embeddable":true,"href":"https:\/\/railway-displays.com\/pl\/wp-json\/wp\/v2\/product_tag?post=6827"}],"curies":[{"name":"wp","href":"https:\/\/api.w.org\/{rel}","templated":true}]}}