{"id":6830,"date":"2020-01-17T15:09:26","date_gmt":"2020-01-17T15:09:26","guid":{"rendered":"http:\/\/railway-displays.com\/product\/timetable-station-display-lcd-tft\/"},"modified":"2025-01-23T12:46:33","modified_gmt":"2025-01-23T12:46:33","slug":"wyswietlacz-zbiorczy-stacyjny-lcd-tft","status":"publish","type":"product","link":"https:\/\/railway-displays.com\/pl\/produkt\/wyswietlacz-zbiorczy-stacyjny-lcd-tft\/","title":{"rendered":"Wy\u015bwietlacz Zbiorczy Stacyjny LCD TFT"},"content":{"rendered":"<div class=\"wpb-content-wrapper\"><p>[vc_row][vc_column][vc_raw_js]JTNDc2NyaXB0JTNFJTBBbGV0JTIwbmV3VGl0bGUlMjAlM0QlMjBkb2N1bWVudC5nZXRFbGVtZW50c0J5Q2xhc3NOYW1lJTI4JTI3ZWx0ZGYtc2luZ2xlLXByb2R1Y3QtdGl0bGUlMjclMjklM0IlMEFpZiUyMCUyOG5ld1RpdGxlJTIwJTI2JTI2JTIwbmV3VGl0bGUubGVuZ3RoJTIwJTNFJTIwMCUyOSUyMCU3QiUwQSUyMG5ld1RpdGxlJTIwJTNEJTIwbmV3VGl0bGUlNUIwJTVELmlubmVyVGV4dCUwQSUyMGlmJTI4ZG9jdW1lbnQucmVhZHlTdGF0ZSUyMCUzRCUzRCUzRCUyMCUyN3JlYWR5JTI3JTIwJTdDJTdDJTIwZG9jdW1lbnQucmVhZHlTdGF0ZSUyMCUzRCUzRCUzRCUyMCUyN2NvbXBsZXRlJTI3JTI5JTIwJTdCJTBBJTIwc2V0VGl0bGUlMjhuZXdUaXRsZSUyOSUzQiUwQSUyMHRyYW5zbGF0ZURlc2NyaXB0aW9uJTI4JTI5JTNCJTBBJTdEJTIwZWxzZSUyMCU3QiUwQSUyMCUyMGRvY3VtZW50Lm9ucmVhZHlzdGF0ZWNoYW5nZSUyMCUzRCUyMGZ1bmN0aW9uJTIwJTI4JTI5JTIwJTdCJTBBJTIwJTIwJTIwJTIwaWYlMjAlMjhkb2N1bWVudC5yZWFkeVN0YXRlJTIwJTNEJTNEJTIwJTIyY29tcGxldGUlMjIlMjklMjAlN0IlMEElMjAlMjAlMjAlMjAlMjAlMjBzZXRUaXRsZSUyOG5ld1RpdGxlJTI5JTNCJTBBJTIwJTIwJTIwJTIwJTIwJTIwdHJhbnNsYXRlRGVzY3JpcHRpb24lMjglMjklMEElMjAlMjAlMjAlMjAlN0QlMEElMjAlMjAlN0QlMEElN0QlMEElN0QlMEElMEFmdW5jdGlvbiUyMHNldFRpdGxlJTI4dGl0bGUlMjklMjAlN0IlMEElMjBkb2N1bWVudC5nZXRFbGVtZW50QnlJZCUyOCUyN3RpdGxlJTI3JTI5LnZhbHVlJTIwJTNEJTIwdGl0bGUlM0IlMEElMjBkb2N1bWVudC5nZXRFbGVtZW50QnlJZCUyOCUyN2NvbnRhY3QtdGV4dCUyNyUyOS52YWx1ZSUyMCUyQiUzRCUyMCUyNyUzQSUyMCUyNyUyMCUyQiUyMHRpdGxlJTNCJTBBJTdEJTBBJTBBZnVuY3Rpb24lMjB0cmFuc2xhdGVEZXNjcmlwdGlvbiUyOCUyOSUyMCU3QiUwQSUyMGNvbnN0JTIwZGVzYyUyMCUzRCUyMGRvY3VtZW50LmdldEVsZW1lbnRzQnlDbGFzc05hbWUlMjglMjdkZXNjcmlwdGlvbl90YWIlMjclMjklM0IlMEElMEElMjBpZiUyMCUyOGRlc2MlMjAlMjYlMjYlMjBkZXNjLmxlbmd0aCUyMCUzRSUyMDAlMjklMjAlN0IlMjAlMEElMjAlMjBjb25zdCUyMHRpdGxlJTIwJTNEJTIwZGVzYyU1QjAlNUQuZ2V0RWxlbWVudHNCeUNsYXNzTmFtZSUyOCUyN2VsdGRmLXRhYi10aXRsZSUyNyUyOSUzQiUwQSUwQSUyMCUyMGlmJTIwJTI4dGl0bGUlMjAlMjYlMjYlMjB0aXRsZS5sZW5ndGglMjAlM0UlMjAwJTI5JTIwJTdCJTBBJTIwJTIwJTIwdGl0bGUlNUIwJTVELmlubmVyVGV4dCUyMCUzRCUyMCUyMk9waXMlMjIlM0IlMEElMjAlMjAlN0QlMEElMjAlN0QlMEElN0QlMEElMEElM0MlMkZzY3JpcHQlM0UlMEE=[\/vc_raw_js][\/vc_column][\/vc_row][vc_row][vc_column][vc_column_text]Wy\u015bwietlacz zbiorczy stacyjny WZS ma takie same zastosowanie jak wy\u015bwietlacz g\u0142\u00f3wny stacyjny. Ma jednak mniejszy gabaryt, wy\u015bwietla mniej wierszy. Montowane s\u0105 dwa wy\u015bwietlacze zbiorcze stacyjne &#8211; na jednym prezentowane s\u0105 najbli\u017csze przyjazdy poci\u0105g\u00f3w, na drugim odjazdy. Wy\u015bwietlacz instalowany w przej\u015bciach pod torami, ci\u0105gach komunikacyjnych stacji oraz na dworcach kolejowych stacji i przystankach osobowych.[\/vc_column_text][\/vc_column][\/vc_row]<\/p>\n<\/div>","protected":false},"excerpt":{"rendered":"<p>Wy\u015bwietlacz Zbiorczy Stacyjny LCD TFT jest podobny do wy\u015bwietlacza g\u0142\u00f3wnego stacyjnego LCD TFT, ale ma mniejszy rozmiar. Dedykowany do stacji obs\u0142uguj\u0105cych mniejszy ruch poci\u0105g\u00f3w w ci\u0105gu dnia lub instalowany w miejscach o mniejszym ruchu pasa\u017cer\u00f3w.<\/p>\n","protected":false},"featured_media":9068,"template":"","meta":{"content-type":""},"product_cat":[227,218,220],"product_tag":[223,222,221,225,224,226],"class_list":{"0":"post-6830","1":"product","2":"type-product","3":"status-publish","4":"has-post-thumbnail","6":"product_cat-dlugi-dystans-pl","7":"product_cat-lcd-tft-pl","8":"product_cat-semi-outdoor-pl","9":"product_tag-passenger-information-system-pl","10":"product_tag-lcd-tft-passenger-information-display-pl","11":"product_tag-lcd-tft-displays-pl","12":"product_tag-railway-displays-pl","13":"product_tag-pid-displays-pl","14":"product_tag-railway-station-displays-pl","16":"first","17":"instock","18":"shipping-taxable","19":"product-type-external"},"yoast_head":"<!-- This site is optimized with the Yoast SEO plugin v23.9 - https:\/\/yoast.com\/wordpress\/plugins\/seo\/ -->\n<title>Wy\u015bwietlacz Zbiorczy Stacyjny LCD TFT - Dysten<\/title>\n<meta name=\"description\" content=\"Wy\u015bwietlacz Zbiorczy Stacyjny LCD TFT pokazuje przyjazdy i odjazdy poci\u0105g\u00f3w, montowany w hali dworca zgodny z IPI6 CASDIP PKP PLK\" \/>\n<meta name=\"robots\" content=\"index, follow, max-snippet:-1, max-image-preview:large, max-video-preview:-1\" \/>\n<link rel=\"canonical\" href=\"https:\/\/railway-displays.com\/pl\/produkt\/wyswietlacz-zbiorczy-stacyjny-lcd-tft\" \/>\n<meta property=\"og:locale\" content=\"pl_PL\" \/>\n<meta property=\"og:type\" content=\"article\" \/>\n<meta property=\"og:title\" content=\"Wy\u015bwietlacz Zbiorczy Stacyjny LCD TFT - Dysten\" \/>\n<meta property=\"og:description\" content=\"Wy\u015bwietlacz Zbiorczy Stacyjny LCD TFT pokazuje przyjazdy i odjazdy poci\u0105g\u00f3w, montowany w hali dworca zgodny z IPI6 CASDIP PKP PLK\" \/>\n<meta property=\"og:url\" content=\"https:\/\/railway-displays.com\/pl\/produkt\/wyswietlacz-zbiorczy-stacyjny-lcd-tft\" \/>\n<meta property=\"og:site_name\" content=\"Dysten\" \/>\n<meta property=\"article:modified_time\" content=\"2025-01-23T12:46:33+00:00\" \/>\n<meta property=\"og:image\" content=\"https:\/\/railway-displays.com\/wp-content\/uploads\/2020\/01\/WZS-55-timetable.jpg\" \/>\n\t<meta property=\"og:image:width\" content=\"671\" \/>\n\t<meta property=\"og:image:height\" content=\"448\" \/>\n\t<meta property=\"og:image:type\" content=\"image\/jpeg\" \/>\n<meta name=\"twitter:card\" content=\"summary_large_image\" \/>\n<meta name=\"twitter:label1\" content=\"Szacowany czas czytania\" \/>\n\t<meta name=\"twitter:data1\" content=\"1 minuta\" \/>\n<script type=\"application\/ld+json\" class=\"yoast-schema-graph\">{\"@context\":\"https:\/\/schema.org\",\"@graph\":[{\"@type\":\"WebPage\",\"@id\":\"https:\/\/railway-displays.com\/pl\/produkt\/wyswietlacz-zbiorczy-stacyjny-lcd-tft\/\",\"url\":\"https:\/\/railway-displays.com\/pl\/produkt\/wyswietlacz-zbiorczy-stacyjny-lcd-tft\",\"name\":\"Wy\u015bwietlacz Zbiorczy Stacyjny LCD TFT - Dysten\",\"isPartOf\":{\"@id\":\"https:\/\/railway-displays.com\/pl\/#website\"},\"primaryImageOfPage\":{\"@id\":\"https:\/\/railway-displays.com\/pl\/produkt\/wyswietlacz-zbiorczy-stacyjny-lcd-tft#primaryimage\"},\"image\":{\"@id\":\"https:\/\/railway-displays.com\/pl\/produkt\/wyswietlacz-zbiorczy-stacyjny-lcd-tft#primaryimage\"},\"thumbnailUrl\":\"https:\/\/railway-displays.com\/wp-content\/uploads\/2020\/01\/WZS-55-timetable.jpg\",\"datePublished\":\"2020-01-17T15:09:26+00:00\",\"dateModified\":\"2025-01-23T12:46:33+00:00\",\"description\":\"Wy\u015bwietlacz Zbiorczy Stacyjny LCD TFT pokazuje przyjazdy i odjazdy poci\u0105g\u00f3w, montowany w hali dworca zgodny z IPI6 CASDIP PKP PLK\",\"breadcrumb\":{\"@id\":\"https:\/\/railway-displays.com\/pl\/produkt\/wyswietlacz-zbiorczy-stacyjny-lcd-tft#breadcrumb\"},\"inLanguage\":\"pl-PL\",\"potentialAction\":[{\"@type\":\"ReadAction\",\"target\":[\"https:\/\/railway-displays.com\/pl\/produkt\/wyswietlacz-zbiorczy-stacyjny-lcd-tft\"]}]},{\"@type\":\"ImageObject\",\"inLanguage\":\"pl-PL\",\"@id\":\"https:\/\/railway-displays.com\/pl\/produkt\/wyswietlacz-zbiorczy-stacyjny-lcd-tft#primaryimage\",\"url\":\"https:\/\/railway-displays.com\/wp-content\/uploads\/2020\/01\/WZS-55-timetable.jpg\",\"contentUrl\":\"https:\/\/railway-displays.com\/wp-content\/uploads\/2020\/01\/WZS-55-timetable.jpg\",\"width\":671,\"height\":448,\"caption\":\"WZS 55 timetable display\"},{\"@type\":\"BreadcrumbList\",\"@id\":\"https:\/\/railway-displays.com\/pl\/produkt\/wyswietlacz-zbiorczy-stacyjny-lcd-tft#breadcrumb\",\"itemListElement\":[{\"@type\":\"ListItem\",\"position\":1,\"name\":\"Home\",\"item\":\"https:\/\/railway-displays.com\/pl\/\"},{\"@type\":\"ListItem\",\"position\":2,\"name\":\"Products\",\"item\":\"https:\/\/railway-displays.com\/en\/shop\/\"},{\"@type\":\"ListItem\",\"position\":3,\"name\":\"Wy\u015bwietlacz Zbiorczy Stacyjny LCD TFT\"}]},{\"@type\":\"WebSite\",\"@id\":\"https:\/\/railway-displays.com\/pl\/#website\",\"url\":\"https:\/\/railway-displays.com\/pl\/\",\"name\":\"Dysten\",\"description\":\"dysten\",\"potentialAction\":[{\"@type\":\"SearchAction\",\"target\":{\"@type\":\"EntryPoint\",\"urlTemplate\":\"https:\/\/railway-displays.com\/pl\/?s={search_term_string}\"},\"query-input\":{\"@type\":\"PropertyValueSpecification\",\"valueRequired\":true,\"valueName\":\"search_term_string\"}}],\"inLanguage\":\"pl-PL\"}]}<\/script>\n<!-- \/ Yoast SEO plugin. -->","yoast_head_json":{"title":"Wy\u015bwietlacz Zbiorczy Stacyjny LCD TFT - Dysten","description":"Wy\u015bwietlacz Zbiorczy Stacyjny LCD TFT pokazuje przyjazdy i odjazdy poci\u0105g\u00f3w, montowany w hali dworca zgodny z IPI6 CASDIP PKP PLK","robots":{"index":"index","follow":"follow","max-snippet":"max-snippet:-1","max-image-preview":"max-image-preview:large","max-video-preview":"max-video-preview:-1"},"canonical":"https:\/\/railway-displays.com\/pl\/produkt\/wyswietlacz-zbiorczy-stacyjny-lcd-tft","og_locale":"pl_PL","og_type":"article","og_title":"Wy\u015bwietlacz Zbiorczy Stacyjny LCD TFT - Dysten","og_description":"Wy\u015bwietlacz Zbiorczy Stacyjny LCD TFT pokazuje przyjazdy i odjazdy poci\u0105g\u00f3w, montowany w hali dworca zgodny z IPI6 CASDIP PKP PLK","og_url":"https:\/\/railway-displays.com\/pl\/produkt\/wyswietlacz-zbiorczy-stacyjny-lcd-tft","og_site_name":"Dysten","article_modified_time":"2025-01-23T12:46:33+00:00","og_image":[{"width":671,"height":448,"url":"https:\/\/railway-displays.com\/wp-content\/uploads\/2020\/01\/WZS-55-timetable.jpg","type":"image\/jpeg"}],"twitter_card":"summary_large_image","twitter_misc":{"Szacowany czas czytania":"1 minuta"},"schema":{"@context":"https:\/\/schema.org","@graph":[{"@type":"WebPage","@id":"https:\/\/railway-displays.com\/pl\/produkt\/wyswietlacz-zbiorczy-stacyjny-lcd-tft\/","url":"https:\/\/railway-displays.com\/pl\/produkt\/wyswietlacz-zbiorczy-stacyjny-lcd-tft","name":"Wy\u015bwietlacz Zbiorczy Stacyjny LCD TFT - Dysten","isPartOf":{"@id":"https:\/\/railway-displays.com\/pl\/#website"},"primaryImageOfPage":{"@id":"https:\/\/railway-displays.com\/pl\/produkt\/wyswietlacz-zbiorczy-stacyjny-lcd-tft#primaryimage"},"image":{"@id":"https:\/\/railway-displays.com\/pl\/produkt\/wyswietlacz-zbiorczy-stacyjny-lcd-tft#primaryimage"},"thumbnailUrl":"https:\/\/railway-displays.com\/wp-content\/uploads\/2020\/01\/WZS-55-timetable.jpg","datePublished":"2020-01-17T15:09:26+00:00","dateModified":"2025-01-23T12:46:33+00:00","description":"Wy\u015bwietlacz Zbiorczy Stacyjny LCD TFT pokazuje przyjazdy i odjazdy poci\u0105g\u00f3w, montowany w hali dworca zgodny z IPI6 CASDIP PKP PLK","breadcrumb":{"@id":"https:\/\/railway-displays.com\/pl\/produkt\/wyswietlacz-zbiorczy-stacyjny-lcd-tft#breadcrumb"},"inLanguage":"pl-PL","potentialAction":[{"@type":"ReadAction","target":["https:\/\/railway-displays.com\/pl\/produkt\/wyswietlacz-zbiorczy-stacyjny-lcd-tft"]}]},{"@type":"ImageObject","inLanguage":"pl-PL","@id":"https:\/\/railway-displays.com\/pl\/produkt\/wyswietlacz-zbiorczy-stacyjny-lcd-tft#primaryimage","url":"https:\/\/railway-displays.com\/wp-content\/uploads\/2020\/01\/WZS-55-timetable.jpg","contentUrl":"https:\/\/railway-displays.com\/wp-content\/uploads\/2020\/01\/WZS-55-timetable.jpg","width":671,"height":448,"caption":"WZS 55 timetable display"},{"@type":"BreadcrumbList","@id":"https:\/\/railway-displays.com\/pl\/produkt\/wyswietlacz-zbiorczy-stacyjny-lcd-tft#breadcrumb","itemListElement":[{"@type":"ListItem","position":1,"name":"Home","item":"https:\/\/railway-displays.com\/pl\/"},{"@type":"ListItem","position":2,"name":"Products","item":"https:\/\/railway-displays.com\/en\/shop\/"},{"@type":"ListItem","position":3,"name":"Wy\u015bwietlacz Zbiorczy Stacyjny LCD TFT"}]},{"@type":"WebSite","@id":"https:\/\/railway-displays.com\/pl\/#website","url":"https:\/\/railway-displays.com\/pl\/","name":"Dysten","description":"dysten","potentialAction":[{"@type":"SearchAction","target":{"@type":"EntryPoint","urlTemplate":"https:\/\/railway-displays.com\/pl\/?s={search_term_string}"},"query-input":{"@type":"PropertyValueSpecification","valueRequired":true,"valueName":"search_term_string"}}],"inLanguage":"pl-PL"}]}},"_links":{"self":[{"href":"https:\/\/railway-displays.com\/pl\/wp-json\/wp\/v2\/product\/6830","targetHints":{"allow":["GET"]}}],"collection":[{"href":"https:\/\/railway-displays.com\/pl\/wp-json\/wp\/v2\/product"}],"about":[{"href":"https:\/\/railway-displays.com\/pl\/wp-json\/wp\/v2\/types\/product"}],"wp:featuredmedia":[{"embeddable":true,"href":"https:\/\/railway-displays.com\/pl\/wp-json\/wp\/v2\/media\/9068"}],"wp:attachment":[{"href":"https:\/\/railway-displays.com\/pl\/wp-json\/wp\/v2\/media?parent=6830"}],"wp:term":[{"taxonomy":"product_cat","embeddable":true,"href":"https:\/\/railway-displays.com\/pl\/wp-json\/wp\/v2\/product_cat?post=6830"},{"taxonomy":"product_tag","embeddable":true,"href":"https:\/\/railway-displays.com\/pl\/wp-json\/wp\/v2\/product_tag?post=6830"}],"curies":[{"name":"wp","href":"https:\/\/api.w.org\/{rel}","templated":true}]}}