{"id":6832,"date":"2020-01-17T15:41:21","date_gmt":"2020-01-17T15:41:21","guid":{"rendered":"http:\/\/railway-displays.com\/product\/platform-display-lcd-tft\/"},"modified":"2024-10-29T18:19:20","modified_gmt":"2024-10-29T18:19:20","slug":"wyswietlacz-peronowy-lcd-tft","status":"publish","type":"product","link":"https:\/\/railway-displays.com\/pl\/produkt\/wyswietlacz-peronowy-lcd-tft\/","title":{"rendered":"Wy\u015bwietlacz Kraw\u0119dziowy LCD TFT"},"content":{"rendered":"<div class=\"wpb-content-wrapper\"><p>[vc_row][vc_column][vc_raw_js]JTNDc2NyaXB0JTNFJTBBbGV0JTIwbmV3VGl0bGUlMjAlM0QlMjBkb2N1bWVudC5nZXRFbGVtZW50c0J5Q2xhc3NOYW1lJTI4JTI3ZWx0ZGYtc2luZ2xlLXByb2R1Y3QtdGl0bGUlMjclMjklM0IlMEFpZiUyMCUyOG5ld1RpdGxlJTIwJTI2JTI2JTIwbmV3VGl0bGUubGVuZ3RoJTIwJTNFJTIwMCUyOSUyMCU3QiUwQSUyMG5ld1RpdGxlJTIwJTNEJTIwbmV3VGl0bGUlNUIwJTVELmlubmVyVGV4dCUwQSUyMGlmJTI4ZG9jdW1lbnQucmVhZHlTdGF0ZSUyMCUzRCUzRCUzRCUyMCUyN3JlYWR5JTI3JTIwJTdDJTdDJTIwZG9jdW1lbnQucmVhZHlTdGF0ZSUyMCUzRCUzRCUzRCUyMCUyN2NvbXBsZXRlJTI3JTI5JTIwJTdCJTBBJTIwc2V0VGl0bGUlMjhuZXdUaXRsZSUyOSUzQiUwQSUyMHRyYW5zbGF0ZURlc2NyaXB0aW9uJTI4JTI5JTNCJTBBJTdEJTIwZWxzZSUyMCU3QiUwQSUyMCUyMGRvY3VtZW50Lm9ucmVhZHlzdGF0ZWNoYW5nZSUyMCUzRCUyMGZ1bmN0aW9uJTIwJTI4JTI5JTIwJTdCJTBBJTIwJTIwJTIwJTIwaWYlMjAlMjhkb2N1bWVudC5yZWFkeVN0YXRlJTIwJTNEJTNEJTIwJTIyY29tcGxldGUlMjIlMjklMjAlN0IlMEElMjAlMjAlMjAlMjAlMjAlMjBzZXRUaXRsZSUyOG5ld1RpdGxlJTI5JTNCJTBBJTIwJTIwJTIwJTIwJTIwJTIwdHJhbnNsYXRlRGVzY3JpcHRpb24lMjglMjklMEElMjAlMjAlMjAlMjAlN0QlMEElMjAlMjAlN0QlMEElN0QlMEElN0QlMEElMEFmdW5jdGlvbiUyMHNldFRpdGxlJTI4dGl0bGUlMjklMjAlN0IlMEElMjBkb2N1bWVudC5nZXRFbGVtZW50QnlJZCUyOCUyN3RpdGxlJTI3JTI5LnZhbHVlJTIwJTNEJTIwdGl0bGUlM0IlMEElMjBkb2N1bWVudC5nZXRFbGVtZW50QnlJZCUyOCUyN2NvbnRhY3QtdGV4dCUyNyUyOS52YWx1ZSUyMCUyQiUzRCUyMCUyNyUzQSUyMCUyNyUyMCUyQiUyMHRpdGxlJTNCJTBBJTdEJTBBJTBBZnVuY3Rpb24lMjB0cmFuc2xhdGVEZXNjcmlwdGlvbiUyOCUyOSUyMCU3QiUwQSUyMGNvbnN0JTIwZGVzYyUyMCUzRCUyMGRvY3VtZW50LmdldEVsZW1lbnRzQnlDbGFzc05hbWUlMjglMjdkZXNjcmlwdGlvbl90YWIlMjclMjklM0IlMEElMEElMjBpZiUyMCUyOGRlc2MlMjAlMjYlMjYlMjBkZXNjLmxlbmd0aCUyMCUzRSUyMDAlMjklMjAlN0IlMjAlMEElMjAlMjBjb25zdCUyMHRpdGxlJTIwJTNEJTIwZGVzYyU1QjAlNUQuZ2V0RWxlbWVudHNCeUNsYXNzTmFtZSUyOCUyN2VsdGRmLXRhYi10aXRsZSUyNyUyOSUzQiUwQSUwQSUyMCUyMGlmJTIwJTI4dGl0bGUlMjAlMjYlMjYlMjB0aXRsZS5sZW5ndGglMjAlM0UlMjAwJTI5JTIwJTdCJTBBJTIwJTIwJTIwdGl0bGUlNUIwJTVELmlubmVyVGV4dCUyMCUzRCUyMCUyMk9waXMlMjIlM0IlMEElMjAlMjAlN0QlMEElMjAlN0QlMEElN0QlMEElMEElM0MlMkZzY3JpcHQlM0UlMEE=[\/vc_raw_js][\/vc_column][\/vc_row][vc_row][vc_column]<div class=\"eltdf-item-showcase-holder clearfix\"><div class=\"eltdf-is-item eltdf-is-left\">\n\t<div class=\"eltdf-is-content\">\n\t\t\t\t\t<h4 class=\"eltdf-is-title\" >\n\t\t\t\t\t\t\t\tDOPASOWANIE\t\t\t\t\t\t\t<\/h4>\n\t\t\t\t\t\t\t<p class=\"eltdf-is-text\" >Dostosowanie rozmiaru ekranu (32&#039;&#039;-55&#039;&#039;) i zaprojektowanie urz\u0105dzenia do Twoich potrzeb. Opcja z zegarem lub bez.<\/p>\n\t\t\t<\/div>\n<\/div><div class=\"eltdf-is-item eltdf-is-left\">\n\t<div class=\"eltdf-is-content\">\n\t\t\t\t\t<h4 class=\"eltdf-is-title\" >\n\t\t\t\t\t\t\t\tWYSOKA JASNO\u015a\u0106\t\t\t\t\t\t\t<\/h4>\n\t\t\t\t\t\t\t<p class=\"eltdf-is-text\" >Do 3000 nit\u00f3w wysokiej jasno\u015bci dla lepszego przegl\u0105dania informacji wraz z wbudowanym czujnikiem jasno\u015bci, kt\u00f3ry modyfikuje jasno\u015b\u0107 ekranu LCD TFT<\/p>\n\t\t\t<\/div>\n<\/div><div class=\"eltdf-is-item eltdf-is-left\">\n\t<div class=\"eltdf-is-content\">\n\t\t\t\t\t<h4 class=\"eltdf-is-title\" >\n\t\t\t\t\t\t\t\tOCHRONA\t\t\t\t\t\t\t<\/h4>\n\t\t\t\t\t\t\t<p class=\"eltdf-is-text\" >Stopie\u0144 ochrony IP42 do IP65, IK07 do IK09 dostosowany do \u015brodowiska i wymaga\u0144 klienta. Czujniki wandaloodporne, kamery na podczerwie\u0144, czujniki zbicia szk\u0142a, czujniki otwarcia obudowy, czujniki wstrz\u0105s\u00f3w itp.<\/p>\n\t\t\t<\/div>\n<\/div><div class=\"eltdf-is-item eltdf-is-right\">\n\t<div class=\"eltdf-is-content\">\n\t\t\t\t\t<h4 class=\"eltdf-is-title\" >\n\t\t\t\t\t\t\t\tOPCJE MONTA\u017bU\t\t\t\t\t\t\t<\/h4>\n\t\t\t\t\t\t\t<p class=\"eltdf-is-text\" >Monta\u017c na \u015bcianach, dachach peron\u00f3w lub wspornikach podest\u00f3w. Producent mo\u017ce dostarczy\u0107 wy\u015bwietlacz wraz z s\u0142upem, konstrukcj\u0105 wsporcz\u0105. Wy\u015bwietlacze peronowe produkowane w wersji jednostronnej lub dwustronnej. Monta\u017c pod k\u0105tem, monta\u017c w kszta\u0142cie litery V<\/p>\n\t\t\t<\/div>\n<\/div><div class=\"eltdf-is-item eltdf-is-right\">\n\t<div class=\"eltdf-is-content\">\n\t\t\t\t\t<h4 class=\"eltdf-is-title\" >\n\t\t\t\t\t\t\t\tWYSOKA ROZDZIELCZO\u015a\u0106\t\t\t\t\t\t\t<\/h4>\n\t\t\t\t\t\t\t<p class=\"eltdf-is-text\" >Mo\u017cliwo\u015b\u0107 wy\u015bwietlania dowolnego kolorowego formatu wideo, animacji, grafiki lub rozk\u0142adu jazdy.<\/p>\n\t\t\t<\/div>\n<\/div><div class=\"eltdf-is-item eltdf-is-right\">\n\t<div class=\"eltdf-is-content\">\n\t\t\t\t\t<h4 class=\"eltdf-is-title\" >\n\t\t\t\t\t\t\t\tCZAS PRACY\t\t\t\t\t\t\t<\/h4>\n\t\t\t\t\t\t\t<p class=\"eltdf-is-text\" >\u017bywotno\u015b\u0107 wynosz\u0105ca pi\u0119\u0107 lat, MTBF wynosz\u0105cy osiem milion\u00f3w godzin. Mo\u017cliwo\u015b\u0107 odnowienia gwarancji.<\/p>\n\t\t\t<\/div>\n<\/div><div class=\"eltdf-is-image\" style=\"margin-top: 50px\"><img width=\"392\" height=\"414\" src=\"https:\/\/railway-displays.com\/wp-content\/uploads\/2020\/01\/double-side-patform-display-with-clock-1.jpg\" class=\"attachment-full size-full\" alt=\"platform display next train with free standing construction\" srcset=\"https:\/\/railway-displays.com\/wp-content\/uploads\/2020\/01\/double-side-patform-display-with-clock-1.jpg 392w, https:\/\/railway-displays.com\/wp-content\/uploads\/2020\/01\/double-side-patform-display-with-clock-1-284x300.jpg 284w\" sizes=\"(max-width: 392px) 100vw, 392px\" \/><\/div><\/div>[\/vc_column][\/vc_row]<\/p>\n<\/div>","protected":false},"excerpt":{"rendered":"<p>Wysokiej jasno\u015bci monitor LCD TFT dedykowany do instalacji na peronach. Wy\u015bwietlacz peronowy LCD TFT jest odporny na warunki zewn\u0119trzne, takie jak \u015bnieg, woda, \u015bwiat\u0142o s\u0142oneczne, wysokie i niskie temperatury<\/p>\n","protected":false},"featured_media":11080,"template":"","meta":{"content-type":""},"product_cat":[227,228,218],"product_tag":[223,222,221,225,234,224],"class_list":{"0":"post-6832","1":"product","2":"type-product","3":"status-publish","4":"has-post-thumbnail","6":"product_cat-dlugi-dystans-pl","7":"product_cat-full-outdoor-pl","8":"product_cat-lcd-tft-pl","9":"product_tag-passenger-information-system-pl","10":"product_tag-lcd-tft-passenger-information-display-pl","11":"product_tag-lcd-tft-displays-pl","12":"product_tag-railway-displays-pl","13":"product_tag-platform-displays-pl","14":"product_tag-pid-displays-pl","16":"first","17":"instock","18":"shipping-taxable","19":"product-type-external"},"yoast_head":"<!-- This site is optimized with the Yoast SEO plugin v23.9 - https:\/\/yoast.com\/wordpress\/plugins\/seo\/ -->\n<title>Wy\u015bwietlacz Kraw\u0119dziowy LCD TFT - Dysten<\/title>\n<meta name=\"description\" content=\"wy\u015bwietlacz peronowy w technologii LCD TFT monitor wysokiej jasno\u015bci, wysokie IP, IK, dedykowany dla kolei zgodny z IPI6 PKP PLK\" \/>\n<meta name=\"robots\" content=\"index, follow, max-snippet:-1, max-image-preview:large, max-video-preview:-1\" \/>\n<link rel=\"canonical\" href=\"https:\/\/railway-displays.com\/pl\/produkt\/wyswietlacz-peronowy-lcd-tft\/\" \/>\n<meta property=\"og:locale\" content=\"pl_PL\" \/>\n<meta property=\"og:type\" content=\"article\" \/>\n<meta property=\"og:title\" content=\"Wy\u015bwietlacz Kraw\u0119dziowy LCD TFT - Dysten\" \/>\n<meta property=\"og:description\" content=\"wy\u015bwietlacz peronowy w technologii LCD TFT monitor wysokiej jasno\u015bci, wysokie IP, IK, dedykowany dla kolei zgodny z IPI6 PKP PLK\" \/>\n<meta property=\"og:url\" content=\"https:\/\/railway-displays.com\/pl\/produkt\/wyswietlacz-peronowy-lcd-tft\/\" \/>\n<meta property=\"og:site_name\" content=\"Dysten\" \/>\n<meta property=\"article:modified_time\" content=\"2024-10-29T18:19:20+00:00\" \/>\n<meta property=\"og:image\" content=\"https:\/\/railway-displays.com\/wp-content\/uploads\/2022\/06\/platform-display-tablica-peronowa-edited.jpg\" \/>\n\t<meta property=\"og:image:width\" content=\"882\" \/>\n\t<meta property=\"og:image:height\" content=\"588\" \/>\n\t<meta property=\"og:image:type\" content=\"image\/jpeg\" \/>\n<meta name=\"twitter:card\" content=\"summary_large_image\" \/>\n<meta name=\"twitter:label1\" content=\"Szacowany czas czytania\" \/>\n\t<meta name=\"twitter:data1\" content=\"1 minuta\" \/>\n<script type=\"application\/ld+json\" class=\"yoast-schema-graph\">{\"@context\":\"https:\/\/schema.org\",\"@graph\":[{\"@type\":\"WebPage\",\"@id\":\"https:\/\/railway-displays.com\/pl\/produkt\/wyswietlacz-peronowy-lcd-tft\/\",\"url\":\"https:\/\/railway-displays.com\/pl\/produkt\/wyswietlacz-peronowy-lcd-tft\/\",\"name\":\"Wy\u015bwietlacz Kraw\u0119dziowy LCD TFT - Dysten\",\"isPartOf\":{\"@id\":\"https:\/\/railway-displays.com\/pl\/#website\"},\"primaryImageOfPage\":{\"@id\":\"https:\/\/railway-displays.com\/pl\/produkt\/wyswietlacz-peronowy-lcd-tft\/#primaryimage\"},\"image\":{\"@id\":\"https:\/\/railway-displays.com\/pl\/produkt\/wyswietlacz-peronowy-lcd-tft\/#primaryimage\"},\"thumbnailUrl\":\"https:\/\/railway-displays.com\/wp-content\/uploads\/2022\/06\/platform-display-tablica-peronowa-edited.jpg\",\"datePublished\":\"2020-01-17T15:41:21+00:00\",\"dateModified\":\"2024-10-29T18:19:20+00:00\",\"description\":\"wy\u015bwietlacz peronowy w technologii LCD TFT monitor wysokiej jasno\u015bci, wysokie IP, IK, dedykowany dla kolei zgodny z IPI6 PKP PLK\",\"breadcrumb\":{\"@id\":\"https:\/\/railway-displays.com\/pl\/produkt\/wyswietlacz-peronowy-lcd-tft\/#breadcrumb\"},\"inLanguage\":\"pl-PL\",\"potentialAction\":[{\"@type\":\"ReadAction\",\"target\":[\"https:\/\/railway-displays.com\/pl\/produkt\/wyswietlacz-peronowy-lcd-tft\/\"]}]},{\"@type\":\"ImageObject\",\"inLanguage\":\"pl-PL\",\"@id\":\"https:\/\/railway-displays.com\/pl\/produkt\/wyswietlacz-peronowy-lcd-tft\/#primaryimage\",\"url\":\"https:\/\/railway-displays.com\/wp-content\/uploads\/2022\/06\/platform-display-tablica-peronowa-edited.jpg\",\"contentUrl\":\"https:\/\/railway-displays.com\/wp-content\/uploads\/2022\/06\/platform-display-tablica-peronowa-edited.jpg\",\"width\":882,\"height\":588,\"caption\":\"Wy\u015bwietlacz kraw\u0119dziowy peronowy\"},{\"@type\":\"BreadcrumbList\",\"@id\":\"https:\/\/railway-displays.com\/pl\/produkt\/wyswietlacz-peronowy-lcd-tft\/#breadcrumb\",\"itemListElement\":[{\"@type\":\"ListItem\",\"position\":1,\"name\":\"Home\",\"item\":\"https:\/\/railway-displays.com\/pl\/\"},{\"@type\":\"ListItem\",\"position\":2,\"name\":\"Products\",\"item\":\"https:\/\/railway-displays.com\/en\/shop\/\"},{\"@type\":\"ListItem\",\"position\":3,\"name\":\"Wy\u015bwietlacz Kraw\u0119dziowy LCD TFT\"}]},{\"@type\":\"WebSite\",\"@id\":\"https:\/\/railway-displays.com\/pl\/#website\",\"url\":\"https:\/\/railway-displays.com\/pl\/\",\"name\":\"Dysten\",\"description\":\"dysten\",\"potentialAction\":[{\"@type\":\"SearchAction\",\"target\":{\"@type\":\"EntryPoint\",\"urlTemplate\":\"https:\/\/railway-displays.com\/pl\/?s={search_term_string}\"},\"query-input\":{\"@type\":\"PropertyValueSpecification\",\"valueRequired\":true,\"valueName\":\"search_term_string\"}}],\"inLanguage\":\"pl-PL\"}]}<\/script>\n<!-- \/ Yoast SEO plugin. -->","yoast_head_json":{"title":"Wy\u015bwietlacz Kraw\u0119dziowy LCD TFT - Dysten","description":"wy\u015bwietlacz peronowy w technologii LCD TFT monitor wysokiej jasno\u015bci, wysokie IP, IK, dedykowany dla kolei zgodny z IPI6 PKP PLK","robots":{"index":"index","follow":"follow","max-snippet":"max-snippet:-1","max-image-preview":"max-image-preview:large","max-video-preview":"max-video-preview:-1"},"canonical":"https:\/\/railway-displays.com\/pl\/produkt\/wyswietlacz-peronowy-lcd-tft\/","og_locale":"pl_PL","og_type":"article","og_title":"Wy\u015bwietlacz Kraw\u0119dziowy LCD TFT - Dysten","og_description":"wy\u015bwietlacz peronowy w technologii LCD TFT monitor wysokiej jasno\u015bci, wysokie IP, IK, dedykowany dla kolei zgodny z IPI6 PKP PLK","og_url":"https:\/\/railway-displays.com\/pl\/produkt\/wyswietlacz-peronowy-lcd-tft\/","og_site_name":"Dysten","article_modified_time":"2024-10-29T18:19:20+00:00","og_image":[{"width":882,"height":588,"url":"https:\/\/railway-displays.com\/wp-content\/uploads\/2022\/06\/platform-display-tablica-peronowa-edited.jpg","type":"image\/jpeg"}],"twitter_card":"summary_large_image","twitter_misc":{"Szacowany czas czytania":"1 minuta"},"schema":{"@context":"https:\/\/schema.org","@graph":[{"@type":"WebPage","@id":"https:\/\/railway-displays.com\/pl\/produkt\/wyswietlacz-peronowy-lcd-tft\/","url":"https:\/\/railway-displays.com\/pl\/produkt\/wyswietlacz-peronowy-lcd-tft\/","name":"Wy\u015bwietlacz Kraw\u0119dziowy LCD TFT - Dysten","isPartOf":{"@id":"https:\/\/railway-displays.com\/pl\/#website"},"primaryImageOfPage":{"@id":"https:\/\/railway-displays.com\/pl\/produkt\/wyswietlacz-peronowy-lcd-tft\/#primaryimage"},"image":{"@id":"https:\/\/railway-displays.com\/pl\/produkt\/wyswietlacz-peronowy-lcd-tft\/#primaryimage"},"thumbnailUrl":"https:\/\/railway-displays.com\/wp-content\/uploads\/2022\/06\/platform-display-tablica-peronowa-edited.jpg","datePublished":"2020-01-17T15:41:21+00:00","dateModified":"2024-10-29T18:19:20+00:00","description":"wy\u015bwietlacz peronowy w technologii LCD TFT monitor wysokiej jasno\u015bci, wysokie IP, IK, dedykowany dla kolei zgodny z IPI6 PKP PLK","breadcrumb":{"@id":"https:\/\/railway-displays.com\/pl\/produkt\/wyswietlacz-peronowy-lcd-tft\/#breadcrumb"},"inLanguage":"pl-PL","potentialAction":[{"@type":"ReadAction","target":["https:\/\/railway-displays.com\/pl\/produkt\/wyswietlacz-peronowy-lcd-tft\/"]}]},{"@type":"ImageObject","inLanguage":"pl-PL","@id":"https:\/\/railway-displays.com\/pl\/produkt\/wyswietlacz-peronowy-lcd-tft\/#primaryimage","url":"https:\/\/railway-displays.com\/wp-content\/uploads\/2022\/06\/platform-display-tablica-peronowa-edited.jpg","contentUrl":"https:\/\/railway-displays.com\/wp-content\/uploads\/2022\/06\/platform-display-tablica-peronowa-edited.jpg","width":882,"height":588,"caption":"Wy\u015bwietlacz kraw\u0119dziowy peronowy"},{"@type":"BreadcrumbList","@id":"https:\/\/railway-displays.com\/pl\/produkt\/wyswietlacz-peronowy-lcd-tft\/#breadcrumb","itemListElement":[{"@type":"ListItem","position":1,"name":"Home","item":"https:\/\/railway-displays.com\/pl\/"},{"@type":"ListItem","position":2,"name":"Products","item":"https:\/\/railway-displays.com\/en\/shop\/"},{"@type":"ListItem","position":3,"name":"Wy\u015bwietlacz Kraw\u0119dziowy LCD TFT"}]},{"@type":"WebSite","@id":"https:\/\/railway-displays.com\/pl\/#website","url":"https:\/\/railway-displays.com\/pl\/","name":"Dysten","description":"dysten","potentialAction":[{"@type":"SearchAction","target":{"@type":"EntryPoint","urlTemplate":"https:\/\/railway-displays.com\/pl\/?s={search_term_string}"},"query-input":{"@type":"PropertyValueSpecification","valueRequired":true,"valueName":"search_term_string"}}],"inLanguage":"pl-PL"}]}},"_links":{"self":[{"href":"https:\/\/railway-displays.com\/pl\/wp-json\/wp\/v2\/product\/6832","targetHints":{"allow":["GET"]}}],"collection":[{"href":"https:\/\/railway-displays.com\/pl\/wp-json\/wp\/v2\/product"}],"about":[{"href":"https:\/\/railway-displays.com\/pl\/wp-json\/wp\/v2\/types\/product"}],"wp:featuredmedia":[{"embeddable":true,"href":"https:\/\/railway-displays.com\/pl\/wp-json\/wp\/v2\/media\/11080"}],"wp:attachment":[{"href":"https:\/\/railway-displays.com\/pl\/wp-json\/wp\/v2\/media?parent=6832"}],"wp:term":[{"taxonomy":"product_cat","embeddable":true,"href":"https:\/\/railway-displays.com\/pl\/wp-json\/wp\/v2\/product_cat?post=6832"},{"taxonomy":"product_tag","embeddable":true,"href":"https:\/\/railway-displays.com\/pl\/wp-json\/wp\/v2\/product_tag?post=6832"}],"curies":[{"name":"wp","href":"https:\/\/api.w.org\/{rel}","templated":true}]}}