{"id":6834,"date":"2020-01-17T15:55:46","date_gmt":"2020-01-17T15:55:46","guid":{"rendered":"http:\/\/railway-displays.com\/product\/platform-display-led-rgb\/"},"modified":"2025-01-23T12:39:14","modified_gmt":"2025-01-23T12:39:14","slug":"tablica-peronowa-led-rgb","status":"publish","type":"product","link":"https:\/\/railway-displays.com\/pl\/produkt\/tablica-peronowa-led-rgb\/","title":{"rendered":"Tablica Peronowa LED RGB"},"content":{"rendered":"<div class=\"wpb-content-wrapper\"><p>[vc_row][vc_column][vc_raw_js]JTNDc2NyaXB0JTNFJTBBbGV0JTIwbmV3VGl0bGUlMjAlM0QlMjBkb2N1bWVudC5nZXRFbGVtZW50c0J5Q2xhc3NOYW1lJTI4JTI3ZWx0ZGYtc2luZ2xlLXByb2R1Y3QtdGl0bGUlMjclMjklM0IlMEFpZiUyMCUyOG5ld1RpdGxlJTIwJTI2JTI2JTIwbmV3VGl0bGUubGVuZ3RoJTIwJTNFJTIwMCUyOSUyMCU3QiUwQSUyMG5ld1RpdGxlJTIwJTNEJTIwbmV3VGl0bGUlNUIwJTVELmlubmVyVGV4dCUwQSUyMGlmJTI4ZG9jdW1lbnQucmVhZHlTdGF0ZSUyMCUzRCUzRCUzRCUyMCUyN3JlYWR5JTI3JTIwJTdDJTdDJTIwZG9jdW1lbnQucmVhZHlTdGF0ZSUyMCUzRCUzRCUzRCUyMCUyN2NvbXBsZXRlJTI3JTI5JTIwJTdCJTBBJTIwc2V0VGl0bGUlMjhuZXdUaXRsZSUyOSUzQiUwQSUyMHRyYW5zbGF0ZURlc2NyaXB0aW9uJTI4JTI5JTNCJTBBJTdEJTIwZWxzZSUyMCU3QiUwQSUyMCUyMGRvY3VtZW50Lm9ucmVhZHlzdGF0ZWNoYW5nZSUyMCUzRCUyMGZ1bmN0aW9uJTIwJTI4JTI5JTIwJTdCJTBBJTIwJTIwJTIwJTIwaWYlMjAlMjhkb2N1bWVudC5yZWFkeVN0YXRlJTIwJTNEJTNEJTIwJTIyY29tcGxldGUlMjIlMjklMjAlN0IlMEElMjAlMjAlMjAlMjAlMjAlMjBzZXRUaXRsZSUyOG5ld1RpdGxlJTI5JTNCJTBBJTIwJTIwJTIwJTIwJTIwJTIwdHJhbnNsYXRlRGVzY3JpcHRpb24lMjglMjklMEElMjAlMjAlMjAlMjAlN0QlMEElMjAlMjAlN0QlMEElN0QlMEElN0QlMEElMEFmdW5jdGlvbiUyMHNldFRpdGxlJTI4dGl0bGUlMjklMjAlN0IlMEElMjBkb2N1bWVudC5nZXRFbGVtZW50QnlJZCUyOCUyN3RpdGxlJTI3JTI5LnZhbHVlJTIwJTNEJTIwdGl0bGUlM0IlMEElMjBkb2N1bWVudC5nZXRFbGVtZW50QnlJZCUyOCUyN2NvbnRhY3QtdGV4dCUyNyUyOS52YWx1ZSUyMCUyQiUzRCUyMCUyNyUzQSUyMCUyNyUyMCUyQiUyMHRpdGxlJTNCJTBBJTdEJTBBJTBBZnVuY3Rpb24lMjB0cmFuc2xhdGVEZXNjcmlwdGlvbiUyOCUyOSUyMCU3QiUwQSUyMGNvbnN0JTIwZGVzYyUyMCUzRCUyMGRvY3VtZW50LmdldEVsZW1lbnRzQnlDbGFzc05hbWUlMjglMjdkZXNjcmlwdGlvbl90YWIlMjclMjklM0IlMEElMEElMjBpZiUyMCUyOGRlc2MlMjAlMjYlMjYlMjBkZXNjLmxlbmd0aCUyMCUzRSUyMDAlMjklMjAlN0IlMjAlMEElMjAlMjBjb25zdCUyMHRpdGxlJTIwJTNEJTIwZGVzYyU1QjAlNUQuZ2V0RWxlbWVudHNCeUNsYXNzTmFtZSUyOCUyN2VsdGRmLXRhYi10aXRsZSUyNyUyOSUzQiUwQSUwQSUyMCUyMGlmJTIwJTI4dGl0bGUlMjAlMjYlMjYlMjB0aXRsZS5sZW5ndGglMjAlM0UlMjAwJTI5JTIwJTdCJTBBJTIwJTIwJTIwdGl0bGUlNUIwJTVELmlubmVyVGV4dCUyMCUzRCUyMCUyMk9waXMlMjIlM0IlMEElMjAlMjAlN0QlMEElMjAlN0QlMEElN0QlMEElMEElM0MlMkZzY3JpcHQlM0UlMEE=[\/vc_raw_js][\/vc_column][\/vc_row][vc_row][vc_column][vc_column_text]Tablice peronowe LED Amber oraz LED RGB (pe\u0142no kolorowe) prezentuj\u0105 informacj\u0119 o odje\u017adzie pojazdu. Stosowane zar\u00f3wno na kolei jak i w transporcie miejskim. Mo\u017cliwo\u015b\u0107 dostosowania ekranu do wymog\u00f3w zamawiaj\u0105cego.<\/p>\n<p>Tablice peronowe LED maj\u0105 silne zabezpieczenia IP i IK &#8211; dobrze sprawdzaj\u0105 si\u0119 w takich warunkach jak wahania pogody, deszcz, \u015bnieg, piasek, kurz, zanieczyszczenia, uderzenia, wstrz\u0105sy.[\/vc_column_text][\/vc_column][\/vc_row]<\/p>\n<\/div>","protected":false},"excerpt":{"rendered":"<p><span style=\"font-size: medium;\">Wy\u015bwietlacz peronowy dedykowany do instalacji zewn\u0119trznych przy torach. Wysoka ochrona przed warunkami atmosferycznymi oraz mocno \u015bwiec\u0105ce diody LED sprawdzaj\u0105ce si\u0119 przy pe\u0142nej ekspozycji na \u015bwiat\u0142o s\u0142oneczne. Dowolno\u015b\u0107 wy\u015bwietlania tre\u015bci dzi\u0119ki zastosowaniu diod LED RGB (pe\u0142ny zakres kolor\u00f3w)<\/span><\/p>\n","protected":false},"featured_media":15040,"template":"","meta":{"content-type":""},"product_cat":[227,228,229],"product_tag":[223,232,231,225,234,224],"class_list":{"0":"post-6834","1":"product","2":"type-product","3":"status-publish","4":"has-post-thumbnail","6":"product_cat-dlugi-dystans-pl","7":"product_cat-full-outdoor-pl","8":"product_cat-led-pl","9":"product_tag-passenger-information-system-pl","10":"product_tag-led-passenger-information-display-pl","11":"product_tag-led-displays-pl","12":"product_tag-railway-displays-pl","13":"product_tag-platform-displays-pl","14":"product_tag-pid-displays-pl","16":"first","17":"instock","18":"shipping-taxable","19":"product-type-external"},"yoast_head":"<!-- This site is optimized with the Yoast SEO plugin v23.9 - https:\/\/yoast.com\/wordpress\/plugins\/seo\/ -->\n<title>Tablica peronowa LED RGB odjazd\u00f3w pojazdu<\/title>\n<meta name=\"description\" content=\"Tablica peronowa LED RGB odjazd\u00f3w poci\u0105gu, tramwaju, metra czy autobusu. Informuje o czasie odjazdu, numerze linii, poci\u0105gu, trasie\" \/>\n<meta name=\"robots\" content=\"index, follow, max-snippet:-1, max-image-preview:large, max-video-preview:-1\" \/>\n<link rel=\"canonical\" href=\"https:\/\/railway-displays.com\/pl\/produkt\/tablica-peronowa-led-rgb\/\" \/>\n<meta property=\"og:locale\" content=\"pl_PL\" \/>\n<meta property=\"og:type\" content=\"article\" \/>\n<meta property=\"og:title\" content=\"Tablica peronowa LED RGB odjazd\u00f3w pojazdu\" \/>\n<meta property=\"og:description\" content=\"Tablica peronowa LED RGB odjazd\u00f3w poci\u0105gu, tramwaju, metra czy autobusu. Informuje o czasie odjazdu, numerze linii, poci\u0105gu, trasie\" \/>\n<meta property=\"og:url\" content=\"https:\/\/railway-displays.com\/pl\/produkt\/tablica-peronowa-led-rgb\/\" \/>\n<meta property=\"og:site_name\" content=\"Dysten\" \/>\n<meta property=\"article:modified_time\" content=\"2025-01-23T12:39:14+00:00\" \/>\n<meta property=\"og:image\" content=\"https:\/\/railway-displays.com\/wp-content\/uploads\/2020\/01\/ZG-centrum-przesiadkowe_NKN8504-OK.jpg\" \/>\n\t<meta property=\"og:image:width\" content=\"1920\" \/>\n\t<meta property=\"og:image:height\" content=\"1280\" \/>\n\t<meta property=\"og:image:type\" content=\"image\/jpeg\" \/>\n<meta name=\"twitter:card\" content=\"summary_large_image\" \/>\n<meta name=\"twitter:label1\" content=\"Szacowany czas czytania\" \/>\n\t<meta name=\"twitter:data1\" content=\"1 minuta\" \/>\n<script type=\"application\/ld+json\" class=\"yoast-schema-graph\">{\"@context\":\"https:\/\/schema.org\",\"@graph\":[{\"@type\":\"WebPage\",\"@id\":\"https:\/\/railway-displays.com\/pl\/produkt\/tablica-peronowa-led-rgb\/\",\"url\":\"https:\/\/railway-displays.com\/pl\/produkt\/tablica-peronowa-led-rgb\/\",\"name\":\"Tablica peronowa LED RGB odjazd\u00f3w pojazdu\",\"isPartOf\":{\"@id\":\"https:\/\/railway-displays.com\/pl\/#website\"},\"primaryImageOfPage\":{\"@id\":\"https:\/\/railway-displays.com\/pl\/produkt\/tablica-peronowa-led-rgb\/#primaryimage\"},\"image\":{\"@id\":\"https:\/\/railway-displays.com\/pl\/produkt\/tablica-peronowa-led-rgb\/#primaryimage\"},\"thumbnailUrl\":\"https:\/\/railway-displays.com\/wp-content\/uploads\/2020\/01\/ZG-centrum-przesiadkowe_NKN8504-OK.jpg\",\"datePublished\":\"2020-01-17T15:55:46+00:00\",\"dateModified\":\"2025-01-23T12:39:14+00:00\",\"description\":\"Tablica peronowa LED RGB odjazd\u00f3w poci\u0105gu, tramwaju, metra czy autobusu. Informuje o czasie odjazdu, numerze linii, poci\u0105gu, trasie\",\"breadcrumb\":{\"@id\":\"https:\/\/railway-displays.com\/pl\/produkt\/tablica-peronowa-led-rgb\/#breadcrumb\"},\"inLanguage\":\"pl-PL\",\"potentialAction\":[{\"@type\":\"ReadAction\",\"target\":[\"https:\/\/railway-displays.com\/pl\/produkt\/tablica-peronowa-led-rgb\/\"]}]},{\"@type\":\"ImageObject\",\"inLanguage\":\"pl-PL\",\"@id\":\"https:\/\/railway-displays.com\/pl\/produkt\/tablica-peronowa-led-rgb\/#primaryimage\",\"url\":\"https:\/\/railway-displays.com\/wp-content\/uploads\/2020\/01\/ZG-centrum-przesiadkowe_NKN8504-OK.jpg\",\"contentUrl\":\"https:\/\/railway-displays.com\/wp-content\/uploads\/2020\/01\/ZG-centrum-przesiadkowe_NKN8504-OK.jpg\",\"width\":1920,\"height\":1280,\"caption\":\"LED departures board\"},{\"@type\":\"BreadcrumbList\",\"@id\":\"https:\/\/railway-displays.com\/pl\/produkt\/tablica-peronowa-led-rgb\/#breadcrumb\",\"itemListElement\":[{\"@type\":\"ListItem\",\"position\":1,\"name\":\"Home\",\"item\":\"https:\/\/railway-displays.com\/pl\/\"},{\"@type\":\"ListItem\",\"position\":2,\"name\":\"Products\",\"item\":\"https:\/\/railway-displays.com\/en\/shop\/\"},{\"@type\":\"ListItem\",\"position\":3,\"name\":\"Tablica Peronowa LED RGB\"}]},{\"@type\":\"WebSite\",\"@id\":\"https:\/\/railway-displays.com\/pl\/#website\",\"url\":\"https:\/\/railway-displays.com\/pl\/\",\"name\":\"Dysten\",\"description\":\"dysten\",\"potentialAction\":[{\"@type\":\"SearchAction\",\"target\":{\"@type\":\"EntryPoint\",\"urlTemplate\":\"https:\/\/railway-displays.com\/pl\/?s={search_term_string}\"},\"query-input\":{\"@type\":\"PropertyValueSpecification\",\"valueRequired\":true,\"valueName\":\"search_term_string\"}}],\"inLanguage\":\"pl-PL\"}]}<\/script>\n<!-- \/ Yoast SEO plugin. -->","yoast_head_json":{"title":"Tablica peronowa LED RGB odjazd\u00f3w pojazdu","description":"Tablica peronowa LED RGB odjazd\u00f3w poci\u0105gu, tramwaju, metra czy autobusu. Informuje o czasie odjazdu, numerze linii, poci\u0105gu, trasie","robots":{"index":"index","follow":"follow","max-snippet":"max-snippet:-1","max-image-preview":"max-image-preview:large","max-video-preview":"max-video-preview:-1"},"canonical":"https:\/\/railway-displays.com\/pl\/produkt\/tablica-peronowa-led-rgb\/","og_locale":"pl_PL","og_type":"article","og_title":"Tablica peronowa LED RGB odjazd\u00f3w pojazdu","og_description":"Tablica peronowa LED RGB odjazd\u00f3w poci\u0105gu, tramwaju, metra czy autobusu. Informuje o czasie odjazdu, numerze linii, poci\u0105gu, trasie","og_url":"https:\/\/railway-displays.com\/pl\/produkt\/tablica-peronowa-led-rgb\/","og_site_name":"Dysten","article_modified_time":"2025-01-23T12:39:14+00:00","og_image":[{"width":1920,"height":1280,"url":"https:\/\/railway-displays.com\/wp-content\/uploads\/2020\/01\/ZG-centrum-przesiadkowe_NKN8504-OK.jpg","type":"image\/jpeg"}],"twitter_card":"summary_large_image","twitter_misc":{"Szacowany czas czytania":"1 minuta"},"schema":{"@context":"https:\/\/schema.org","@graph":[{"@type":"WebPage","@id":"https:\/\/railway-displays.com\/pl\/produkt\/tablica-peronowa-led-rgb\/","url":"https:\/\/railway-displays.com\/pl\/produkt\/tablica-peronowa-led-rgb\/","name":"Tablica peronowa LED RGB odjazd\u00f3w pojazdu","isPartOf":{"@id":"https:\/\/railway-displays.com\/pl\/#website"},"primaryImageOfPage":{"@id":"https:\/\/railway-displays.com\/pl\/produkt\/tablica-peronowa-led-rgb\/#primaryimage"},"image":{"@id":"https:\/\/railway-displays.com\/pl\/produkt\/tablica-peronowa-led-rgb\/#primaryimage"},"thumbnailUrl":"https:\/\/railway-displays.com\/wp-content\/uploads\/2020\/01\/ZG-centrum-przesiadkowe_NKN8504-OK.jpg","datePublished":"2020-01-17T15:55:46+00:00","dateModified":"2025-01-23T12:39:14+00:00","description":"Tablica peronowa LED RGB odjazd\u00f3w poci\u0105gu, tramwaju, metra czy autobusu. Informuje o czasie odjazdu, numerze linii, poci\u0105gu, trasie","breadcrumb":{"@id":"https:\/\/railway-displays.com\/pl\/produkt\/tablica-peronowa-led-rgb\/#breadcrumb"},"inLanguage":"pl-PL","potentialAction":[{"@type":"ReadAction","target":["https:\/\/railway-displays.com\/pl\/produkt\/tablica-peronowa-led-rgb\/"]}]},{"@type":"ImageObject","inLanguage":"pl-PL","@id":"https:\/\/railway-displays.com\/pl\/produkt\/tablica-peronowa-led-rgb\/#primaryimage","url":"https:\/\/railway-displays.com\/wp-content\/uploads\/2020\/01\/ZG-centrum-przesiadkowe_NKN8504-OK.jpg","contentUrl":"https:\/\/railway-displays.com\/wp-content\/uploads\/2020\/01\/ZG-centrum-przesiadkowe_NKN8504-OK.jpg","width":1920,"height":1280,"caption":"LED departures board"},{"@type":"BreadcrumbList","@id":"https:\/\/railway-displays.com\/pl\/produkt\/tablica-peronowa-led-rgb\/#breadcrumb","itemListElement":[{"@type":"ListItem","position":1,"name":"Home","item":"https:\/\/railway-displays.com\/pl\/"},{"@type":"ListItem","position":2,"name":"Products","item":"https:\/\/railway-displays.com\/en\/shop\/"},{"@type":"ListItem","position":3,"name":"Tablica Peronowa LED RGB"}]},{"@type":"WebSite","@id":"https:\/\/railway-displays.com\/pl\/#website","url":"https:\/\/railway-displays.com\/pl\/","name":"Dysten","description":"dysten","potentialAction":[{"@type":"SearchAction","target":{"@type":"EntryPoint","urlTemplate":"https:\/\/railway-displays.com\/pl\/?s={search_term_string}"},"query-input":{"@type":"PropertyValueSpecification","valueRequired":true,"valueName":"search_term_string"}}],"inLanguage":"pl-PL"}]}},"_links":{"self":[{"href":"https:\/\/railway-displays.com\/pl\/wp-json\/wp\/v2\/product\/6834","targetHints":{"allow":["GET"]}}],"collection":[{"href":"https:\/\/railway-displays.com\/pl\/wp-json\/wp\/v2\/product"}],"about":[{"href":"https:\/\/railway-displays.com\/pl\/wp-json\/wp\/v2\/types\/product"}],"wp:featuredmedia":[{"embeddable":true,"href":"https:\/\/railway-displays.com\/pl\/wp-json\/wp\/v2\/media\/15040"}],"wp:attachment":[{"href":"https:\/\/railway-displays.com\/pl\/wp-json\/wp\/v2\/media?parent=6834"}],"wp:term":[{"taxonomy":"product_cat","embeddable":true,"href":"https:\/\/railway-displays.com\/pl\/wp-json\/wp\/v2\/product_cat?post=6834"},{"taxonomy":"product_tag","embeddable":true,"href":"https:\/\/railway-displays.com\/pl\/wp-json\/wp\/v2\/product_tag?post=6834"}],"curies":[{"name":"wp","href":"https:\/\/api.w.org\/{rel}","templated":true}]}}