{"id":6836,"date":"2020-01-17T16:05:01","date_gmt":"2020-01-17T16:05:01","guid":{"rendered":"http:\/\/railway-displays.com\/product\/platform-entrance-display-lcd-tft\/"},"modified":"2025-01-23T12:45:03","modified_gmt":"2025-01-23T12:45:03","slug":"wyswietlacz-peronowy-wejsciowy","status":"publish","type":"product","link":"https:\/\/railway-displays.com\/pl\/produkt\/wyswietlacz-peronowy-wejsciowy\/","title":{"rendered":"Wy\u015bwietlacz peronowy wej\u015bciowy LCD TFT"},"content":{"rendered":"<div class=\"wpb-content-wrapper\"><p>[vc_row][vc_column][vc_raw_js]JTNDc2NyaXB0JTNFJTBBbGV0JTIwbmV3VGl0bGUlMjAlM0QlMjBkb2N1bWVudC5nZXRFbGVtZW50c0J5Q2xhc3NOYW1lJTI4JTI3ZWx0ZGYtc2luZ2xlLXByb2R1Y3QtdGl0bGUlMjclMjklM0IlMEFpZiUyMCUyOG5ld1RpdGxlJTIwJTI2JTI2JTIwbmV3VGl0bGUubGVuZ3RoJTIwJTNFJTIwMCUyOSUyMCU3QiUwQSUyMG5ld1RpdGxlJTIwJTNEJTIwbmV3VGl0bGUlNUIwJTVELmlubmVyVGV4dCUwQSUyMGlmJTI4ZG9jdW1lbnQucmVhZHlTdGF0ZSUyMCUzRCUzRCUzRCUyMCUyN3JlYWR5JTI3JTIwJTdDJTdDJTIwZG9jdW1lbnQucmVhZHlTdGF0ZSUyMCUzRCUzRCUzRCUyMCUyN2NvbXBsZXRlJTI3JTI5JTIwJTdCJTBBJTIwc2V0VGl0bGUlMjhuZXdUaXRsZSUyOSUzQiUwQSUyMHRyYW5zbGF0ZURlc2NyaXB0aW9uJTI4JTI5JTNCJTBBJTdEJTIwZWxzZSUyMCU3QiUwQSUyMCUyMGRvY3VtZW50Lm9ucmVhZHlzdGF0ZWNoYW5nZSUyMCUzRCUyMGZ1bmN0aW9uJTIwJTI4JTI5JTIwJTdCJTBBJTIwJTIwJTIwJTIwaWYlMjAlMjhkb2N1bWVudC5yZWFkeVN0YXRlJTIwJTNEJTNEJTIwJTIyY29tcGxldGUlMjIlMjklMjAlN0IlMEElMjAlMjAlMjAlMjAlMjAlMjBzZXRUaXRsZSUyOG5ld1RpdGxlJTI5JTNCJTBBJTIwJTIwJTIwJTIwJTIwJTIwdHJhbnNsYXRlRGVzY3JpcHRpb24lMjglMjklMEElMjAlMjAlMjAlMjAlN0QlMEElMjAlMjAlN0QlMEElN0QlMEElN0QlMEElMEFmdW5jdGlvbiUyMHNldFRpdGxlJTI4dGl0bGUlMjklMjAlN0IlMEElMjBkb2N1bWVudC5nZXRFbGVtZW50QnlJZCUyOCUyN3RpdGxlJTI3JTI5LnZhbHVlJTIwJTNEJTIwdGl0bGUlM0IlMEElMjBkb2N1bWVudC5nZXRFbGVtZW50QnlJZCUyOCUyN2NvbnRhY3QtdGV4dCUyNyUyOS52YWx1ZSUyMCUyQiUzRCUyMCUyNyUzQSUyMCUyNyUyMCUyQiUyMHRpdGxlJTNCJTBBJTdEJTBBJTBBZnVuY3Rpb24lMjB0cmFuc2xhdGVEZXNjcmlwdGlvbiUyOCUyOSUyMCU3QiUwQSUyMGNvbnN0JTIwZGVzYyUyMCUzRCUyMGRvY3VtZW50LmdldEVsZW1lbnRzQnlDbGFzc05hbWUlMjglMjdkZXNjcmlwdGlvbl90YWIlMjclMjklM0IlMEElMEElMjBpZiUyMCUyOGRlc2MlMjAlMjYlMjYlMjBkZXNjLmxlbmd0aCUyMCUzRSUyMDAlMjklMjAlN0IlMjAlMEElMjAlMjBjb25zdCUyMHRpdGxlJTIwJTNEJTIwZGVzYyU1QjAlNUQuZ2V0RWxlbWVudHNCeUNsYXNzTmFtZSUyOCUyN2VsdGRmLXRhYi10aXRsZSUyNyUyOSUzQiUwQSUwQSUyMCUyMGlmJTIwJTI4dGl0bGUlMjAlMjYlMjYlMjB0aXRsZS5sZW5ndGglMjAlM0UlMjAwJTI5JTIwJTdCJTBBJTIwJTIwJTIwdGl0bGUlNUIwJTVELmlubmVyVGV4dCUyMCUzRCUyMCUyMk9waXMlMjIlM0IlMEElMjAlMjAlN0QlMEElMjAlN0QlMEElN0QlMEElMEElM0MlMkZzY3JpcHQlM0UlMEE=[\/vc_raw_js][\/vc_column][\/vc_row][vc_row][vc_column][vc_column_text]Wy\u015bwietlacz peronowy wej\u015bciowy przedstawia informacje o najbli\u017cszym poci\u0105gu odje\u017cd\u017caj\u0105cym, przyje\u017cd\u017caj\u0105cym lub ko\u0144cz\u0105cym tras\u0119 z danego toru lub tor\u00f3w s\u0105siaduj\u0105cych z peronem. Instalowany jest przy wej\u015bciach na peron, na kt\u00f3ry mo\u017cna dosta\u0107 si\u0119 przej\u015bciami pod torami lub krytymi k\u0142adkami dla pieszych.[\/vc_column_text][\/vc_column][\/vc_row]<\/p>\n<\/div>","protected":false},"excerpt":{"rendered":"<p><span style=\"font-size: medium;\">Wy\u015bwietlacz montowany w tunelach i przej\u015bciach na peron.<\/span><\/p>\n<p>Wy\u015bwietlacz peronowy wej\u015bciowy \u2013 prezentuje informacje o najbli\u017cszym poci\u0105gu\/poci\u0105gach odje\u017cd\u017caj\u0105cych i przyje\u017cd\u017caj\u0105cych, ko\u0144cz\u0105cych bieg z danego toru lub tor\u00f3w przyleg\u0142ych do peronu.<\/p>\n<p>Przeznaczone s\u0105 do instalowania na \u015bcianach przy wyj\u015bciach na perony, przej\u015bciach pod torami lub zadaszonych k\u0142adek dla pieszych.<\/p>\n","protected":false},"featured_media":9372,"template":"","meta":{"content-type":""},"product_cat":[237,218,220],"product_tag":[223,222,221,225,234,224],"class_list":{"0":"post-6836","1":"product","2":"type-product","3":"status-publish","4":"has-post-thumbnail","6":"product_cat-krotki-dystans-pl","7":"product_cat-lcd-tft-pl","8":"product_cat-semi-outdoor-pl","9":"product_tag-passenger-information-system-pl","10":"product_tag-lcd-tft-passenger-information-display-pl","11":"product_tag-lcd-tft-displays-pl","12":"product_tag-railway-displays-pl","13":"product_tag-platform-displays-pl","14":"product_tag-pid-displays-pl","16":"first","17":"instock","18":"shipping-taxable","19":"product-type-external"},"yoast_head":"<!-- This site is optimized with the Yoast SEO plugin v23.9 - https:\/\/yoast.com\/wordpress\/plugins\/seo\/ -->\n<title>Wy\u015bwietlacz peronowy wej\u015bciowy IPI6<\/title>\n<meta name=\"description\" content=\"Wy\u015bwietlacz peronowy wej\u015bciowy \u2013 prezentuje informacje o najbli\u017cszym poci\u0105gu\/poci\u0105gach odje\u017cd\u017caj\u0105cych i przyje\u017cd\u017caj\u0105cych na dany peron\" \/>\n<meta name=\"robots\" content=\"index, follow, max-snippet:-1, max-image-preview:large, max-video-preview:-1\" \/>\n<link rel=\"canonical\" href=\"https:\/\/railway-displays.com\/pl\/produkt\/wyswietlacz-peronowy-wejsciowy\/\" \/>\n<meta property=\"og:locale\" content=\"pl_PL\" \/>\n<meta property=\"og:type\" content=\"article\" \/>\n<meta property=\"og:title\" content=\"Wy\u015bwietlacz peronowy wej\u015bciowy IPI6\" \/>\n<meta property=\"og:description\" content=\"Wy\u015bwietlacz peronowy wej\u015bciowy \u2013 prezentuje informacje o najbli\u017cszym poci\u0105gu\/poci\u0105gach odje\u017cd\u017caj\u0105cych i przyje\u017cd\u017caj\u0105cych na dany peron\" \/>\n<meta property=\"og:url\" content=\"https:\/\/railway-displays.com\/pl\/produkt\/wyswietlacz-peronowy-wejsciowy\/\" \/>\n<meta property=\"og:site_name\" content=\"Dysten\" \/>\n<meta property=\"article:modified_time\" content=\"2025-01-23T12:45:03+00:00\" \/>\n<meta property=\"og:image\" content=\"https:\/\/railway-displays.com\/wp-content\/uploads\/2020\/01\/platform-entrance-displays-LCD-TFT.jpg\" \/>\n\t<meta property=\"og:image:width\" content=\"800\" \/>\n\t<meta property=\"og:image:height\" content=\"530\" \/>\n\t<meta property=\"og:image:type\" content=\"image\/jpeg\" \/>\n<meta name=\"twitter:card\" content=\"summary_large_image\" \/>\n<meta name=\"twitter:label1\" content=\"Szacowany czas czytania\" \/>\n\t<meta name=\"twitter:data1\" content=\"1 minuta\" \/>\n<script type=\"application\/ld+json\" class=\"yoast-schema-graph\">{\"@context\":\"https:\/\/schema.org\",\"@graph\":[{\"@type\":\"WebPage\",\"@id\":\"https:\/\/railway-displays.com\/pl\/produkt\/wyswietlacz-peronowy-wejsciowy\/\",\"url\":\"https:\/\/railway-displays.com\/pl\/produkt\/wyswietlacz-peronowy-wejsciowy\/\",\"name\":\"Wy\u015bwietlacz peronowy wej\u015bciowy IPI6\",\"isPartOf\":{\"@id\":\"https:\/\/railway-displays.com\/pl\/#website\"},\"primaryImageOfPage\":{\"@id\":\"https:\/\/railway-displays.com\/pl\/produkt\/wyswietlacz-peronowy-wejsciowy\/#primaryimage\"},\"image\":{\"@id\":\"https:\/\/railway-displays.com\/pl\/produkt\/wyswietlacz-peronowy-wejsciowy\/#primaryimage\"},\"thumbnailUrl\":\"https:\/\/railway-displays.com\/wp-content\/uploads\/2020\/01\/platform-entrance-displays-LCD-TFT.jpg\",\"datePublished\":\"2020-01-17T16:05:01+00:00\",\"dateModified\":\"2025-01-23T12:45:03+00:00\",\"description\":\"Wy\u015bwietlacz peronowy wej\u015bciowy \u2013 prezentuje informacje o najbli\u017cszym poci\u0105gu\/poci\u0105gach odje\u017cd\u017caj\u0105cych i przyje\u017cd\u017caj\u0105cych na dany peron\",\"breadcrumb\":{\"@id\":\"https:\/\/railway-displays.com\/pl\/produkt\/wyswietlacz-peronowy-wejsciowy\/#breadcrumb\"},\"inLanguage\":\"pl-PL\",\"potentialAction\":[{\"@type\":\"ReadAction\",\"target\":[\"https:\/\/railway-displays.com\/pl\/produkt\/wyswietlacz-peronowy-wejsciowy\/\"]}]},{\"@type\":\"ImageObject\",\"inLanguage\":\"pl-PL\",\"@id\":\"https:\/\/railway-displays.com\/pl\/produkt\/wyswietlacz-peronowy-wejsciowy\/#primaryimage\",\"url\":\"https:\/\/railway-displays.com\/wp-content\/uploads\/2020\/01\/platform-entrance-displays-LCD-TFT.jpg\",\"contentUrl\":\"https:\/\/railway-displays.com\/wp-content\/uploads\/2020\/01\/platform-entrance-displays-LCD-TFT.jpg\",\"width\":800,\"height\":530,\"caption\":\"Platform entrance display LCD TFT\"},{\"@type\":\"BreadcrumbList\",\"@id\":\"https:\/\/railway-displays.com\/pl\/produkt\/wyswietlacz-peronowy-wejsciowy\/#breadcrumb\",\"itemListElement\":[{\"@type\":\"ListItem\",\"position\":1,\"name\":\"Home\",\"item\":\"https:\/\/railway-displays.com\/pl\/\"},{\"@type\":\"ListItem\",\"position\":2,\"name\":\"Products\",\"item\":\"https:\/\/railway-displays.com\/en\/shop\/\"},{\"@type\":\"ListItem\",\"position\":3,\"name\":\"Wy\u015bwietlacz peronowy wej\u015bciowy LCD TFT\"}]},{\"@type\":\"WebSite\",\"@id\":\"https:\/\/railway-displays.com\/pl\/#website\",\"url\":\"https:\/\/railway-displays.com\/pl\/\",\"name\":\"Dysten\",\"description\":\"dysten\",\"potentialAction\":[{\"@type\":\"SearchAction\",\"target\":{\"@type\":\"EntryPoint\",\"urlTemplate\":\"https:\/\/railway-displays.com\/pl\/?s={search_term_string}\"},\"query-input\":{\"@type\":\"PropertyValueSpecification\",\"valueRequired\":true,\"valueName\":\"search_term_string\"}}],\"inLanguage\":\"pl-PL\"}]}<\/script>\n<!-- \/ Yoast SEO plugin. -->","yoast_head_json":{"title":"Wy\u015bwietlacz peronowy wej\u015bciowy IPI6","description":"Wy\u015bwietlacz peronowy wej\u015bciowy \u2013 prezentuje informacje o najbli\u017cszym poci\u0105gu\/poci\u0105gach odje\u017cd\u017caj\u0105cych i przyje\u017cd\u017caj\u0105cych na dany peron","robots":{"index":"index","follow":"follow","max-snippet":"max-snippet:-1","max-image-preview":"max-image-preview:large","max-video-preview":"max-video-preview:-1"},"canonical":"https:\/\/railway-displays.com\/pl\/produkt\/wyswietlacz-peronowy-wejsciowy\/","og_locale":"pl_PL","og_type":"article","og_title":"Wy\u015bwietlacz peronowy wej\u015bciowy IPI6","og_description":"Wy\u015bwietlacz peronowy wej\u015bciowy \u2013 prezentuje informacje o najbli\u017cszym poci\u0105gu\/poci\u0105gach odje\u017cd\u017caj\u0105cych i przyje\u017cd\u017caj\u0105cych na dany peron","og_url":"https:\/\/railway-displays.com\/pl\/produkt\/wyswietlacz-peronowy-wejsciowy\/","og_site_name":"Dysten","article_modified_time":"2025-01-23T12:45:03+00:00","og_image":[{"width":800,"height":530,"url":"https:\/\/railway-displays.com\/wp-content\/uploads\/2020\/01\/platform-entrance-displays-LCD-TFT.jpg","type":"image\/jpeg"}],"twitter_card":"summary_large_image","twitter_misc":{"Szacowany czas czytania":"1 minuta"},"schema":{"@context":"https:\/\/schema.org","@graph":[{"@type":"WebPage","@id":"https:\/\/railway-displays.com\/pl\/produkt\/wyswietlacz-peronowy-wejsciowy\/","url":"https:\/\/railway-displays.com\/pl\/produkt\/wyswietlacz-peronowy-wejsciowy\/","name":"Wy\u015bwietlacz peronowy wej\u015bciowy IPI6","isPartOf":{"@id":"https:\/\/railway-displays.com\/pl\/#website"},"primaryImageOfPage":{"@id":"https:\/\/railway-displays.com\/pl\/produkt\/wyswietlacz-peronowy-wejsciowy\/#primaryimage"},"image":{"@id":"https:\/\/railway-displays.com\/pl\/produkt\/wyswietlacz-peronowy-wejsciowy\/#primaryimage"},"thumbnailUrl":"https:\/\/railway-displays.com\/wp-content\/uploads\/2020\/01\/platform-entrance-displays-LCD-TFT.jpg","datePublished":"2020-01-17T16:05:01+00:00","dateModified":"2025-01-23T12:45:03+00:00","description":"Wy\u015bwietlacz peronowy wej\u015bciowy \u2013 prezentuje informacje o najbli\u017cszym poci\u0105gu\/poci\u0105gach odje\u017cd\u017caj\u0105cych i przyje\u017cd\u017caj\u0105cych na dany peron","breadcrumb":{"@id":"https:\/\/railway-displays.com\/pl\/produkt\/wyswietlacz-peronowy-wejsciowy\/#breadcrumb"},"inLanguage":"pl-PL","potentialAction":[{"@type":"ReadAction","target":["https:\/\/railway-displays.com\/pl\/produkt\/wyswietlacz-peronowy-wejsciowy\/"]}]},{"@type":"ImageObject","inLanguage":"pl-PL","@id":"https:\/\/railway-displays.com\/pl\/produkt\/wyswietlacz-peronowy-wejsciowy\/#primaryimage","url":"https:\/\/railway-displays.com\/wp-content\/uploads\/2020\/01\/platform-entrance-displays-LCD-TFT.jpg","contentUrl":"https:\/\/railway-displays.com\/wp-content\/uploads\/2020\/01\/platform-entrance-displays-LCD-TFT.jpg","width":800,"height":530,"caption":"Platform entrance display LCD TFT"},{"@type":"BreadcrumbList","@id":"https:\/\/railway-displays.com\/pl\/produkt\/wyswietlacz-peronowy-wejsciowy\/#breadcrumb","itemListElement":[{"@type":"ListItem","position":1,"name":"Home","item":"https:\/\/railway-displays.com\/pl\/"},{"@type":"ListItem","position":2,"name":"Products","item":"https:\/\/railway-displays.com\/en\/shop\/"},{"@type":"ListItem","position":3,"name":"Wy\u015bwietlacz peronowy wej\u015bciowy LCD TFT"}]},{"@type":"WebSite","@id":"https:\/\/railway-displays.com\/pl\/#website","url":"https:\/\/railway-displays.com\/pl\/","name":"Dysten","description":"dysten","potentialAction":[{"@type":"SearchAction","target":{"@type":"EntryPoint","urlTemplate":"https:\/\/railway-displays.com\/pl\/?s={search_term_string}"},"query-input":{"@type":"PropertyValueSpecification","valueRequired":true,"valueName":"search_term_string"}}],"inLanguage":"pl-PL"}]}},"_links":{"self":[{"href":"https:\/\/railway-displays.com\/pl\/wp-json\/wp\/v2\/product\/6836","targetHints":{"allow":["GET"]}}],"collection":[{"href":"https:\/\/railway-displays.com\/pl\/wp-json\/wp\/v2\/product"}],"about":[{"href":"https:\/\/railway-displays.com\/pl\/wp-json\/wp\/v2\/types\/product"}],"wp:featuredmedia":[{"embeddable":true,"href":"https:\/\/railway-displays.com\/pl\/wp-json\/wp\/v2\/media\/9372"}],"wp:attachment":[{"href":"https:\/\/railway-displays.com\/pl\/wp-json\/wp\/v2\/media?parent=6836"}],"wp:term":[{"taxonomy":"product_cat","embeddable":true,"href":"https:\/\/railway-displays.com\/pl\/wp-json\/wp\/v2\/product_cat?post=6836"},{"taxonomy":"product_tag","embeddable":true,"href":"https:\/\/railway-displays.com\/pl\/wp-json\/wp\/v2\/product_tag?post=6836"}],"curies":[{"name":"wp","href":"https:\/\/api.w.org\/{rel}","templated":true}]}}