{"id":6838,"date":"2020-01-17T16:11:54","date_gmt":"2020-01-17T16:11:54","guid":{"rendered":"http:\/\/railway-displays.com\/product\/totem-display-lcd-tft\/"},"modified":"2025-01-23T12:47:54","modified_gmt":"2025-01-23T12:47:54","slug":"wyswietlacz-odjazdy-przyjazdy","status":"publish","type":"product","link":"https:\/\/railway-displays.com\/pl\/produkt\/wyswietlacz-odjazdy-przyjazdy\/","title":{"rendered":"Wy\u015bwietlacz odjazdy \/ przyjazdy LCD TFT"},"content":{"rendered":"<div class=\"wpb-content-wrapper\"><p>[vc_row][vc_column][vc_raw_js]JTNDc2NyaXB0JTNFJTBBbGV0JTIwbmV3VGl0bGUlMjAlM0QlMjBkb2N1bWVudC5nZXRFbGVtZW50c0J5Q2xhc3NOYW1lJTI4JTI3ZWx0ZGYtc2luZ2xlLXByb2R1Y3QtdGl0bGUlMjclMjklM0IlMEFpZiUyMCUyOG5ld1RpdGxlJTIwJTI2JTI2JTIwbmV3VGl0bGUubGVuZ3RoJTIwJTNFJTIwMCUyOSUyMCU3QiUwQSUyMG5ld1RpdGxlJTIwJTNEJTIwbmV3VGl0bGUlNUIwJTVELmlubmVyVGV4dCUwQSUyMGlmJTI4ZG9jdW1lbnQucmVhZHlTdGF0ZSUyMCUzRCUzRCUzRCUyMCUyN3JlYWR5JTI3JTIwJTdDJTdDJTIwZG9jdW1lbnQucmVhZHlTdGF0ZSUyMCUzRCUzRCUzRCUyMCUyN2NvbXBsZXRlJTI3JTI5JTIwJTdCJTBBJTIwc2V0VGl0bGUlMjhuZXdUaXRsZSUyOSUzQiUwQSUyMHRyYW5zbGF0ZURlc2NyaXB0aW9uJTI4JTI5JTNCJTBBJTdEJTIwZWxzZSUyMCU3QiUwQSUyMCUyMGRvY3VtZW50Lm9ucmVhZHlzdGF0ZWNoYW5nZSUyMCUzRCUyMGZ1bmN0aW9uJTIwJTI4JTI5JTIwJTdCJTBBJTIwJTIwJTIwJTIwaWYlMjAlMjhkb2N1bWVudC5yZWFkeVN0YXRlJTIwJTNEJTNEJTIwJTIyY29tcGxldGUlMjIlMjklMjAlN0IlMEElMjAlMjAlMjAlMjAlMjAlMjBzZXRUaXRsZSUyOG5ld1RpdGxlJTI5JTNCJTBBJTIwJTIwJTIwJTIwJTIwJTIwdHJhbnNsYXRlRGVzY3JpcHRpb24lMjglMjklMEElMjAlMjAlMjAlMjAlN0QlMEElMjAlMjAlN0QlMEElN0QlMEElN0QlMEElMEFmdW5jdGlvbiUyMHNldFRpdGxlJTI4dGl0bGUlMjklMjAlN0IlMEElMjBkb2N1bWVudC5nZXRFbGVtZW50QnlJZCUyOCUyN3RpdGxlJTI3JTI5LnZhbHVlJTIwJTNEJTIwdGl0bGUlM0IlMEElMjBkb2N1bWVudC5nZXRFbGVtZW50QnlJZCUyOCUyN2NvbnRhY3QtdGV4dCUyNyUyOS52YWx1ZSUyMCUyQiUzRCUyMCUyNyUzQSUyMCUyNyUyMCUyQiUyMHRpdGxlJTNCJTBBJTdEJTBBJTBBZnVuY3Rpb24lMjB0cmFuc2xhdGVEZXNjcmlwdGlvbiUyOCUyOSUyMCU3QiUwQSUyMGNvbnN0JTIwZGVzYyUyMCUzRCUyMGRvY3VtZW50LmdldEVsZW1lbnRzQnlDbGFzc05hbWUlMjglMjdkZXNjcmlwdGlvbl90YWIlMjclMjklM0IlMEElMEElMjBpZiUyMCUyOGRlc2MlMjAlMjYlMjYlMjBkZXNjLmxlbmd0aCUyMCUzRSUyMDAlMjklMjAlN0IlMjAlMEElMjAlMjBjb25zdCUyMHRpdGxlJTIwJTNEJTIwZGVzYyU1QjAlNUQuZ2V0RWxlbWVudHNCeUNsYXNzTmFtZSUyOCUyN2VsdGRmLXRhYi10aXRsZSUyNyUyOSUzQiUwQSUwQSUyMCUyMGlmJTIwJTI4dGl0bGUlMjAlMjYlMjYlMjB0aXRsZS5sZW5ndGglMjAlM0UlMjAwJTI5JTIwJTdCJTBBJTIwJTIwJTIwdGl0bGUlNUIwJTVELmlubmVyVGV4dCUyMCUzRCUyMCUyMk9waXMlMjIlM0IlMEElMjAlMjAlN0QlMEElMjAlN0QlMEElN0QlMEElMEElM0MlMkZzY3JpcHQlM0UlMEE=[\/vc_raw_js][\/vc_column][\/vc_row][vc_row][vc_column][vc_empty_space][\/vc_column][\/vc_row][vc_row][vc_column][vc_column_text]Wy\u015bwietlacze Odjazdy Przyjazdy s\u0105 kluczowym elementem cyfrowej obecno\u015bci na stacjach i dworcach kolejowych. Pomagaj\u0105 pasa\u017cerom w znalezieniu poci\u0105gu, monitorowaniu jego statusu i dostosowaniu si\u0119 do wszelkich zmian. Ekrany odjazdy przyjazdy w wersji wolnostoj\u0105cej &#8211; elektronicznego totemu informacyjnego lub w formie wy\u015bwietlaczy pionowych montowanych na \u015bcianach i konstrukcjach wsporczych.[\/vc_column_text][\/vc_column][\/vc_row]<\/p>\n<\/div>","protected":false},"excerpt":{"rendered":"<p><span style=\"font-size: medium;\">Wy\u015bwietlacz LCD TFT przyjazdy \/ odjazdy zamontowany w wolnostoj\u0105cej obudowie, prezentuje informacje dotycz\u0105ce przyjazd\u00f3w lub odjazd\u00f3w 20 najbli\u017cszych poci\u0105g\u00f3w. Wy\u015bwietlacze wykonane w technologii LCD TFT.<\/span><\/p>\n","protected":false},"featured_media":9972,"template":"","meta":{"content-type":""},"product_cat":[228,237,218,220],"product_tag":[223,236,222,221,225,224],"class_list":{"0":"post-6838","1":"product","2":"type-product","3":"status-publish","4":"has-post-thumbnail","6":"product_cat-full-outdoor-pl","7":"product_cat-krotki-dystans-pl","8":"product_cat-lcd-tft-pl","9":"product_cat-semi-outdoor-pl","10":"product_tag-passenger-information-system-pl","11":"product_tag-totem-displays-pl","12":"product_tag-lcd-tft-passenger-information-display-pl","13":"product_tag-lcd-tft-displays-pl","14":"product_tag-railway-displays-pl","15":"product_tag-pid-displays-pl","17":"first","18":"instock","19":"shipping-taxable","20":"product-type-external"},"yoast_head":"<!-- This site is optimized with the Yoast SEO plugin v23.9 - https:\/\/yoast.com\/wordpress\/plugins\/seo\/ -->\n<title>Wy\u015bwietlacz odjazdy \/ przyjazdy LCD TFT - Dysten<\/title>\n<meta name=\"description\" content=\"Wy\u015bwietlacz odjazdy przyjazdy WOP w postaci totemu wy\u015bwietla aktualne przyjazdy i odjazdy pojazdu na ekranie LCD TFT zgodny z IPI6\" \/>\n<meta name=\"robots\" content=\"index, follow, max-snippet:-1, max-image-preview:large, max-video-preview:-1\" \/>\n<link rel=\"canonical\" href=\"https:\/\/railway-displays.com\/pl\/produkt\/wyswietlacz-odjazdy-przyjazdy\/\" \/>\n<meta property=\"og:locale\" content=\"pl_PL\" \/>\n<meta property=\"og:type\" content=\"article\" \/>\n<meta property=\"og:title\" content=\"Wy\u015bwietlacz odjazdy \/ przyjazdy LCD TFT - Dysten\" \/>\n<meta property=\"og:description\" content=\"Wy\u015bwietlacz odjazdy przyjazdy WOP w postaci totemu wy\u015bwietla aktualne przyjazdy i odjazdy pojazdu na ekranie LCD TFT zgodny z IPI6\" \/>\n<meta property=\"og:url\" content=\"https:\/\/railway-displays.com\/pl\/produkt\/wyswietlacz-odjazdy-przyjazdy\/\" \/>\n<meta property=\"og:site_name\" content=\"Dysten\" \/>\n<meta property=\"article:modified_time\" content=\"2025-01-23T12:47:54+00:00\" \/>\n<meta property=\"og:image\" content=\"https:\/\/railway-displays.com\/wp-content\/uploads\/2016\/02\/tablica-informacyjna-odjazdy-przyjazdy-wolnostojaca.jpg\" \/>\n\t<meta property=\"og:image:width\" content=\"1114\" \/>\n\t<meta property=\"og:image:height\" content=\"675\" \/>\n\t<meta property=\"og:image:type\" content=\"image\/jpeg\" \/>\n<meta name=\"twitter:card\" content=\"summary_large_image\" \/>\n<meta name=\"twitter:label1\" content=\"Szacowany czas czytania\" \/>\n\t<meta name=\"twitter:data1\" content=\"1 minuta\" \/>\n<script type=\"application\/ld+json\" class=\"yoast-schema-graph\">{\"@context\":\"https:\/\/schema.org\",\"@graph\":[{\"@type\":\"WebPage\",\"@id\":\"https:\/\/railway-displays.com\/pl\/produkt\/wyswietlacz-odjazdy-przyjazdy\/\",\"url\":\"https:\/\/railway-displays.com\/pl\/produkt\/wyswietlacz-odjazdy-przyjazdy\/\",\"name\":\"Wy\u015bwietlacz odjazdy \/ przyjazdy LCD TFT - Dysten\",\"isPartOf\":{\"@id\":\"https:\/\/railway-displays.com\/pl\/#website\"},\"primaryImageOfPage\":{\"@id\":\"https:\/\/railway-displays.com\/pl\/produkt\/wyswietlacz-odjazdy-przyjazdy\/#primaryimage\"},\"image\":{\"@id\":\"https:\/\/railway-displays.com\/pl\/produkt\/wyswietlacz-odjazdy-przyjazdy\/#primaryimage\"},\"thumbnailUrl\":\"https:\/\/railway-displays.com\/wp-content\/uploads\/2016\/02\/tablica-informacyjna-odjazdy-przyjazdy-wolnostojaca.jpg\",\"datePublished\":\"2020-01-17T16:11:54+00:00\",\"dateModified\":\"2025-01-23T12:47:54+00:00\",\"description\":\"Wy\u015bwietlacz odjazdy przyjazdy WOP w postaci totemu wy\u015bwietla aktualne przyjazdy i odjazdy pojazdu na ekranie LCD TFT zgodny z IPI6\",\"breadcrumb\":{\"@id\":\"https:\/\/railway-displays.com\/pl\/produkt\/wyswietlacz-odjazdy-przyjazdy\/#breadcrumb\"},\"inLanguage\":\"pl-PL\",\"potentialAction\":[{\"@type\":\"ReadAction\",\"target\":[\"https:\/\/railway-displays.com\/pl\/produkt\/wyswietlacz-odjazdy-przyjazdy\/\"]}]},{\"@type\":\"ImageObject\",\"inLanguage\":\"pl-PL\",\"@id\":\"https:\/\/railway-displays.com\/pl\/produkt\/wyswietlacz-odjazdy-przyjazdy\/#primaryimage\",\"url\":\"https:\/\/railway-displays.com\/wp-content\/uploads\/2016\/02\/tablica-informacyjna-odjazdy-przyjazdy-wolnostojaca.jpg\",\"contentUrl\":\"https:\/\/railway-displays.com\/wp-content\/uploads\/2016\/02\/tablica-informacyjna-odjazdy-przyjazdy-wolnostojaca.jpg\",\"width\":1114,\"height\":675,\"caption\":\"TIP Tablica Informacyjna Odjazdy Przyjazdy wolnostoj\u0105ca\"},{\"@type\":\"BreadcrumbList\",\"@id\":\"https:\/\/railway-displays.com\/pl\/produkt\/wyswietlacz-odjazdy-przyjazdy\/#breadcrumb\",\"itemListElement\":[{\"@type\":\"ListItem\",\"position\":1,\"name\":\"Home\",\"item\":\"https:\/\/railway-displays.com\/pl\/\"},{\"@type\":\"ListItem\",\"position\":2,\"name\":\"Products\",\"item\":\"https:\/\/railway-displays.com\/en\/shop\/\"},{\"@type\":\"ListItem\",\"position\":3,\"name\":\"Wy\u015bwietlacz odjazdy \/ przyjazdy LCD TFT\"}]},{\"@type\":\"WebSite\",\"@id\":\"https:\/\/railway-displays.com\/pl\/#website\",\"url\":\"https:\/\/railway-displays.com\/pl\/\",\"name\":\"Dysten\",\"description\":\"dysten\",\"potentialAction\":[{\"@type\":\"SearchAction\",\"target\":{\"@type\":\"EntryPoint\",\"urlTemplate\":\"https:\/\/railway-displays.com\/pl\/?s={search_term_string}\"},\"query-input\":{\"@type\":\"PropertyValueSpecification\",\"valueRequired\":true,\"valueName\":\"search_term_string\"}}],\"inLanguage\":\"pl-PL\"}]}<\/script>\n<!-- \/ Yoast SEO plugin. -->","yoast_head_json":{"title":"Wy\u015bwietlacz odjazdy \/ przyjazdy LCD TFT - Dysten","description":"Wy\u015bwietlacz odjazdy przyjazdy WOP w postaci totemu wy\u015bwietla aktualne przyjazdy i odjazdy pojazdu na ekranie LCD TFT zgodny z IPI6","robots":{"index":"index","follow":"follow","max-snippet":"max-snippet:-1","max-image-preview":"max-image-preview:large","max-video-preview":"max-video-preview:-1"},"canonical":"https:\/\/railway-displays.com\/pl\/produkt\/wyswietlacz-odjazdy-przyjazdy\/","og_locale":"pl_PL","og_type":"article","og_title":"Wy\u015bwietlacz odjazdy \/ przyjazdy LCD TFT - Dysten","og_description":"Wy\u015bwietlacz odjazdy przyjazdy WOP w postaci totemu wy\u015bwietla aktualne przyjazdy i odjazdy pojazdu na ekranie LCD TFT zgodny z IPI6","og_url":"https:\/\/railway-displays.com\/pl\/produkt\/wyswietlacz-odjazdy-przyjazdy\/","og_site_name":"Dysten","article_modified_time":"2025-01-23T12:47:54+00:00","og_image":[{"width":1114,"height":675,"url":"https:\/\/railway-displays.com\/wp-content\/uploads\/2016\/02\/tablica-informacyjna-odjazdy-przyjazdy-wolnostojaca.jpg","type":"image\/jpeg"}],"twitter_card":"summary_large_image","twitter_misc":{"Szacowany czas czytania":"1 minuta"},"schema":{"@context":"https:\/\/schema.org","@graph":[{"@type":"WebPage","@id":"https:\/\/railway-displays.com\/pl\/produkt\/wyswietlacz-odjazdy-przyjazdy\/","url":"https:\/\/railway-displays.com\/pl\/produkt\/wyswietlacz-odjazdy-przyjazdy\/","name":"Wy\u015bwietlacz odjazdy \/ przyjazdy LCD TFT - Dysten","isPartOf":{"@id":"https:\/\/railway-displays.com\/pl\/#website"},"primaryImageOfPage":{"@id":"https:\/\/railway-displays.com\/pl\/produkt\/wyswietlacz-odjazdy-przyjazdy\/#primaryimage"},"image":{"@id":"https:\/\/railway-displays.com\/pl\/produkt\/wyswietlacz-odjazdy-przyjazdy\/#primaryimage"},"thumbnailUrl":"https:\/\/railway-displays.com\/wp-content\/uploads\/2016\/02\/tablica-informacyjna-odjazdy-przyjazdy-wolnostojaca.jpg","datePublished":"2020-01-17T16:11:54+00:00","dateModified":"2025-01-23T12:47:54+00:00","description":"Wy\u015bwietlacz odjazdy przyjazdy WOP w postaci totemu wy\u015bwietla aktualne przyjazdy i odjazdy pojazdu na ekranie LCD TFT zgodny z IPI6","breadcrumb":{"@id":"https:\/\/railway-displays.com\/pl\/produkt\/wyswietlacz-odjazdy-przyjazdy\/#breadcrumb"},"inLanguage":"pl-PL","potentialAction":[{"@type":"ReadAction","target":["https:\/\/railway-displays.com\/pl\/produkt\/wyswietlacz-odjazdy-przyjazdy\/"]}]},{"@type":"ImageObject","inLanguage":"pl-PL","@id":"https:\/\/railway-displays.com\/pl\/produkt\/wyswietlacz-odjazdy-przyjazdy\/#primaryimage","url":"https:\/\/railway-displays.com\/wp-content\/uploads\/2016\/02\/tablica-informacyjna-odjazdy-przyjazdy-wolnostojaca.jpg","contentUrl":"https:\/\/railway-displays.com\/wp-content\/uploads\/2016\/02\/tablica-informacyjna-odjazdy-przyjazdy-wolnostojaca.jpg","width":1114,"height":675,"caption":"TIP Tablica Informacyjna Odjazdy Przyjazdy wolnostoj\u0105ca"},{"@type":"BreadcrumbList","@id":"https:\/\/railway-displays.com\/pl\/produkt\/wyswietlacz-odjazdy-przyjazdy\/#breadcrumb","itemListElement":[{"@type":"ListItem","position":1,"name":"Home","item":"https:\/\/railway-displays.com\/pl\/"},{"@type":"ListItem","position":2,"name":"Products","item":"https:\/\/railway-displays.com\/en\/shop\/"},{"@type":"ListItem","position":3,"name":"Wy\u015bwietlacz odjazdy \/ przyjazdy LCD TFT"}]},{"@type":"WebSite","@id":"https:\/\/railway-displays.com\/pl\/#website","url":"https:\/\/railway-displays.com\/pl\/","name":"Dysten","description":"dysten","potentialAction":[{"@type":"SearchAction","target":{"@type":"EntryPoint","urlTemplate":"https:\/\/railway-displays.com\/pl\/?s={search_term_string}"},"query-input":{"@type":"PropertyValueSpecification","valueRequired":true,"valueName":"search_term_string"}}],"inLanguage":"pl-PL"}]}},"_links":{"self":[{"href":"https:\/\/railway-displays.com\/pl\/wp-json\/wp\/v2\/product\/6838","targetHints":{"allow":["GET"]}}],"collection":[{"href":"https:\/\/railway-displays.com\/pl\/wp-json\/wp\/v2\/product"}],"about":[{"href":"https:\/\/railway-displays.com\/pl\/wp-json\/wp\/v2\/types\/product"}],"wp:featuredmedia":[{"embeddable":true,"href":"https:\/\/railway-displays.com\/pl\/wp-json\/wp\/v2\/media\/9972"}],"wp:attachment":[{"href":"https:\/\/railway-displays.com\/pl\/wp-json\/wp\/v2\/media?parent=6838"}],"wp:term":[{"taxonomy":"product_cat","embeddable":true,"href":"https:\/\/railway-displays.com\/pl\/wp-json\/wp\/v2\/product_cat?post=6838"},{"taxonomy":"product_tag","embeddable":true,"href":"https:\/\/railway-displays.com\/pl\/wp-json\/wp\/v2\/product_tag?post=6838"}],"curies":[{"name":"wp","href":"https:\/\/api.w.org\/{rel}","templated":true}]}}