{"id":6840,"date":"2020-01-17T16:16:16","date_gmt":"2020-01-17T16:16:16","guid":{"rendered":"http:\/\/railway-displays.com\/product\/infokiosk-lcd-tft\/"},"modified":"2024-10-30T09:35:48","modified_gmt":"2024-10-30T09:35:48","slug":"infokiosk-lcd-tft","status":"publish","type":"product","link":"https:\/\/railway-displays.com\/pl\/produkt\/infokiosk-lcd-tft\/","title":{"rendered":"WY\u015aWIETLACZ WIELOFUNKCYJNY &#8211; INFOKIOSK LCD TFT"},"content":{"rendered":"<div class=\"wpb-content-wrapper\"><p>[vc_row][vc_column][vc_raw_js]JTNDc2NyaXB0JTNFJTBBbGV0JTIwbmV3VGl0bGUlMjAlM0QlMjBkb2N1bWVudC5nZXRFbGVtZW50c0J5Q2xhc3NOYW1lJTI4JTI3ZWx0ZGYtc2luZ2xlLXByb2R1Y3QtdGl0bGUlMjclMjklM0IlMEFpZiUyMCUyOG5ld1RpdGxlJTIwJTI2JTI2JTIwbmV3VGl0bGUubGVuZ3RoJTIwJTNFJTIwMCUyOSUyMCU3QiUwQSUyMG5ld1RpdGxlJTIwJTNEJTIwbmV3VGl0bGUlNUIwJTVELmlubmVyVGV4dCUwQSUyMGlmJTI4ZG9jdW1lbnQucmVhZHlTdGF0ZSUyMCUzRCUzRCUzRCUyMCUyN3JlYWR5JTI3JTIwJTdDJTdDJTIwZG9jdW1lbnQucmVhZHlTdGF0ZSUyMCUzRCUzRCUzRCUyMCUyN2NvbXBsZXRlJTI3JTI5JTIwJTdCJTBBJTIwc2V0VGl0bGUlMjhuZXdUaXRsZSUyOSUzQiUwQSUyMHRyYW5zbGF0ZURlc2NyaXB0aW9uJTI4JTI5JTNCJTBBJTdEJTIwZWxzZSUyMCU3QiUwQSUyMCUyMGRvY3VtZW50Lm9ucmVhZHlzdGF0ZWNoYW5nZSUyMCUzRCUyMGZ1bmN0aW9uJTIwJTI4JTI5JTIwJTdCJTBBJTIwJTIwJTIwJTIwaWYlMjAlMjhkb2N1bWVudC5yZWFkeVN0YXRlJTIwJTNEJTNEJTIwJTIyY29tcGxldGUlMjIlMjklMjAlN0IlMEElMjAlMjAlMjAlMjAlMjAlMjBzZXRUaXRsZSUyOG5ld1RpdGxlJTI5JTNCJTBBJTIwJTIwJTIwJTIwJTIwJTIwdHJhbnNsYXRlRGVzY3JpcHRpb24lMjglMjklMEElMjAlMjAlMjAlMjAlN0QlMEElMjAlMjAlN0QlMEElN0QlMEElN0QlMEElMEFmdW5jdGlvbiUyMHNldFRpdGxlJTI4dGl0bGUlMjklMjAlN0IlMEElMjBkb2N1bWVudC5nZXRFbGVtZW50QnlJZCUyOCUyN3RpdGxlJTI3JTI5LnZhbHVlJTIwJTNEJTIwdGl0bGUlM0IlMEElMjBkb2N1bWVudC5nZXRFbGVtZW50QnlJZCUyOCUyN2NvbnRhY3QtdGV4dCUyNyUyOS52YWx1ZSUyMCUyQiUzRCUyMCUyNyUzQSUyMCUyNyUyMCUyQiUyMHRpdGxlJTNCJTBBJTdEJTBBJTBBZnVuY3Rpb24lMjB0cmFuc2xhdGVEZXNjcmlwdGlvbiUyOCUyOSUyMCU3QiUwQSUyMGNvbnN0JTIwZGVzYyUyMCUzRCUyMGRvY3VtZW50LmdldEVsZW1lbnRzQnlDbGFzc05hbWUlMjglMjdkZXNjcmlwdGlvbl90YWIlMjclMjklM0IlMEElMEElMjBpZiUyMCUyOGRlc2MlMjAlMjYlMjYlMjBkZXNjLmxlbmd0aCUyMCUzRSUyMDAlMjklMjAlN0IlMjAlMEElMjAlMjBjb25zdCUyMHRpdGxlJTIwJTNEJTIwZGVzYyU1QjAlNUQuZ2V0RWxlbWVudHNCeUNsYXNzTmFtZSUyOCUyN2VsdGRmLXRhYi10aXRsZSUyNyUyOSUzQiUwQSUwQSUyMCUyMGlmJTIwJTI4dGl0bGUlMjAlMjYlMjYlMjB0aXRsZS5sZW5ndGglMjAlM0UlMjAwJTI5JTIwJTdCJTBBJTIwJTIwJTIwdGl0bGUlNUIwJTVELmlubmVyVGV4dCUyMCUzRCUyMCUyMk9waXMlMjIlM0IlMEElMjAlMjAlN0QlMEElMjAlN0QlMEElN0QlMEElMEElM0MlMkZzY3JpcHQlM0UlMEE=[\/vc_raw_js][\/vc_column][\/vc_row][vc_row][vc_column]<div class=\"eltdf-item-showcase-holder clearfix\"><div class=\"eltdf-is-item eltdf-is-left\">\n\t<div class=\"eltdf-is-content\">\n\t\t\t\t\t<h4 class=\"eltdf-is-title\" >\n\t\t\t\t\t\t\t\tFULL HD\t\t\t\t\t\t\t<\/h4>\n\t\t\t\t\t\t\t<p class=\"eltdf-is-text\" >Matryca o wysokiej rozdzielczo\u015bci wy\u015bwietla dowolne formaty rozk\u0142ad\u00f3w jazdy, grafik\u0119, animacje i wideo w kolorze.<\/p>\n\t\t\t<\/div>\n<\/div><div class=\"eltdf-is-item eltdf-is-left\">\n\t<div class=\"eltdf-is-content\">\n\t\t\t\t\t<h4 class=\"eltdf-is-title\" >\n\t\t\t\t\t\t\t\tPE\u0141NE DOSTOSOWANIE\t\t\t\t\t\t\t<\/h4>\n\t\t\t\t\t\t\t<p class=\"eltdf-is-text\" >Dopasowanie wielko\u015bci ekranu i zaprojektowanie urz\u0105dzenia do Twoich potrzeb.<\/p>\n\t\t\t<\/div>\n<\/div><div class=\"eltdf-is-item eltdf-is-left\">\n\t<div class=\"eltdf-is-content\">\n\t\t\t\t\t<h4 class=\"eltdf-is-title\" >\n\t\t\t\t\t\t\t\tWYSOKA JASNO\u015a\u0106 500-3000 nit\u00f3w\t\t\t\t\t\t\t<\/h4>\n\t\t\t\t\t\t\t<p class=\"eltdf-is-text\" >Wysoka jasno\u015b\u0107 dla lepszego odczytu informacji do 3000 nit\u00f3w, a tak\u017ce wbudowany czujnik jasno\u015bci reguluj\u0105cy intensywno\u015b\u0107 jasno\u015bci ekranu LCD TFT<\/p>\n\t\t\t<\/div>\n<\/div><div class=\"eltdf-is-item eltdf-is-right\">\n\t<div class=\"eltdf-is-content\">\n\t\t\t\t\t<h4 class=\"eltdf-is-title\" >\n\t\t\t\t\t\t\t\t5 LAT \u017bYWOTNO\u015aCI\t\t\t\t\t\t\t<\/h4>\n\t\t\t\t\t\t\t<p class=\"eltdf-is-text\" >\u017bywotno\u015b\u0107 5 lat, MTBF 80 000 godzin, mo\u017cliwo\u015b\u0107 przed\u0142u\u017cenia gwarancji.<\/p>\n\t\t\t<\/div>\n<\/div><div class=\"eltdf-is-item eltdf-is-right\">\n\t<div class=\"eltdf-is-content\">\n\t\t\t\t\t<h4 class=\"eltdf-is-title\" >\n\t\t\t\t\t\t\t\t\u0141ATWA INTEGRACJA\t\t\t\t\t\t\t<\/h4>\n\t\t\t\t\t\t\t<p class=\"eltdf-is-text\" >\u0141atwa integracja z dowolnym systemem \u2013 otwarte protoko\u0142y komunikacyjne.<\/p>\n\t\t\t<\/div>\n<\/div><div class=\"eltdf-is-item eltdf-is-right\">\n\t<div class=\"eltdf-is-content\">\n\t\t\t\t\t<h4 class=\"eltdf-is-title\" >\n\t\t\t\t\t\t\t\tOCHRONA\t\t\t\t\t\t\t<\/h4>\n\t\t\t\t\t\t\t<p class=\"eltdf-is-text\" >Ochrona dostosowana do \u015brodowiska i potrzeb klienta, od IP42 do IP65, od IK07 do IK09. Czujnik antywandalowy, czujnik zbicia szyby, czujnik otwarcia obudowy, czujnik wstrz\u0105s\u00f3w, ochrona przed kurzem i wod\u0105, niewidoczna kamera itp.<\/p>\n\t\t\t<\/div>\n<\/div><div class=\"eltdf-is-image\" style=\"margin-top: -100px\"><img width=\"1422\" height=\"2560\" src=\"https:\/\/railway-displays.com\/wp-content\/uploads\/2020\/01\/INFO-KIOSK-05-DRUK-scaled.jpg\" class=\"attachment-full size-full\" alt=\"INFO KIOSK RAILWAY DISPLAY\" srcset=\"https:\/\/railway-displays.com\/wp-content\/uploads\/2020\/01\/INFO-KIOSK-05-DRUK-scaled.jpg 1422w, https:\/\/railway-displays.com\/wp-content\/uploads\/2020\/01\/INFO-KIOSK-05-DRUK-167x300.jpg 167w, https:\/\/railway-displays.com\/wp-content\/uploads\/2020\/01\/INFO-KIOSK-05-DRUK-569x1024.jpg 569w, https:\/\/railway-displays.com\/wp-content\/uploads\/2020\/01\/INFO-KIOSK-05-DRUK-768x1382.jpg 768w, https:\/\/railway-displays.com\/wp-content\/uploads\/2020\/01\/INFO-KIOSK-05-DRUK-853x1536.jpg 853w, https:\/\/railway-displays.com\/wp-content\/uploads\/2020\/01\/INFO-KIOSK-05-DRUK-1138x2048.jpg 1138w, https:\/\/railway-displays.com\/wp-content\/uploads\/2020\/01\/INFO-KIOSK-05-DRUK-600x1080.jpg 600w\" sizes=\"(max-width: 1422px) 100vw, 1422px\" \/><\/div><\/div>[\/vc_column][\/vc_row]<\/p>\n<\/div>","protected":false},"excerpt":{"rendered":"<p>Wygodny dost\u0119p do informacji o rozk\u0142adzie jazdy, dok\u0142adna informacja o najbli\u017cszych odjazdach i przyjazdach poci\u0105g\u00f3w, infokioski u\u0142atwiaj\u0105 pasa\u017cerom podr\u00f3\u017ce. Wszystkie informacje dla podr\u00f3\u017cuj\u0105cych wy\u015bwietlane w jednym miejscu &#8211; na du\u017cym ekranie LCD TFT.<\/p>\n","protected":false},"featured_media":19296,"template":"","meta":{"content-type":""},"product_cat":[228,237,218,220],"product_tag":[238,240,239,223,222,221,225,224],"class_list":{"0":"post-6840","1":"product","2":"type-product","3":"status-publish","4":"has-post-thumbnail","6":"product_cat-full-outdoor-pl","7":"product_cat-krotki-dystans-pl","8":"product_cat-lcd-tft-pl","9":"product_cat-semi-outdoor-pl","10":"product_tag-infokiosk-displays-pl","11":"product_tag-outdoor-infokiosk-pl","12":"product_tag-infokisok-for-railway-pl","13":"product_tag-passenger-information-system-pl","14":"product_tag-lcd-tft-passenger-information-display-pl","15":"product_tag-lcd-tft-displays-pl","16":"product_tag-railway-displays-pl","17":"product_tag-pid-displays-pl","19":"first","20":"instock","21":"shipping-taxable","22":"product-type-external"},"yoast_head":"<!-- This site is optimized with the Yoast SEO plugin v23.9 - https:\/\/yoast.com\/wordpress\/plugins\/seo\/ -->\n<title>WY\u015aWIETLACZ WIELOFUNKCYJNY - INFOKIOSK LCD TFT - Dysten<\/title>\n<meta name=\"description\" content=\"Info kiosk LCD TFT dedykowany dla operator\u00f3w transportu publicznego w tym kolei, zgodny z IPI-6 PKP PLK, przyciski\" \/>\n<meta name=\"robots\" content=\"index, follow, max-snippet:-1, max-image-preview:large, max-video-preview:-1\" \/>\n<link rel=\"canonical\" href=\"https:\/\/railway-displays.com\/pl\/produkt\/infokiosk-lcd-tft\/\" \/>\n<meta property=\"og:locale\" content=\"pl_PL\" \/>\n<meta property=\"og:type\" content=\"article\" \/>\n<meta property=\"og:title\" content=\"WY\u015aWIETLACZ WIELOFUNKCYJNY - INFOKIOSK LCD TFT - Dysten\" \/>\n<meta property=\"og:description\" content=\"Info kiosk LCD TFT dedykowany dla operator\u00f3w transportu publicznego w tym kolei, zgodny z IPI-6 PKP PLK, przyciski\" \/>\n<meta property=\"og:url\" content=\"https:\/\/railway-displays.com\/pl\/produkt\/infokiosk-lcd-tft\/\" \/>\n<meta property=\"og:site_name\" content=\"Dysten\" \/>\n<meta property=\"article:modified_time\" content=\"2024-10-30T09:35:48+00:00\" \/>\n<meta property=\"og:image\" content=\"https:\/\/railway-displays.com\/wp-content\/uploads\/2020\/01\/MIERZECICE-LK-182-5-scaled-e1730280897668.jpg\" \/>\n\t<meta property=\"og:image:width\" content=\"1920\" \/>\n\t<meta property=\"og:image:height\" content=\"1890\" \/>\n\t<meta property=\"og:image:type\" content=\"image\/jpeg\" \/>\n<meta name=\"twitter:card\" content=\"summary_large_image\" \/>\n<meta name=\"twitter:label1\" content=\"Szacowany czas czytania\" \/>\n\t<meta name=\"twitter:data1\" content=\"1 minuta\" \/>\n<script type=\"application\/ld+json\" class=\"yoast-schema-graph\">{\"@context\":\"https:\/\/schema.org\",\"@graph\":[{\"@type\":\"WebPage\",\"@id\":\"https:\/\/railway-displays.com\/pl\/produkt\/infokiosk-lcd-tft\/\",\"url\":\"https:\/\/railway-displays.com\/pl\/produkt\/infokiosk-lcd-tft\/\",\"name\":\"WY\u015aWIETLACZ WIELOFUNKCYJNY - INFOKIOSK LCD TFT - Dysten\",\"isPartOf\":{\"@id\":\"https:\/\/railway-displays.com\/pl\/#website\"},\"primaryImageOfPage\":{\"@id\":\"https:\/\/railway-displays.com\/pl\/produkt\/infokiosk-lcd-tft\/#primaryimage\"},\"image\":{\"@id\":\"https:\/\/railway-displays.com\/pl\/produkt\/infokiosk-lcd-tft\/#primaryimage\"},\"thumbnailUrl\":\"https:\/\/railway-displays.com\/wp-content\/uploads\/2020\/01\/MIERZECICE-LK-182-5-scaled-e1730280897668.jpg\",\"datePublished\":\"2020-01-17T16:16:16+00:00\",\"dateModified\":\"2024-10-30T09:35:48+00:00\",\"description\":\"Info kiosk LCD TFT dedykowany dla operator\u00f3w transportu publicznego w tym kolei, zgodny z IPI-6 PKP PLK, przyciski\",\"breadcrumb\":{\"@id\":\"https:\/\/railway-displays.com\/pl\/produkt\/infokiosk-lcd-tft\/#breadcrumb\"},\"inLanguage\":\"pl-PL\",\"potentialAction\":[{\"@type\":\"ReadAction\",\"target\":[\"https:\/\/railway-displays.com\/pl\/produkt\/infokiosk-lcd-tft\/\"]}]},{\"@type\":\"ImageObject\",\"inLanguage\":\"pl-PL\",\"@id\":\"https:\/\/railway-displays.com\/pl\/produkt\/infokiosk-lcd-tft\/#primaryimage\",\"url\":\"https:\/\/railway-displays.com\/wp-content\/uploads\/2020\/01\/MIERZECICE-LK-182-5-scaled-e1730280897668.jpg\",\"contentUrl\":\"https:\/\/railway-displays.com\/wp-content\/uploads\/2020\/01\/MIERZECICE-LK-182-5-scaled-e1730280897668.jpg\",\"width\":1920,\"height\":1890,\"caption\":\"Wy\u015bwietlacz wielofunkcyjny - Infokiosk\"},{\"@type\":\"BreadcrumbList\",\"@id\":\"https:\/\/railway-displays.com\/pl\/produkt\/infokiosk-lcd-tft\/#breadcrumb\",\"itemListElement\":[{\"@type\":\"ListItem\",\"position\":1,\"name\":\"Home\",\"item\":\"https:\/\/railway-displays.com\/pl\/\"},{\"@type\":\"ListItem\",\"position\":2,\"name\":\"Products\",\"item\":\"https:\/\/railway-displays.com\/en\/shop\/\"},{\"@type\":\"ListItem\",\"position\":3,\"name\":\"WY\u015aWIETLACZ WIELOFUNKCYJNY &#8211; INFOKIOSK LCD TFT\"}]},{\"@type\":\"WebSite\",\"@id\":\"https:\/\/railway-displays.com\/pl\/#website\",\"url\":\"https:\/\/railway-displays.com\/pl\/\",\"name\":\"Dysten\",\"description\":\"dysten\",\"potentialAction\":[{\"@type\":\"SearchAction\",\"target\":{\"@type\":\"EntryPoint\",\"urlTemplate\":\"https:\/\/railway-displays.com\/pl\/?s={search_term_string}\"},\"query-input\":{\"@type\":\"PropertyValueSpecification\",\"valueRequired\":true,\"valueName\":\"search_term_string\"}}],\"inLanguage\":\"pl-PL\"}]}<\/script>\n<!-- \/ Yoast SEO plugin. -->","yoast_head_json":{"title":"WY\u015aWIETLACZ WIELOFUNKCYJNY - INFOKIOSK LCD TFT - Dysten","description":"Info kiosk LCD TFT dedykowany dla operator\u00f3w transportu publicznego w tym kolei, zgodny z IPI-6 PKP PLK, przyciski","robots":{"index":"index","follow":"follow","max-snippet":"max-snippet:-1","max-image-preview":"max-image-preview:large","max-video-preview":"max-video-preview:-1"},"canonical":"https:\/\/railway-displays.com\/pl\/produkt\/infokiosk-lcd-tft\/","og_locale":"pl_PL","og_type":"article","og_title":"WY\u015aWIETLACZ WIELOFUNKCYJNY - INFOKIOSK LCD TFT - Dysten","og_description":"Info kiosk LCD TFT dedykowany dla operator\u00f3w transportu publicznego w tym kolei, zgodny z IPI-6 PKP PLK, przyciski","og_url":"https:\/\/railway-displays.com\/pl\/produkt\/infokiosk-lcd-tft\/","og_site_name":"Dysten","article_modified_time":"2024-10-30T09:35:48+00:00","og_image":[{"width":1920,"height":1890,"url":"https:\/\/railway-displays.com\/wp-content\/uploads\/2020\/01\/MIERZECICE-LK-182-5-scaled-e1730280897668.jpg","type":"image\/jpeg"}],"twitter_card":"summary_large_image","twitter_misc":{"Szacowany czas czytania":"1 minuta"},"schema":{"@context":"https:\/\/schema.org","@graph":[{"@type":"WebPage","@id":"https:\/\/railway-displays.com\/pl\/produkt\/infokiosk-lcd-tft\/","url":"https:\/\/railway-displays.com\/pl\/produkt\/infokiosk-lcd-tft\/","name":"WY\u015aWIETLACZ WIELOFUNKCYJNY - INFOKIOSK LCD TFT - Dysten","isPartOf":{"@id":"https:\/\/railway-displays.com\/pl\/#website"},"primaryImageOfPage":{"@id":"https:\/\/railway-displays.com\/pl\/produkt\/infokiosk-lcd-tft\/#primaryimage"},"image":{"@id":"https:\/\/railway-displays.com\/pl\/produkt\/infokiosk-lcd-tft\/#primaryimage"},"thumbnailUrl":"https:\/\/railway-displays.com\/wp-content\/uploads\/2020\/01\/MIERZECICE-LK-182-5-scaled-e1730280897668.jpg","datePublished":"2020-01-17T16:16:16+00:00","dateModified":"2024-10-30T09:35:48+00:00","description":"Info kiosk LCD TFT dedykowany dla operator\u00f3w transportu publicznego w tym kolei, zgodny z IPI-6 PKP PLK, przyciski","breadcrumb":{"@id":"https:\/\/railway-displays.com\/pl\/produkt\/infokiosk-lcd-tft\/#breadcrumb"},"inLanguage":"pl-PL","potentialAction":[{"@type":"ReadAction","target":["https:\/\/railway-displays.com\/pl\/produkt\/infokiosk-lcd-tft\/"]}]},{"@type":"ImageObject","inLanguage":"pl-PL","@id":"https:\/\/railway-displays.com\/pl\/produkt\/infokiosk-lcd-tft\/#primaryimage","url":"https:\/\/railway-displays.com\/wp-content\/uploads\/2020\/01\/MIERZECICE-LK-182-5-scaled-e1730280897668.jpg","contentUrl":"https:\/\/railway-displays.com\/wp-content\/uploads\/2020\/01\/MIERZECICE-LK-182-5-scaled-e1730280897668.jpg","width":1920,"height":1890,"caption":"Wy\u015bwietlacz wielofunkcyjny - Infokiosk"},{"@type":"BreadcrumbList","@id":"https:\/\/railway-displays.com\/pl\/produkt\/infokiosk-lcd-tft\/#breadcrumb","itemListElement":[{"@type":"ListItem","position":1,"name":"Home","item":"https:\/\/railway-displays.com\/pl\/"},{"@type":"ListItem","position":2,"name":"Products","item":"https:\/\/railway-displays.com\/en\/shop\/"},{"@type":"ListItem","position":3,"name":"WY\u015aWIETLACZ WIELOFUNKCYJNY &#8211; INFOKIOSK LCD TFT"}]},{"@type":"WebSite","@id":"https:\/\/railway-displays.com\/pl\/#website","url":"https:\/\/railway-displays.com\/pl\/","name":"Dysten","description":"dysten","potentialAction":[{"@type":"SearchAction","target":{"@type":"EntryPoint","urlTemplate":"https:\/\/railway-displays.com\/pl\/?s={search_term_string}"},"query-input":{"@type":"PropertyValueSpecification","valueRequired":true,"valueName":"search_term_string"}}],"inLanguage":"pl-PL"}]}},"_links":{"self":[{"href":"https:\/\/railway-displays.com\/pl\/wp-json\/wp\/v2\/product\/6840","targetHints":{"allow":["GET"]}}],"collection":[{"href":"https:\/\/railway-displays.com\/pl\/wp-json\/wp\/v2\/product"}],"about":[{"href":"https:\/\/railway-displays.com\/pl\/wp-json\/wp\/v2\/types\/product"}],"wp:featuredmedia":[{"embeddable":true,"href":"https:\/\/railway-displays.com\/pl\/wp-json\/wp\/v2\/media\/19296"}],"wp:attachment":[{"href":"https:\/\/railway-displays.com\/pl\/wp-json\/wp\/v2\/media?parent=6840"}],"wp:term":[{"taxonomy":"product_cat","embeddable":true,"href":"https:\/\/railway-displays.com\/pl\/wp-json\/wp\/v2\/product_cat?post=6840"},{"taxonomy":"product_tag","embeddable":true,"href":"https:\/\/railway-displays.com\/pl\/wp-json\/wp\/v2\/product_tag?post=6840"}],"curies":[{"name":"wp","href":"https:\/\/api.w.org\/{rel}","templated":true}]}}