{"id":6842,"date":"2020-01-17T16:19:58","date_gmt":"2020-01-17T16:19:58","guid":{"rendered":"http:\/\/railway-displays.com\/product\/low-power-lcd\/"},"modified":"2025-01-23T12:48:48","modified_gmt":"2025-01-23T12:48:48","slug":"low-power-lcd","status":"publish","type":"product","link":"https:\/\/railway-displays.com\/pl\/produkt\/low-power-lcd\/","title":{"rendered":"MONOCHROMATYCZNY WY\u015aWIETLACZ LCD"},"content":{"rendered":"<div class=\"wpb-content-wrapper\"><p>[vc_row][vc_column][vc_raw_js]JTNDc2NyaXB0JTNFJTBBbGV0JTIwbmV3VGl0bGUlMjAlM0QlMjBkb2N1bWVudC5nZXRFbGVtZW50c0J5Q2xhc3NOYW1lJTI4JTI3ZWx0ZGYtc2luZ2xlLXByb2R1Y3QtdGl0bGUlMjclMjklM0IlMEFpZiUyMCUyOG5ld1RpdGxlJTIwJTI2JTI2JTIwbmV3VGl0bGUubGVuZ3RoJTIwJTNFJTIwMCUyOSUyMCU3QiUwQSUyMG5ld1RpdGxlJTIwJTNEJTIwbmV3VGl0bGUlNUIwJTVELmlubmVyVGV4dCUwQSUyMGlmJTI4ZG9jdW1lbnQucmVhZHlTdGF0ZSUyMCUzRCUzRCUzRCUyMCUyN3JlYWR5JTI3JTIwJTdDJTdDJTIwZG9jdW1lbnQucmVhZHlTdGF0ZSUyMCUzRCUzRCUzRCUyMCUyN2NvbXBsZXRlJTI3JTI5JTIwJTdCJTBBJTIwc2V0VGl0bGUlMjhuZXdUaXRsZSUyOSUzQiUwQSUyMHRyYW5zbGF0ZURlc2NyaXB0aW9uJTI4JTI5JTNCJTBBJTdEJTIwZWxzZSUyMCU3QiUwQSUyMCUyMGRvY3VtZW50Lm9ucmVhZHlzdGF0ZWNoYW5nZSUyMCUzRCUyMGZ1bmN0aW9uJTIwJTI4JTI5JTIwJTdCJTBBJTIwJTIwJTIwJTIwaWYlMjAlMjhkb2N1bWVudC5yZWFkeVN0YXRlJTIwJTNEJTNEJTIwJTIyY29tcGxldGUlMjIlMjklMjAlN0IlMEElMjAlMjAlMjAlMjAlMjAlMjBzZXRUaXRsZSUyOG5ld1RpdGxlJTI5JTNCJTBBJTIwJTIwJTIwJTIwJTIwJTIwdHJhbnNsYXRlRGVzY3JpcHRpb24lMjglMjklMEElMjAlMjAlMjAlMjAlN0QlMEElMjAlMjAlN0QlMEElN0QlMEElN0QlMEElMEFmdW5jdGlvbiUyMHNldFRpdGxlJTI4dGl0bGUlMjklMjAlN0IlMEElMjBkb2N1bWVudC5nZXRFbGVtZW50QnlJZCUyOCUyN3RpdGxlJTI3JTI5LnZhbHVlJTIwJTNEJTIwdGl0bGUlM0IlMEElMjBkb2N1bWVudC5nZXRFbGVtZW50QnlJZCUyOCUyN2NvbnRhY3QtdGV4dCUyNyUyOS52YWx1ZSUyMCUyQiUzRCUyMCUyNyUzQSUyMCUyNyUyMCUyQiUyMHRpdGxlJTNCJTBBJTdEJTBBJTBBZnVuY3Rpb24lMjB0cmFuc2xhdGVEZXNjcmlwdGlvbiUyOCUyOSUyMCU3QiUwQSUyMGNvbnN0JTIwZGVzYyUyMCUzRCUyMGRvY3VtZW50LmdldEVsZW1lbnRzQnlDbGFzc05hbWUlMjglMjdkZXNjcmlwdGlvbl90YWIlMjclMjklM0IlMEElMEElMjBpZiUyMCUyOGRlc2MlMjAlMjYlMjYlMjBkZXNjLmxlbmd0aCUyMCUzRSUyMDAlMjklMjAlN0IlMjAlMEElMjAlMjBjb25zdCUyMHRpdGxlJTIwJTNEJTIwZGVzYyU1QjAlNUQuZ2V0RWxlbWVudHNCeUNsYXNzTmFtZSUyOCUyN2VsdGRmLXRhYi10aXRsZSUyNyUyOSUzQiUwQSUwQSUyMCUyMGlmJTIwJTI4dGl0bGUlMjAlMjYlMjYlMjB0aXRsZS5sZW5ndGglMjAlM0UlMjAwJTI5JTIwJTdCJTBBJTIwJTIwJTIwdGl0bGUlNUIwJTVELmlubmVyVGV4dCUyMCUzRCUyMCUyMk9waXMlMjIlM0IlMEElMjAlMjAlN0QlMEElMjAlN0QlMEElN0QlMEElMEElM0MlMkZzY3JpcHQlM0UlMEE=[\/vc_raw_js][\/vc_column][\/vc_row][vc_row][vc_column][vc_column_text]Monochromatyczny wy\u015bwietlacz LCD o nast\u0119pnym odje\u017adzie poci\u0105gu pokazuje tylko niezb\u0119dne informacje o numerze linii, przystanku docelowym i faktycznym czasie przyjazdu. Idealne rozwi\u0105zanie na stacj\u0119 metra. Ma\u0142y pob\u00f3r pr\u0105du, ma\u0142y rozmiar, czytelna i prosta informacja.[\/vc_column_text][\/vc_column][\/vc_row]<\/p>\n<\/div>","protected":false},"excerpt":{"rendered":"<p>Monochromatyczny wy\u015bwietlacz pokazuje nr linii, kierunek oraz aktualny czas odjazdu pojazdu u\u017cywaj\u0105c przy tym minimaln\u0105 ilo\u015b\u0107 mocy \u2013 energii.<\/p>\n","protected":false},"featured_media":6080,"template":"","meta":{"content-type":""},"product_cat":[227,228,241,220],"product_tag":[223,243,242,244,225,224],"class_list":{"0":"post-6842","1":"product","2":"type-product","3":"status-publish","4":"has-post-thumbnail","6":"product_cat-dlugi-dystans-pl","7":"product_cat-full-outdoor-pl","8":"product_cat-lcd-pl","9":"product_cat-semi-outdoor-pl","10":"product_tag-passenger-information-system-pl","11":"product_tag-lcd-passenger-information-display-pl","12":"product_tag-lcd-displays-pl","13":"product_tag-low-power-displays-pl","14":"product_tag-railway-displays-pl","15":"product_tag-pid-displays-pl","17":"first","18":"instock","19":"shipping-taxable","20":"product-type-external"},"yoast_head":"<!-- This site is optimized with the Yoast SEO plugin v23.9 - https:\/\/yoast.com\/wordpress\/plugins\/seo\/ -->\n<title>MONOCHROMATYCZNY WY\u015aWIETLACZ LCD - niski pob\u00f3r mocy<\/title>\n<meta name=\"description\" content=\"Monochromatyczny wy\u015bwietlacz LCD - low power LCD, zu\u017cywaj\u0105cej bardzo ma\u0142o energii elektrycznej, prosty design, wy\u015bwietla nast\u0119pny odjazd\" \/>\n<meta name=\"robots\" content=\"index, follow, max-snippet:-1, max-image-preview:large, max-video-preview:-1\" \/>\n<link rel=\"canonical\" href=\"https:\/\/railway-displays.com\/pl\/produkt\/low-power-lcd\/\" \/>\n<meta property=\"og:locale\" content=\"pl_PL\" \/>\n<meta property=\"og:type\" content=\"article\" \/>\n<meta property=\"og:title\" content=\"MONOCHROMATYCZNY WY\u015aWIETLACZ LCD - niski pob\u00f3r mocy\" \/>\n<meta property=\"og:description\" content=\"Monochromatyczny wy\u015bwietlacz LCD - low power LCD, zu\u017cywaj\u0105cej bardzo ma\u0142o energii elektrycznej, prosty design, wy\u015bwietla nast\u0119pny odjazd\" \/>\n<meta property=\"og:url\" content=\"https:\/\/railway-displays.com\/pl\/produkt\/low-power-lcd\/\" \/>\n<meta property=\"og:site_name\" content=\"Dysten\" \/>\n<meta property=\"article:modified_time\" content=\"2025-01-23T12:48:48+00:00\" \/>\n<meta property=\"og:image\" content=\"https:\/\/railway-displays.com\/wp-content\/uploads\/2020\/01\/LOW_POWER.png\" \/>\n\t<meta property=\"og:image:width\" content=\"800\" \/>\n\t<meta property=\"og:image:height\" content=\"370\" \/>\n\t<meta property=\"og:image:type\" content=\"image\/png\" \/>\n<meta name=\"twitter:card\" content=\"summary_large_image\" \/>\n<meta name=\"twitter:label1\" content=\"Szacowany czas czytania\" \/>\n\t<meta name=\"twitter:data1\" content=\"1 minuta\" \/>\n<script type=\"application\/ld+json\" class=\"yoast-schema-graph\">{\"@context\":\"https:\/\/schema.org\",\"@graph\":[{\"@type\":\"WebPage\",\"@id\":\"https:\/\/railway-displays.com\/pl\/produkt\/low-power-lcd\/\",\"url\":\"https:\/\/railway-displays.com\/pl\/produkt\/low-power-lcd\/\",\"name\":\"MONOCHROMATYCZNY WY\u015aWIETLACZ LCD - niski pob\u00f3r mocy\",\"isPartOf\":{\"@id\":\"https:\/\/railway-displays.com\/pl\/#website\"},\"primaryImageOfPage\":{\"@id\":\"https:\/\/railway-displays.com\/pl\/produkt\/low-power-lcd\/#primaryimage\"},\"image\":{\"@id\":\"https:\/\/railway-displays.com\/pl\/produkt\/low-power-lcd\/#primaryimage\"},\"thumbnailUrl\":\"https:\/\/railway-displays.com\/wp-content\/uploads\/2020\/01\/LOW_POWER.png\",\"datePublished\":\"2020-01-17T16:19:58+00:00\",\"dateModified\":\"2025-01-23T12:48:48+00:00\",\"description\":\"Monochromatyczny wy\u015bwietlacz LCD - low power LCD, zu\u017cywaj\u0105cej bardzo ma\u0142o energii elektrycznej, prosty design, wy\u015bwietla nast\u0119pny odjazd\",\"breadcrumb\":{\"@id\":\"https:\/\/railway-displays.com\/pl\/produkt\/low-power-lcd\/#breadcrumb\"},\"inLanguage\":\"pl-PL\",\"potentialAction\":[{\"@type\":\"ReadAction\",\"target\":[\"https:\/\/railway-displays.com\/pl\/produkt\/low-power-lcd\/\"]}]},{\"@type\":\"ImageObject\",\"inLanguage\":\"pl-PL\",\"@id\":\"https:\/\/railway-displays.com\/pl\/produkt\/low-power-lcd\/#primaryimage\",\"url\":\"https:\/\/railway-displays.com\/wp-content\/uploads\/2020\/01\/LOW_POWER.png\",\"contentUrl\":\"https:\/\/railway-displays.com\/wp-content\/uploads\/2020\/01\/LOW_POWER.png\",\"width\":800,\"height\":370,\"caption\":\"low power LCD energy saving display\"},{\"@type\":\"BreadcrumbList\",\"@id\":\"https:\/\/railway-displays.com\/pl\/produkt\/low-power-lcd\/#breadcrumb\",\"itemListElement\":[{\"@type\":\"ListItem\",\"position\":1,\"name\":\"Home\",\"item\":\"https:\/\/railway-displays.com\/pl\/\"},{\"@type\":\"ListItem\",\"position\":2,\"name\":\"Products\",\"item\":\"https:\/\/railway-displays.com\/en\/shop\/\"},{\"@type\":\"ListItem\",\"position\":3,\"name\":\"MONOCHROMATYCZNY WY\u015aWIETLACZ LCD\"}]},{\"@type\":\"WebSite\",\"@id\":\"https:\/\/railway-displays.com\/pl\/#website\",\"url\":\"https:\/\/railway-displays.com\/pl\/\",\"name\":\"Dysten\",\"description\":\"dysten\",\"potentialAction\":[{\"@type\":\"SearchAction\",\"target\":{\"@type\":\"EntryPoint\",\"urlTemplate\":\"https:\/\/railway-displays.com\/pl\/?s={search_term_string}\"},\"query-input\":{\"@type\":\"PropertyValueSpecification\",\"valueRequired\":true,\"valueName\":\"search_term_string\"}}],\"inLanguage\":\"pl-PL\"}]}<\/script>\n<!-- \/ Yoast SEO plugin. -->","yoast_head_json":{"title":"MONOCHROMATYCZNY WY\u015aWIETLACZ LCD - niski pob\u00f3r mocy","description":"Monochromatyczny wy\u015bwietlacz LCD - low power LCD, zu\u017cywaj\u0105cej bardzo ma\u0142o energii elektrycznej, prosty design, wy\u015bwietla nast\u0119pny odjazd","robots":{"index":"index","follow":"follow","max-snippet":"max-snippet:-1","max-image-preview":"max-image-preview:large","max-video-preview":"max-video-preview:-1"},"canonical":"https:\/\/railway-displays.com\/pl\/produkt\/low-power-lcd\/","og_locale":"pl_PL","og_type":"article","og_title":"MONOCHROMATYCZNY WY\u015aWIETLACZ LCD - niski pob\u00f3r mocy","og_description":"Monochromatyczny wy\u015bwietlacz LCD - low power LCD, zu\u017cywaj\u0105cej bardzo ma\u0142o energii elektrycznej, prosty design, wy\u015bwietla nast\u0119pny odjazd","og_url":"https:\/\/railway-displays.com\/pl\/produkt\/low-power-lcd\/","og_site_name":"Dysten","article_modified_time":"2025-01-23T12:48:48+00:00","og_image":[{"width":800,"height":370,"url":"https:\/\/railway-displays.com\/wp-content\/uploads\/2020\/01\/LOW_POWER.png","type":"image\/png"}],"twitter_card":"summary_large_image","twitter_misc":{"Szacowany czas czytania":"1 minuta"},"schema":{"@context":"https:\/\/schema.org","@graph":[{"@type":"WebPage","@id":"https:\/\/railway-displays.com\/pl\/produkt\/low-power-lcd\/","url":"https:\/\/railway-displays.com\/pl\/produkt\/low-power-lcd\/","name":"MONOCHROMATYCZNY WY\u015aWIETLACZ LCD - niski pob\u00f3r mocy","isPartOf":{"@id":"https:\/\/railway-displays.com\/pl\/#website"},"primaryImageOfPage":{"@id":"https:\/\/railway-displays.com\/pl\/produkt\/low-power-lcd\/#primaryimage"},"image":{"@id":"https:\/\/railway-displays.com\/pl\/produkt\/low-power-lcd\/#primaryimage"},"thumbnailUrl":"https:\/\/railway-displays.com\/wp-content\/uploads\/2020\/01\/LOW_POWER.png","datePublished":"2020-01-17T16:19:58+00:00","dateModified":"2025-01-23T12:48:48+00:00","description":"Monochromatyczny wy\u015bwietlacz LCD - low power LCD, zu\u017cywaj\u0105cej bardzo ma\u0142o energii elektrycznej, prosty design, wy\u015bwietla nast\u0119pny odjazd","breadcrumb":{"@id":"https:\/\/railway-displays.com\/pl\/produkt\/low-power-lcd\/#breadcrumb"},"inLanguage":"pl-PL","potentialAction":[{"@type":"ReadAction","target":["https:\/\/railway-displays.com\/pl\/produkt\/low-power-lcd\/"]}]},{"@type":"ImageObject","inLanguage":"pl-PL","@id":"https:\/\/railway-displays.com\/pl\/produkt\/low-power-lcd\/#primaryimage","url":"https:\/\/railway-displays.com\/wp-content\/uploads\/2020\/01\/LOW_POWER.png","contentUrl":"https:\/\/railway-displays.com\/wp-content\/uploads\/2020\/01\/LOW_POWER.png","width":800,"height":370,"caption":"low power LCD energy saving display"},{"@type":"BreadcrumbList","@id":"https:\/\/railway-displays.com\/pl\/produkt\/low-power-lcd\/#breadcrumb","itemListElement":[{"@type":"ListItem","position":1,"name":"Home","item":"https:\/\/railway-displays.com\/pl\/"},{"@type":"ListItem","position":2,"name":"Products","item":"https:\/\/railway-displays.com\/en\/shop\/"},{"@type":"ListItem","position":3,"name":"MONOCHROMATYCZNY WY\u015aWIETLACZ LCD"}]},{"@type":"WebSite","@id":"https:\/\/railway-displays.com\/pl\/#website","url":"https:\/\/railway-displays.com\/pl\/","name":"Dysten","description":"dysten","potentialAction":[{"@type":"SearchAction","target":{"@type":"EntryPoint","urlTemplate":"https:\/\/railway-displays.com\/pl\/?s={search_term_string}"},"query-input":{"@type":"PropertyValueSpecification","valueRequired":true,"valueName":"search_term_string"}}],"inLanguage":"pl-PL"}]}},"_links":{"self":[{"href":"https:\/\/railway-displays.com\/pl\/wp-json\/wp\/v2\/product\/6842","targetHints":{"allow":["GET"]}}],"collection":[{"href":"https:\/\/railway-displays.com\/pl\/wp-json\/wp\/v2\/product"}],"about":[{"href":"https:\/\/railway-displays.com\/pl\/wp-json\/wp\/v2\/types\/product"}],"wp:featuredmedia":[{"embeddable":true,"href":"https:\/\/railway-displays.com\/pl\/wp-json\/wp\/v2\/media\/6080"}],"wp:attachment":[{"href":"https:\/\/railway-displays.com\/pl\/wp-json\/wp\/v2\/media?parent=6842"}],"wp:term":[{"taxonomy":"product_cat","embeddable":true,"href":"https:\/\/railway-displays.com\/pl\/wp-json\/wp\/v2\/product_cat?post=6842"},{"taxonomy":"product_tag","embeddable":true,"href":"https:\/\/railway-displays.com\/pl\/wp-json\/wp\/v2\/product_tag?post=6842"}],"curies":[{"name":"wp","href":"https:\/\/api.w.org\/{rel}","templated":true}]}}