{"id":6844,"date":"2020-01-28T15:46:13","date_gmt":"2020-01-28T15:46:13","guid":{"rendered":"http:\/\/railway-displays.com\/product\/e-paper-passenger-information\/"},"modified":"2025-01-23T12:43:20","modified_gmt":"2025-01-23T12:43:20","slug":"e-papier-wyswietlacz-informacji-pasazerskiej","status":"publish","type":"product","link":"https:\/\/railway-displays.com\/pl\/produkt\/e-papier-wyswietlacz-informacji-pasazerskiej\/","title":{"rendered":"E-PAPIER WY\u015aWIETLACZ INFORMACJI PASA\u017bERSKIEJ"},"content":{"rendered":"<div class=\"wpb-content-wrapper\"><p>[vc_row][vc_column][vc_raw_js]JTNDc2NyaXB0JTNFJTBBbGV0JTIwbmV3VGl0bGUlMjAlM0QlMjBkb2N1bWVudC5nZXRFbGVtZW50c0J5Q2xhc3NOYW1lJTI4JTI3ZWx0ZGYtc2luZ2xlLXByb2R1Y3QtdGl0bGUlMjclMjklM0IlMEFpZiUyMCUyOG5ld1RpdGxlJTIwJTI2JTI2JTIwbmV3VGl0bGUubGVuZ3RoJTIwJTNFJTIwMCUyOSUyMCU3QiUwQSUyMG5ld1RpdGxlJTIwJTNEJTIwbmV3VGl0bGUlNUIwJTVELmlubmVyVGV4dCUwQSUyMGlmJTI4ZG9jdW1lbnQucmVhZHlTdGF0ZSUyMCUzRCUzRCUzRCUyMCUyN3JlYWR5JTI3JTIwJTdDJTdDJTIwZG9jdW1lbnQucmVhZHlTdGF0ZSUyMCUzRCUzRCUzRCUyMCUyN2NvbXBsZXRlJTI3JTI5JTIwJTdCJTBBJTIwc2V0VGl0bGUlMjhuZXdUaXRsZSUyOSUzQiUwQSUyMHRyYW5zbGF0ZURlc2NyaXB0aW9uJTI4JTI5JTNCJTBBJTdEJTIwZWxzZSUyMCU3QiUwQSUyMCUyMGRvY3VtZW50Lm9ucmVhZHlzdGF0ZWNoYW5nZSUyMCUzRCUyMGZ1bmN0aW9uJTIwJTI4JTI5JTIwJTdCJTBBJTIwJTIwJTIwJTIwaWYlMjAlMjhkb2N1bWVudC5yZWFkeVN0YXRlJTIwJTNEJTNEJTIwJTIyY29tcGxldGUlMjIlMjklMjAlN0IlMEElMjAlMjAlMjAlMjAlMjAlMjBzZXRUaXRsZSUyOG5ld1RpdGxlJTI5JTNCJTBBJTIwJTIwJTIwJTIwJTIwJTIwdHJhbnNsYXRlRGVzY3JpcHRpb24lMjglMjklMEElMjAlMjAlMjAlMjAlN0QlMEElMjAlMjAlN0QlMEElN0QlMEElN0QlMEElMEFmdW5jdGlvbiUyMHNldFRpdGxlJTI4dGl0bGUlMjklMjAlN0IlMEElMjBkb2N1bWVudC5nZXRFbGVtZW50QnlJZCUyOCUyN3RpdGxlJTI3JTI5LnZhbHVlJTIwJTNEJTIwdGl0bGUlM0IlMEElMjBkb2N1bWVudC5nZXRFbGVtZW50QnlJZCUyOCUyN2NvbnRhY3QtdGV4dCUyNyUyOS52YWx1ZSUyMCUyQiUzRCUyMCUyNyUzQSUyMCUyNyUyMCUyQiUyMHRpdGxlJTNCJTBBJTdEJTBBJTBBZnVuY3Rpb24lMjB0cmFuc2xhdGVEZXNjcmlwdGlvbiUyOCUyOSUyMCU3QiUwQSUyMGNvbnN0JTIwZGVzYyUyMCUzRCUyMGRvY3VtZW50LmdldEVsZW1lbnRzQnlDbGFzc05hbWUlMjglMjdkZXNjcmlwdGlvbl90YWIlMjclMjklM0IlMEElMEElMjBpZiUyMCUyOGRlc2MlMjAlMjYlMjYlMjBkZXNjLmxlbmd0aCUyMCUzRSUyMDAlMjklMjAlN0IlMjAlMEElMjAlMjBjb25zdCUyMHRpdGxlJTIwJTNEJTIwZGVzYyU1QjAlNUQuZ2V0RWxlbWVudHNCeUNsYXNzTmFtZSUyOCUyN2VsdGRmLXRhYi10aXRsZSUyNyUyOSUzQiUwQSUwQSUyMCUyMGlmJTIwJTI4dGl0bGUlMjAlMjYlMjYlMjB0aXRsZS5sZW5ndGglMjAlM0UlMjAwJTI5JTIwJTdCJTBBJTIwJTIwJTIwdGl0bGUlNUIwJTVELmlubmVyVGV4dCUyMCUzRCUyMCUyMk9waXMlMjIlM0IlMEElMjAlMjAlN0QlMEElMjAlN0QlMEElN0QlMEElMEElM0MlMkZzY3JpcHQlM0UlMEE=[\/vc_raw_js][\/vc_column][\/vc_row][vc_row][vc_column]<div class=\"eltdf-item-showcase-holder clearfix\"><div class=\"eltdf-is-item eltdf-is-left\">\n\t<div class=\"eltdf-is-content\">\n\t\t\t\t\t<h4 class=\"eltdf-is-title\" >\n\t\t\t\t\t\t\t\tNIEZWYKLE NISKIE ZU\u017bYCIE ENERGII\t\t\t\t\t\t\t<\/h4>\n\t\t\t\t\t\t\t<p class=\"eltdf-is-text\" >Energia elektryczna jest wykorzystywana g\u0142\u00f3wnie do zmiany tre\u015bci. Urz\u0105dzenie mo\u017ce by\u0107 w pe\u0142ni autonomiczne - wykorzystuj\u0105ce energi\u0119 z odnawialnych \u017ar\u00f3de\u0142<\/p>\n\t\t\t<\/div>\n<\/div><div class=\"eltdf-is-item eltdf-is-left\">\n\t<div class=\"eltdf-is-content\">\n\t\t\t\t\t<h4 class=\"eltdf-is-title\" >\n\t\t\t\t\t\t\t\tINFORMACJE W CZASIE RZECZYWISTYM\t\t\t\t\t\t\t<\/h4>\n\t\t\t\t\t\t\t<p class=\"eltdf-is-text\" >Bie\u017c\u0105ce informacje o przylotach i odlotach, ostrze\u017cenia i wszelkie inne tre\u015bci 24\/7<\/p>\n\t\t\t<\/div>\n<\/div><div class=\"eltdf-is-item eltdf-is-left\">\n\t<div class=\"eltdf-is-content\">\n\t\t\t\t\t<h4 class=\"eltdf-is-title\" >\n\t\t\t\t\t\t\t\tDOBRA CZYTELNO\u015a\u0106\t\t\t\t\t\t\t<\/h4>\n\t\t\t\t\t\t\t<p class=\"eltdf-is-text\" >Komfort ogl\u0105dania - zupe\u0142nie jak czytanie ksi\u0105\u017cki<\/p>\n\t\t\t<\/div>\n<\/div><div class=\"eltdf-is-item eltdf-is-right\">\n\t<div class=\"eltdf-is-content\">\n\t\t\t\t\t<h4 class=\"eltdf-is-title\" >\n\t\t\t\t\t\t\t\tODPORNO\u015a\u0106\t\t\t\t\t\t\t<\/h4>\n\t\t\t\t\t\t\t<p class=\"eltdf-is-text\" >Wy\u015bwietlacz odporny na trudne warunki atmosferyczne oraz wandaloodporny IP 65 i IK 08<\/p>\n\t\t\t<\/div>\n<\/div><div class=\"eltdf-is-item eltdf-is-right\">\n\t<div class=\"eltdf-is-content\">\n\t\t\t\t\t<h4 class=\"eltdf-is-title\" >\n\t\t\t\t\t\t\t\tELASTYCZNO\u015a\u0106\t\t\t\t\t\t\t<\/h4>\n\t\t\t\t\t\t\t<p class=\"eltdf-is-text\" >Dost\u0119pne w r\u00f3\u017cnych rozmiarach i konfiguracjach, z przyciskami funkcyjnymi, panelem SOS lub opcjami zamiany tekstu na mow\u0119<\/p>\n\t\t\t<\/div>\n<\/div><div class=\"eltdf-is-item eltdf-is-right\">\n\t<div class=\"eltdf-is-content\">\n\t\t\t\t\t<h4 class=\"eltdf-is-title\" >\n\t\t\t\t\t\t\t\tZARZ\u0104DZANIE PRZEZ CHMUR\u0118\t\t\t\t\t\t\t<\/h4>\n\t\t\t\t\t\t\t<p class=\"eltdf-is-text\" >Zdalne zarz\u0105dzanie przez sie\u0107 GSM zapewnia \u0142atw\u0105 obs\u0142ug\u0119, umo\u017cliwia niezale\u017cny dost\u0119p do wszystkich lokalizacji<\/p>\n\t\t\t<\/div>\n<\/div><div class=\"eltdf-is-image\" style=\"margin-top: -100px\"><img width=\"300\" height=\"600\" src=\"https:\/\/railway-displays.com\/wp-content\/uploads\/2020\/01\/E-papier-passenger-information-real-time.jpg\" class=\"attachment-full size-full\" alt=\"E-paper passenger information real-time\" srcset=\"https:\/\/railway-displays.com\/wp-content\/uploads\/2020\/01\/E-papier-passenger-information-real-time.jpg 300w, https:\/\/railway-displays.com\/wp-content\/uploads\/2020\/01\/E-papier-passenger-information-real-time-150x300.jpg 150w\" sizes=\"(max-width: 300px) 100vw, 300px\" \/><\/div><\/div>[\/vc_column][\/vc_row]<\/p>\n<\/div>","protected":false},"excerpt":{"rendered":"<p>E-papier to technologia, w kt\u00f3rej DYSTEN konstruuje urz\u0105dzenia informacji pasa\u017cerskiej o ekstremalnie niskim zu\u017cyciu energii. Energia jest pobierana jedynie przy zmianie tre\u015bci. E-papierowy wy\u015bwietlacz informacji pasa\u017cerskiej na przystanki, dworce, stacje i perony &#8211; wy\u015bwietla czasy przyjazd\u00f3w i odjazd\u00f3w statycznie lub w czasie rzeczywistym.<\/p>\n","protected":false},"featured_media":7855,"template":"","meta":{"content-type":""},"product_cat":[249,228,237,220],"product_tag":[223,246,247,244,225,224],"class_list":{"0":"post-6844","1":"product","2":"type-product","3":"status-publish","4":"has-post-thumbnail","6":"product_cat-e-papier-pl","7":"product_cat-full-outdoor-pl","8":"product_cat-krotki-dystans-pl","9":"product_cat-semi-outdoor-pl","10":"product_tag-passenger-information-system-pl","11":"product_tag-e-paper-displays-pl","12":"product_tag-e-paper-passenger-information-display-pl","13":"product_tag-low-power-displays-pl","14":"product_tag-railway-displays-pl","15":"product_tag-pid-displays-pl","17":"first","18":"instock","19":"shipping-taxable","20":"product-type-external"},"yoast_head":"<!-- This site is optimized with the Yoast SEO plugin v23.9 - https:\/\/yoast.com\/wordpress\/plugins\/seo\/ -->\n<title>E-PAPIER WY\u015aWIETLACZ INFORMACJI PASA\u017bERSKIEJ - Dysten<\/title>\n<meta name=\"description\" content=\"e-papier wy\u015bwietlacz informacji pasa\u017cerskiej dla kolei, informacja pasa\u017cerska e-papier na przystankach, dworcach, stacjach i peronach\" \/>\n<meta name=\"robots\" content=\"index, follow, max-snippet:-1, max-image-preview:large, max-video-preview:-1\" \/>\n<link rel=\"canonical\" href=\"https:\/\/railway-displays.com\/pl\/produkt\/e-papier-wyswietlacz-informacji-pasazerskiej\/\" \/>\n<meta property=\"og:locale\" content=\"pl_PL\" \/>\n<meta property=\"og:type\" content=\"article\" \/>\n<meta property=\"og:title\" content=\"E-PAPIER WY\u015aWIETLACZ INFORMACJI PASA\u017bERSKIEJ - Dysten\" \/>\n<meta property=\"og:description\" content=\"e-papier wy\u015bwietlacz informacji pasa\u017cerskiej dla kolei, informacja pasa\u017cerska e-papier na przystankach, dworcach, stacjach i peronach\" \/>\n<meta property=\"og:url\" content=\"https:\/\/railway-displays.com\/pl\/produkt\/e-papier-wyswietlacz-informacji-pasazerskiej\/\" \/>\n<meta property=\"og:site_name\" content=\"Dysten\" \/>\n<meta property=\"article:modified_time\" content=\"2025-01-23T12:43:20+00:00\" \/>\n<meta property=\"og:image\" content=\"https:\/\/railway-displays.com\/wp-content\/uploads\/2020\/01\/E-papier-passenger-information-display.png\" \/>\n\t<meta property=\"og:image:width\" content=\"1280\" \/>\n\t<meta property=\"og:image:height\" content=\"1124\" \/>\n\t<meta property=\"og:image:type\" content=\"image\/png\" \/>\n<meta name=\"twitter:card\" content=\"summary_large_image\" \/>\n<meta name=\"twitter:label1\" content=\"Szacowany czas czytania\" \/>\n\t<meta name=\"twitter:data1\" content=\"1 minuta\" \/>\n<script type=\"application\/ld+json\" class=\"yoast-schema-graph\">{\"@context\":\"https:\/\/schema.org\",\"@graph\":[{\"@type\":\"WebPage\",\"@id\":\"https:\/\/railway-displays.com\/pl\/produkt\/e-papier-wyswietlacz-informacji-pasazerskiej\/\",\"url\":\"https:\/\/railway-displays.com\/pl\/produkt\/e-papier-wyswietlacz-informacji-pasazerskiej\/\",\"name\":\"E-PAPIER WY\u015aWIETLACZ INFORMACJI PASA\u017bERSKIEJ - Dysten\",\"isPartOf\":{\"@id\":\"https:\/\/railway-displays.com\/pl\/#website\"},\"primaryImageOfPage\":{\"@id\":\"https:\/\/railway-displays.com\/pl\/produkt\/e-papier-wyswietlacz-informacji-pasazerskiej\/#primaryimage\"},\"image\":{\"@id\":\"https:\/\/railway-displays.com\/pl\/produkt\/e-papier-wyswietlacz-informacji-pasazerskiej\/#primaryimage\"},\"thumbnailUrl\":\"https:\/\/railway-displays.com\/wp-content\/uploads\/2020\/01\/E-papier-passenger-information-display.png\",\"datePublished\":\"2020-01-28T15:46:13+00:00\",\"dateModified\":\"2025-01-23T12:43:20+00:00\",\"description\":\"e-papier wy\u015bwietlacz informacji pasa\u017cerskiej dla kolei, informacja pasa\u017cerska e-papier na przystankach, dworcach, stacjach i peronach\",\"breadcrumb\":{\"@id\":\"https:\/\/railway-displays.com\/pl\/produkt\/e-papier-wyswietlacz-informacji-pasazerskiej\/#breadcrumb\"},\"inLanguage\":\"pl-PL\",\"potentialAction\":[{\"@type\":\"ReadAction\",\"target\":[\"https:\/\/railway-displays.com\/pl\/produkt\/e-papier-wyswietlacz-informacji-pasazerskiej\/\"]}]},{\"@type\":\"ImageObject\",\"inLanguage\":\"pl-PL\",\"@id\":\"https:\/\/railway-displays.com\/pl\/produkt\/e-papier-wyswietlacz-informacji-pasazerskiej\/#primaryimage\",\"url\":\"https:\/\/railway-displays.com\/wp-content\/uploads\/2020\/01\/E-papier-passenger-information-display.png\",\"contentUrl\":\"https:\/\/railway-displays.com\/wp-content\/uploads\/2020\/01\/E-papier-passenger-information-display.png\",\"width\":1280,\"height\":1124,\"caption\":\"E-papier passenger information display system dynamicznej informacji pasa\u017cerskiej dla kolei\"},{\"@type\":\"BreadcrumbList\",\"@id\":\"https:\/\/railway-displays.com\/pl\/produkt\/e-papier-wyswietlacz-informacji-pasazerskiej\/#breadcrumb\",\"itemListElement\":[{\"@type\":\"ListItem\",\"position\":1,\"name\":\"Home\",\"item\":\"https:\/\/railway-displays.com\/pl\/\"},{\"@type\":\"ListItem\",\"position\":2,\"name\":\"Products\",\"item\":\"https:\/\/railway-displays.com\/en\/shop\/\"},{\"@type\":\"ListItem\",\"position\":3,\"name\":\"E-PAPIER WY\u015aWIETLACZ INFORMACJI PASA\u017bERSKIEJ\"}]},{\"@type\":\"WebSite\",\"@id\":\"https:\/\/railway-displays.com\/pl\/#website\",\"url\":\"https:\/\/railway-displays.com\/pl\/\",\"name\":\"Dysten\",\"description\":\"dysten\",\"potentialAction\":[{\"@type\":\"SearchAction\",\"target\":{\"@type\":\"EntryPoint\",\"urlTemplate\":\"https:\/\/railway-displays.com\/pl\/?s={search_term_string}\"},\"query-input\":{\"@type\":\"PropertyValueSpecification\",\"valueRequired\":true,\"valueName\":\"search_term_string\"}}],\"inLanguage\":\"pl-PL\"}]}<\/script>\n<!-- \/ Yoast SEO plugin. -->","yoast_head_json":{"title":"E-PAPIER WY\u015aWIETLACZ INFORMACJI PASA\u017bERSKIEJ - Dysten","description":"e-papier wy\u015bwietlacz informacji pasa\u017cerskiej dla kolei, informacja pasa\u017cerska e-papier na przystankach, dworcach, stacjach i peronach","robots":{"index":"index","follow":"follow","max-snippet":"max-snippet:-1","max-image-preview":"max-image-preview:large","max-video-preview":"max-video-preview:-1"},"canonical":"https:\/\/railway-displays.com\/pl\/produkt\/e-papier-wyswietlacz-informacji-pasazerskiej\/","og_locale":"pl_PL","og_type":"article","og_title":"E-PAPIER WY\u015aWIETLACZ INFORMACJI PASA\u017bERSKIEJ - Dysten","og_description":"e-papier wy\u015bwietlacz informacji pasa\u017cerskiej dla kolei, informacja pasa\u017cerska e-papier na przystankach, dworcach, stacjach i peronach","og_url":"https:\/\/railway-displays.com\/pl\/produkt\/e-papier-wyswietlacz-informacji-pasazerskiej\/","og_site_name":"Dysten","article_modified_time":"2025-01-23T12:43:20+00:00","og_image":[{"width":1280,"height":1124,"url":"https:\/\/railway-displays.com\/wp-content\/uploads\/2020\/01\/E-papier-passenger-information-display.png","type":"image\/png"}],"twitter_card":"summary_large_image","twitter_misc":{"Szacowany czas czytania":"1 minuta"},"schema":{"@context":"https:\/\/schema.org","@graph":[{"@type":"WebPage","@id":"https:\/\/railway-displays.com\/pl\/produkt\/e-papier-wyswietlacz-informacji-pasazerskiej\/","url":"https:\/\/railway-displays.com\/pl\/produkt\/e-papier-wyswietlacz-informacji-pasazerskiej\/","name":"E-PAPIER WY\u015aWIETLACZ INFORMACJI PASA\u017bERSKIEJ - Dysten","isPartOf":{"@id":"https:\/\/railway-displays.com\/pl\/#website"},"primaryImageOfPage":{"@id":"https:\/\/railway-displays.com\/pl\/produkt\/e-papier-wyswietlacz-informacji-pasazerskiej\/#primaryimage"},"image":{"@id":"https:\/\/railway-displays.com\/pl\/produkt\/e-papier-wyswietlacz-informacji-pasazerskiej\/#primaryimage"},"thumbnailUrl":"https:\/\/railway-displays.com\/wp-content\/uploads\/2020\/01\/E-papier-passenger-information-display.png","datePublished":"2020-01-28T15:46:13+00:00","dateModified":"2025-01-23T12:43:20+00:00","description":"e-papier wy\u015bwietlacz informacji pasa\u017cerskiej dla kolei, informacja pasa\u017cerska e-papier na przystankach, dworcach, stacjach i peronach","breadcrumb":{"@id":"https:\/\/railway-displays.com\/pl\/produkt\/e-papier-wyswietlacz-informacji-pasazerskiej\/#breadcrumb"},"inLanguage":"pl-PL","potentialAction":[{"@type":"ReadAction","target":["https:\/\/railway-displays.com\/pl\/produkt\/e-papier-wyswietlacz-informacji-pasazerskiej\/"]}]},{"@type":"ImageObject","inLanguage":"pl-PL","@id":"https:\/\/railway-displays.com\/pl\/produkt\/e-papier-wyswietlacz-informacji-pasazerskiej\/#primaryimage","url":"https:\/\/railway-displays.com\/wp-content\/uploads\/2020\/01\/E-papier-passenger-information-display.png","contentUrl":"https:\/\/railway-displays.com\/wp-content\/uploads\/2020\/01\/E-papier-passenger-information-display.png","width":1280,"height":1124,"caption":"E-papier passenger information display system dynamicznej informacji pasa\u017cerskiej dla kolei"},{"@type":"BreadcrumbList","@id":"https:\/\/railway-displays.com\/pl\/produkt\/e-papier-wyswietlacz-informacji-pasazerskiej\/#breadcrumb","itemListElement":[{"@type":"ListItem","position":1,"name":"Home","item":"https:\/\/railway-displays.com\/pl\/"},{"@type":"ListItem","position":2,"name":"Products","item":"https:\/\/railway-displays.com\/en\/shop\/"},{"@type":"ListItem","position":3,"name":"E-PAPIER WY\u015aWIETLACZ INFORMACJI PASA\u017bERSKIEJ"}]},{"@type":"WebSite","@id":"https:\/\/railway-displays.com\/pl\/#website","url":"https:\/\/railway-displays.com\/pl\/","name":"Dysten","description":"dysten","potentialAction":[{"@type":"SearchAction","target":{"@type":"EntryPoint","urlTemplate":"https:\/\/railway-displays.com\/pl\/?s={search_term_string}"},"query-input":{"@type":"PropertyValueSpecification","valueRequired":true,"valueName":"search_term_string"}}],"inLanguage":"pl-PL"}]}},"_links":{"self":[{"href":"https:\/\/railway-displays.com\/pl\/wp-json\/wp\/v2\/product\/6844","targetHints":{"allow":["GET"]}}],"collection":[{"href":"https:\/\/railway-displays.com\/pl\/wp-json\/wp\/v2\/product"}],"about":[{"href":"https:\/\/railway-displays.com\/pl\/wp-json\/wp\/v2\/types\/product"}],"wp:featuredmedia":[{"embeddable":true,"href":"https:\/\/railway-displays.com\/pl\/wp-json\/wp\/v2\/media\/7855"}],"wp:attachment":[{"href":"https:\/\/railway-displays.com\/pl\/wp-json\/wp\/v2\/media?parent=6844"}],"wp:term":[{"taxonomy":"product_cat","embeddable":true,"href":"https:\/\/railway-displays.com\/pl\/wp-json\/wp\/v2\/product_cat?post=6844"},{"taxonomy":"product_tag","embeddable":true,"href":"https:\/\/railway-displays.com\/pl\/wp-json\/wp\/v2\/product_tag?post=6844"}],"curies":[{"name":"wp","href":"https:\/\/api.w.org\/{rel}","templated":true}]}}