{"id":8627,"date":"2020-07-01T09:45:26","date_gmt":"2020-07-01T09:45:26","guid":{"rendered":"https:\/\/railway-displays.com\/?post_type=product&#038;p=8627\/"},"modified":"2025-01-23T12:47:13","modified_gmt":"2025-01-23T12:47:13","slug":"czujnik-ruchu-pociagow","status":"publish","type":"product","link":"https:\/\/railway-displays.com\/pl\/produkt\/czujnik-ruchu-pociagow\/","title":{"rendered":"Czujnik ruchu poci\u0105g\u00f3w"},"content":{"rendered":"<div class=\"wpb-content-wrapper\"><p>[vc_row][vc_column][vc_raw_js]JTNDc2NyaXB0JTNFJTBBbGV0JTIwbmV3VGl0bGUlMjAlM0QlMjBkb2N1bWVudC5nZXRFbGVtZW50c0J5Q2xhc3NOYW1lJTI4JTI3ZWx0ZGYtc2luZ2xlLXByb2R1Y3QtdGl0bGUlMjclMjklM0IlMEFpZiUyMCUyOG5ld1RpdGxlJTIwJTI2JTI2JTIwbmV3VGl0bGUubGVuZ3RoJTIwJTNFJTIwMCUyOSUyMCU3QiUwQSUyMG5ld1RpdGxlJTIwJTNEJTIwbmV3VGl0bGUlNUIwJTVELmlubmVyVGV4dCUwQSUyMGlmJTI4ZG9jdW1lbnQucmVhZHlTdGF0ZSUyMCUzRCUzRCUzRCUyMCUyN3JlYWR5JTI3JTIwJTdDJTdDJTIwZG9jdW1lbnQucmVhZHlTdGF0ZSUyMCUzRCUzRCUzRCUyMCUyN2NvbXBsZXRlJTI3JTI5JTIwJTdCJTBBJTIwc2V0VGl0bGUlMjhuZXdUaXRsZSUyOSUzQiUwQSUyMHRyYW5zbGF0ZURlc2NyaXB0aW9uJTI4JTI5JTNCJTBBJTdEJTIwZWxzZSUyMCU3QiUwQSUyMCUyMGRvY3VtZW50Lm9ucmVhZHlzdGF0ZWNoYW5nZSUyMCUzRCUyMGZ1bmN0aW9uJTIwJTI4JTI5JTIwJTdCJTBBJTIwJTIwJTIwJTIwaWYlMjAlMjhkb2N1bWVudC5yZWFkeVN0YXRlJTIwJTNEJTNEJTIwJTIyY29tcGxldGUlMjIlMjklMjAlN0IlMEElMjAlMjAlMjAlMjAlMjAlMjBzZXRUaXRsZSUyOG5ld1RpdGxlJTI5JTNCJTBBJTIwJTIwJTIwJTIwJTIwJTIwdHJhbnNsYXRlRGVzY3JpcHRpb24lMjglMjklMEElMjAlMjAlMjAlMjAlN0QlMEElMjAlMjAlN0QlMEElN0QlMEElN0QlMEElMEFmdW5jdGlvbiUyMHNldFRpdGxlJTI4dGl0bGUlMjklMjAlN0IlMEElMjBkb2N1bWVudC5nZXRFbGVtZW50QnlJZCUyOCUyN3RpdGxlJTI3JTI5LnZhbHVlJTIwJTNEJTIwdGl0bGUlM0IlMEElMjBkb2N1bWVudC5nZXRFbGVtZW50QnlJZCUyOCUyN2NvbnRhY3QtdGV4dCUyNyUyOS52YWx1ZSUyMCUyQiUzRCUyMCUyNyUzQSUyMCUyNyUyMCUyQiUyMHRpdGxlJTNCJTBBJTdEJTBBJTBBZnVuY3Rpb24lMjB0cmFuc2xhdGVEZXNjcmlwdGlvbiUyOCUyOSUyMCU3QiUwQSUyMGNvbnN0JTIwZGVzYyUyMCUzRCUyMGRvY3VtZW50LmdldEVsZW1lbnRzQnlDbGFzc05hbWUlMjglMjdkZXNjcmlwdGlvbl90YWIlMjclMjklM0IlMEElMEElMjBpZiUyMCUyOGRlc2MlMjAlMjYlMjYlMjBkZXNjLmxlbmd0aCUyMCUzRSUyMDAlMjklMjAlN0IlMjAlMEElMjAlMjBjb25zdCUyMHRpdGxlJTIwJTNEJTIwZGVzYyU1QjAlNUQuZ2V0RWxlbWVudHNCeUNsYXNzTmFtZSUyOCUyN2VsdGRmLXRhYi10aXRsZSUyNyUyOSUzQiUwQSUwQSUyMCUyMGlmJTIwJTI4dGl0bGUlMjAlMjYlMjYlMjB0aXRsZS5sZW5ndGglMjAlM0UlMjAwJTI5JTIwJTdCJTBBJTIwJTIwJTIwdGl0bGUlNUIwJTVELmlubmVyVGV4dCUyMCUzRCUyMCUyMk9waXMlMjIlM0IlMEElMjAlMjAlN0QlMEElMjAlN0QlMEElN0QlMEElMEElM0MlMkZzY3JpcHQlM0UlMEE=[\/vc_raw_js][\/vc_column][\/vc_row][vc_row][vc_column][vc_column_text]Czujnik ruchu poci\u0105g\u00f3w zosta\u0142 zaprojektowany zgodnie z Wytycznymi w sprawie element\u00f3w wykonawczych Centralnego Systemu Dynamicznej Informacji Pasa\u017cerskiej i Infrastruktury towarzysz\u0105cej IPI-6, stanowi\u0105cej <a href=\"https:\/\/www.plk-sa.pl\/files\/public\/user_upload\/pdf\/Akty_prawne_i_przepisy\/Instrukcje\/Wydruk\/Ipi-6_Wytyczne_w_sprawie_elementow_wykonawczych_Centr_Sys_Dynamiczne_01_2019.pdf\" target=\"_blank\" rel=\"noopener noreferrer\">za\u0142\u0105cznik do uchwa\u0142y nr 1052\/2018 Zarz\u0105du PKP Polskie Linie Kolejowe S.A.<\/a><\/p>\n<p>Czujnik ruchu poci\u0105g\u00f3w jest przystosowany do pracy w warunkach eksploatacyjnych wynikaj\u0105cych z miejsca jego instalacji i zapewnia nieprzerwan\u0105 prac\u0119 w ekstremalnych warunkach atmosferycznych tj. oblodzenie, \u015bnieg, kurz, deszcz, silny wiatr, silne nas\u0142onecznienie.<\/p>\n<p>W czujniku stosowane s\u0105 dwie techniki wykrywania obecno\u015bci poci\u0105gu.<\/p>\n<p>Czujniki Ruchu Poci\u0105g\u00f3w s\u0142u\u017c\u0105 do wykrywania obecno\u015bci poci\u0105g\u00f3w przemieszczaj\u0105cych si\u0119 po torze przy kraw\u0119dzi peronowej, przy kt\u00f3rej s\u0105 zainstalowane. Instalowane s\u0105 nie mniej ni\u017c dwa czujniki ruchu poci\u0105g\u00f3w (czujnik wjazdowy oraz czujnik wyjazdowy) na ka\u017cdej czynnej kraw\u0119dzi peronowej stacji lub przystank\u00f3w osobowych[\/vc_column_text][\/vc_column][\/vc_row]<\/p>\n<\/div>","protected":false},"excerpt":{"rendered":"<p>Czujnik ruchu poci\u0105g\u00f3w s\u0142u\u017cy do wykrywania obecno\u015bci poci\u0105g\u00f3w przemieszczaj\u0105cych si\u0119 po torze przy danej kraw\u0119dzi peronowej, przy kt\u00f3rej s\u0105 zamontowane. Czujnik ruchu poci\u0105g\u00f3w wykrywa czy i kiedy poci\u0105g wje\u017cd\u017ca na peron i kiedy z tego peronu wyje\u017cd\u017ca, informacja ta przekazywana jest do Centralnego Systemu Dynamicznej Informacji Podr\u00f3\u017cnych (CSDIP)<\/p>\n","protected":false},"featured_media":8629,"template":"","meta":{"content-type":""},"product_cat":[341,228,220],"product_tag":[338,340,339,223],"class_list":{"0":"post-8627","1":"product","2":"type-product","3":"status-publish","4":"has-post-thumbnail","6":"product_cat-czujnik-ruchu-pociagow","7":"product_cat-full-outdoor-pl","8":"product_cat-semi-outdoor-pl","9":"product_tag-csdip","10":"product_tag-czujnik-ruchu-pociagow","11":"product_tag-plk","12":"product_tag-passenger-information-system-pl","14":"first","15":"instock","16":"shipping-taxable","17":"product-type-external"},"yoast_head":"<!-- This site is optimized with the Yoast SEO plugin v23.9 - https:\/\/yoast.com\/wordpress\/plugins\/seo\/ -->\n<title>Czujnik ruchu poci\u0105g\u00f3w, czujnik wjazdu na peron IPI-6<\/title>\n<meta name=\"description\" content=\"Czujnik ruchu poci\u0105g\u00f3w przeznaczony do detekcji obecno\u015bci poci\u0105gu przeje\u017cd\u017caj\u0105cego przy peronie. Czujnik wjazdu na peron zgodny z IPI-6 i CASDIP\" \/>\n<meta name=\"robots\" content=\"index, follow, max-snippet:-1, max-image-preview:large, max-video-preview:-1\" \/>\n<link rel=\"canonical\" href=\"https:\/\/railway-displays.com\/pl\/produkt\/czujnik-ruchu-pociagow\/\" \/>\n<meta property=\"og:locale\" content=\"pl_PL\" \/>\n<meta property=\"og:type\" content=\"article\" \/>\n<meta property=\"og:title\" content=\"Czujnik ruchu poci\u0105g\u00f3w, czujnik wjazdu na peron IPI-6\" \/>\n<meta property=\"og:description\" content=\"Czujnik ruchu poci\u0105g\u00f3w przeznaczony do detekcji obecno\u015bci poci\u0105gu przeje\u017cd\u017caj\u0105cego przy peronie. Czujnik wjazdu na peron zgodny z IPI-6 i CASDIP\" \/>\n<meta property=\"og:url\" content=\"https:\/\/railway-displays.com\/pl\/produkt\/czujnik-ruchu-pociagow\/\" \/>\n<meta property=\"og:site_name\" content=\"Dysten\" \/>\n<meta property=\"article:modified_time\" content=\"2025-01-23T12:47:13+00:00\" \/>\n<meta property=\"og:image\" content=\"https:\/\/railway-displays.com\/wp-content\/uploads\/2020\/07\/czujnik-wjazdu-na-peron.jpg\" \/>\n\t<meta property=\"og:image:width\" content=\"800\" \/>\n\t<meta property=\"og:image:height\" content=\"533\" \/>\n\t<meta property=\"og:image:type\" content=\"image\/jpeg\" \/>\n<meta name=\"twitter:card\" content=\"summary_large_image\" \/>\n<meta name=\"twitter:label1\" content=\"Szacowany czas czytania\" \/>\n\t<meta name=\"twitter:data1\" content=\"1 minuta\" \/>\n<script type=\"application\/ld+json\" class=\"yoast-schema-graph\">{\"@context\":\"https:\/\/schema.org\",\"@graph\":[{\"@type\":\"WebPage\",\"@id\":\"https:\/\/railway-displays.com\/pl\/produkt\/czujnik-ruchu-pociagow\/\",\"url\":\"https:\/\/railway-displays.com\/pl\/produkt\/czujnik-ruchu-pociagow\/\",\"name\":\"Czujnik ruchu poci\u0105g\u00f3w, czujnik wjazdu na peron IPI-6\",\"isPartOf\":{\"@id\":\"https:\/\/railway-displays.com\/pl\/#website\"},\"primaryImageOfPage\":{\"@id\":\"https:\/\/railway-displays.com\/pl\/produkt\/czujnik-ruchu-pociagow\/#primaryimage\"},\"image\":{\"@id\":\"https:\/\/railway-displays.com\/pl\/produkt\/czujnik-ruchu-pociagow\/#primaryimage\"},\"thumbnailUrl\":\"https:\/\/railway-displays.com\/wp-content\/uploads\/2020\/07\/czujnik-wjazdu-na-peron.jpg\",\"datePublished\":\"2020-07-01T09:45:26+00:00\",\"dateModified\":\"2025-01-23T12:47:13+00:00\",\"description\":\"Czujnik ruchu poci\u0105g\u00f3w przeznaczony do detekcji obecno\u015bci poci\u0105gu przeje\u017cd\u017caj\u0105cego przy peronie. Czujnik wjazdu na peron zgodny z IPI-6 i CASDIP\",\"breadcrumb\":{\"@id\":\"https:\/\/railway-displays.com\/pl\/produkt\/czujnik-ruchu-pociagow\/#breadcrumb\"},\"inLanguage\":\"pl-PL\",\"potentialAction\":[{\"@type\":\"ReadAction\",\"target\":[\"https:\/\/railway-displays.com\/pl\/produkt\/czujnik-ruchu-pociagow\/\"]}]},{\"@type\":\"ImageObject\",\"inLanguage\":\"pl-PL\",\"@id\":\"https:\/\/railway-displays.com\/pl\/produkt\/czujnik-ruchu-pociagow\/#primaryimage\",\"url\":\"https:\/\/railway-displays.com\/wp-content\/uploads\/2020\/07\/czujnik-wjazdu-na-peron.jpg\",\"contentUrl\":\"https:\/\/railway-displays.com\/wp-content\/uploads\/2020\/07\/czujnik-wjazdu-na-peron.jpg\",\"width\":800,\"height\":533,\"caption\":\"Train movement sensor czujnik ruchu poci\u0105g\u00f3w, czujnik wjazdu na peron\"},{\"@type\":\"BreadcrumbList\",\"@id\":\"https:\/\/railway-displays.com\/pl\/produkt\/czujnik-ruchu-pociagow\/#breadcrumb\",\"itemListElement\":[{\"@type\":\"ListItem\",\"position\":1,\"name\":\"Home\",\"item\":\"https:\/\/railway-displays.com\/pl\/\"},{\"@type\":\"ListItem\",\"position\":2,\"name\":\"Products\",\"item\":\"https:\/\/railway-displays.com\/en\/shop\/\"},{\"@type\":\"ListItem\",\"position\":3,\"name\":\"Czujnik ruchu poci\u0105g\u00f3w\"}]},{\"@type\":\"WebSite\",\"@id\":\"https:\/\/railway-displays.com\/pl\/#website\",\"url\":\"https:\/\/railway-displays.com\/pl\/\",\"name\":\"Dysten\",\"description\":\"dysten\",\"potentialAction\":[{\"@type\":\"SearchAction\",\"target\":{\"@type\":\"EntryPoint\",\"urlTemplate\":\"https:\/\/railway-displays.com\/pl\/?s={search_term_string}\"},\"query-input\":{\"@type\":\"PropertyValueSpecification\",\"valueRequired\":true,\"valueName\":\"search_term_string\"}}],\"inLanguage\":\"pl-PL\"}]}<\/script>\n<!-- \/ Yoast SEO plugin. -->","yoast_head_json":{"title":"Czujnik ruchu poci\u0105g\u00f3w, czujnik wjazdu na peron IPI-6","description":"Czujnik ruchu poci\u0105g\u00f3w przeznaczony do detekcji obecno\u015bci poci\u0105gu przeje\u017cd\u017caj\u0105cego przy peronie. Czujnik wjazdu na peron zgodny z IPI-6 i CASDIP","robots":{"index":"index","follow":"follow","max-snippet":"max-snippet:-1","max-image-preview":"max-image-preview:large","max-video-preview":"max-video-preview:-1"},"canonical":"https:\/\/railway-displays.com\/pl\/produkt\/czujnik-ruchu-pociagow\/","og_locale":"pl_PL","og_type":"article","og_title":"Czujnik ruchu poci\u0105g\u00f3w, czujnik wjazdu na peron IPI-6","og_description":"Czujnik ruchu poci\u0105g\u00f3w przeznaczony do detekcji obecno\u015bci poci\u0105gu przeje\u017cd\u017caj\u0105cego przy peronie. Czujnik wjazdu na peron zgodny z IPI-6 i CASDIP","og_url":"https:\/\/railway-displays.com\/pl\/produkt\/czujnik-ruchu-pociagow\/","og_site_name":"Dysten","article_modified_time":"2025-01-23T12:47:13+00:00","og_image":[{"width":800,"height":533,"url":"https:\/\/railway-displays.com\/wp-content\/uploads\/2020\/07\/czujnik-wjazdu-na-peron.jpg","type":"image\/jpeg"}],"twitter_card":"summary_large_image","twitter_misc":{"Szacowany czas czytania":"1 minuta"},"schema":{"@context":"https:\/\/schema.org","@graph":[{"@type":"WebPage","@id":"https:\/\/railway-displays.com\/pl\/produkt\/czujnik-ruchu-pociagow\/","url":"https:\/\/railway-displays.com\/pl\/produkt\/czujnik-ruchu-pociagow\/","name":"Czujnik ruchu poci\u0105g\u00f3w, czujnik wjazdu na peron IPI-6","isPartOf":{"@id":"https:\/\/railway-displays.com\/pl\/#website"},"primaryImageOfPage":{"@id":"https:\/\/railway-displays.com\/pl\/produkt\/czujnik-ruchu-pociagow\/#primaryimage"},"image":{"@id":"https:\/\/railway-displays.com\/pl\/produkt\/czujnik-ruchu-pociagow\/#primaryimage"},"thumbnailUrl":"https:\/\/railway-displays.com\/wp-content\/uploads\/2020\/07\/czujnik-wjazdu-na-peron.jpg","datePublished":"2020-07-01T09:45:26+00:00","dateModified":"2025-01-23T12:47:13+00:00","description":"Czujnik ruchu poci\u0105g\u00f3w przeznaczony do detekcji obecno\u015bci poci\u0105gu przeje\u017cd\u017caj\u0105cego przy peronie. Czujnik wjazdu na peron zgodny z IPI-6 i CASDIP","breadcrumb":{"@id":"https:\/\/railway-displays.com\/pl\/produkt\/czujnik-ruchu-pociagow\/#breadcrumb"},"inLanguage":"pl-PL","potentialAction":[{"@type":"ReadAction","target":["https:\/\/railway-displays.com\/pl\/produkt\/czujnik-ruchu-pociagow\/"]}]},{"@type":"ImageObject","inLanguage":"pl-PL","@id":"https:\/\/railway-displays.com\/pl\/produkt\/czujnik-ruchu-pociagow\/#primaryimage","url":"https:\/\/railway-displays.com\/wp-content\/uploads\/2020\/07\/czujnik-wjazdu-na-peron.jpg","contentUrl":"https:\/\/railway-displays.com\/wp-content\/uploads\/2020\/07\/czujnik-wjazdu-na-peron.jpg","width":800,"height":533,"caption":"Train movement sensor czujnik ruchu poci\u0105g\u00f3w, czujnik wjazdu na peron"},{"@type":"BreadcrumbList","@id":"https:\/\/railway-displays.com\/pl\/produkt\/czujnik-ruchu-pociagow\/#breadcrumb","itemListElement":[{"@type":"ListItem","position":1,"name":"Home","item":"https:\/\/railway-displays.com\/pl\/"},{"@type":"ListItem","position":2,"name":"Products","item":"https:\/\/railway-displays.com\/en\/shop\/"},{"@type":"ListItem","position":3,"name":"Czujnik ruchu poci\u0105g\u00f3w"}]},{"@type":"WebSite","@id":"https:\/\/railway-displays.com\/pl\/#website","url":"https:\/\/railway-displays.com\/pl\/","name":"Dysten","description":"dysten","potentialAction":[{"@type":"SearchAction","target":{"@type":"EntryPoint","urlTemplate":"https:\/\/railway-displays.com\/pl\/?s={search_term_string}"},"query-input":{"@type":"PropertyValueSpecification","valueRequired":true,"valueName":"search_term_string"}}],"inLanguage":"pl-PL"}]}},"_links":{"self":[{"href":"https:\/\/railway-displays.com\/pl\/wp-json\/wp\/v2\/product\/8627","targetHints":{"allow":["GET"]}}],"collection":[{"href":"https:\/\/railway-displays.com\/pl\/wp-json\/wp\/v2\/product"}],"about":[{"href":"https:\/\/railway-displays.com\/pl\/wp-json\/wp\/v2\/types\/product"}],"wp:featuredmedia":[{"embeddable":true,"href":"https:\/\/railway-displays.com\/pl\/wp-json\/wp\/v2\/media\/8629"}],"wp:attachment":[{"href":"https:\/\/railway-displays.com\/pl\/wp-json\/wp\/v2\/media?parent=8627"}],"wp:term":[{"taxonomy":"product_cat","embeddable":true,"href":"https:\/\/railway-displays.com\/pl\/wp-json\/wp\/v2\/product_cat?post=8627"},{"taxonomy":"product_tag","embeddable":true,"href":"https:\/\/railway-displays.com\/pl\/wp-json\/wp\/v2\/product_tag?post=8627"}],"curies":[{"name":"wp","href":"https:\/\/api.w.org\/{rel}","templated":true}]}}