{"id":8642,"date":"2020-07-03T08:28:11","date_gmt":"2020-07-03T08:28:11","guid":{"rendered":"https:\/\/railway-displays.com\/?post_type=product&#038;p=8642\/"},"modified":"2025-01-23T12:44:13","modified_gmt":"2025-01-23T12:44:13","slug":"system-rozgloszeniowy","status":"publish","type":"product","link":"https:\/\/railway-displays.com\/pl\/produkt\/system-rozgloszeniowy\/","title":{"rendered":"System rozg\u0142oszeniowy"},"content":{"rendered":"<div class=\"wpb-content-wrapper\"><p>[vc_row][vc_column][vc_raw_js]JTNDc2NyaXB0JTNFJTBBbGV0JTIwbmV3VGl0bGUlMjAlM0QlMjBkb2N1bWVudC5nZXRFbGVtZW50c0J5Q2xhc3NOYW1lJTI4JTI3ZWx0ZGYtc2luZ2xlLXByb2R1Y3QtdGl0bGUlMjclMjklM0IlMEFpZiUyMCUyOG5ld1RpdGxlJTIwJTI2JTI2JTIwbmV3VGl0bGUubGVuZ3RoJTIwJTNFJTIwMCUyOSUyMCU3QiUwQSUyMG5ld1RpdGxlJTIwJTNEJTIwbmV3VGl0bGUlNUIwJTVELmlubmVyVGV4dCUwQSUyMGlmJTI4ZG9jdW1lbnQucmVhZHlTdGF0ZSUyMCUzRCUzRCUzRCUyMCUyN3JlYWR5JTI3JTIwJTdDJTdDJTIwZG9jdW1lbnQucmVhZHlTdGF0ZSUyMCUzRCUzRCUzRCUyMCUyN2NvbXBsZXRlJTI3JTI5JTIwJTdCJTBBJTIwc2V0VGl0bGUlMjhuZXdUaXRsZSUyOSUzQiUwQSUyMHRyYW5zbGF0ZURlc2NyaXB0aW9uJTI4JTI5JTNCJTBBJTdEJTIwZWxzZSUyMCU3QiUwQSUyMCUyMGRvY3VtZW50Lm9ucmVhZHlzdGF0ZWNoYW5nZSUyMCUzRCUyMGZ1bmN0aW9uJTIwJTI4JTI5JTIwJTdCJTBBJTIwJTIwJTIwJTIwaWYlMjAlMjhkb2N1bWVudC5yZWFkeVN0YXRlJTIwJTNEJTNEJTIwJTIyY29tcGxldGUlMjIlMjklMjAlN0IlMEElMjAlMjAlMjAlMjAlMjAlMjBzZXRUaXRsZSUyOG5ld1RpdGxlJTI5JTNCJTBBJTIwJTIwJTIwJTIwJTIwJTIwdHJhbnNsYXRlRGVzY3JpcHRpb24lMjglMjklMEElMjAlMjAlMjAlMjAlN0QlMEElMjAlMjAlN0QlMEElN0QlMEElN0QlMEElMEFmdW5jdGlvbiUyMHNldFRpdGxlJTI4dGl0bGUlMjklMjAlN0IlMEElMjBkb2N1bWVudC5nZXRFbGVtZW50QnlJZCUyOCUyN3RpdGxlJTI3JTI5LnZhbHVlJTIwJTNEJTIwdGl0bGUlM0IlMEElMjBkb2N1bWVudC5nZXRFbGVtZW50QnlJZCUyOCUyN2NvbnRhY3QtdGV4dCUyNyUyOS52YWx1ZSUyMCUyQiUzRCUyMCUyNyUzQSUyMCUyNyUyMCUyQiUyMHRpdGxlJTNCJTBBJTdEJTBBJTBBZnVuY3Rpb24lMjB0cmFuc2xhdGVEZXNjcmlwdGlvbiUyOCUyOSUyMCU3QiUwQSUyMGNvbnN0JTIwZGVzYyUyMCUzRCUyMGRvY3VtZW50LmdldEVsZW1lbnRzQnlDbGFzc05hbWUlMjglMjdkZXNjcmlwdGlvbl90YWIlMjclMjklM0IlMEElMEElMjBpZiUyMCUyOGRlc2MlMjAlMjYlMjYlMjBkZXNjLmxlbmd0aCUyMCUzRSUyMDAlMjklMjAlN0IlMjAlMEElMjAlMjBjb25zdCUyMHRpdGxlJTIwJTNEJTIwZGVzYyU1QjAlNUQuZ2V0RWxlbWVudHNCeUNsYXNzTmFtZSUyOCUyN2VsdGRmLXRhYi10aXRsZSUyNyUyOSUzQiUwQSUwQSUyMCUyMGlmJTIwJTI4dGl0bGUlMjAlMjYlMjYlMjB0aXRsZS5sZW5ndGglMjAlM0UlMjAwJTI5JTIwJTdCJTBBJTIwJTIwJTIwdGl0bGUlNUIwJTVELmlubmVyVGV4dCUyMCUzRCUyMCUyMk9waXMlMjIlM0IlMEElMjAlMjAlN0QlMEElMjAlN0QlMEElN0QlMEElMEElM0MlMkZzY3JpcHQlM0UlMEE=[\/vc_raw_js][\/vc_column][\/vc_row][vc_row][vc_column][vc_column_text]<strong>System rozg\u0142oszeniowy<\/strong> emituje dynamiczn\u0105 informacj\u0119 d\u017awi\u0119kow\u0105 o wykonaniu rozk\u0142adu jazdy poci\u0105g\u00f3w na stacjach i przystankach kolejowych.[\/vc_column_text][\/vc_column][\/vc_row]<\/p>\n<\/div>","protected":false},"excerpt":{"rendered":"<p>System rozg\u0142oszeniowy na dworce i perony jest wyposa\u017cony w:<\/p>\n<ul>\n<li>kontroler systemu rozg\u0142oszeniowego DYSTO<\/li>\n<li>wzmacniacze<\/li>\n<li>g\u0142o\u015bniki<\/li>\n<li>czujnik poziomu szumu otoczenia<\/li>\n<li>lokalne pulpity mikrofonowe PUMI 1819-2<\/li>\n<\/ul>\n<p>System rozg\u0142oszeniowy posiada mo\u017cliwo\u015b\u0107 emitowania komunikat\u00f3w g\u0142osowych generowanych automatycznie przez System Dynamicznej Informacji Pasa\u017cerskiej (CASDIP PKP PLK) oraz wyg\u0142aszanych lokalnie przez operator\u00f3w, dy\u017curnych ruchu.<\/p>\n","protected":false},"featured_media":8647,"template":"","meta":{"content-type":""},"product_cat":[228,220,342],"product_tag":[338,344,339,223,343],"class_list":{"0":"post-8642","1":"product","2":"type-product","3":"status-publish","4":"has-post-thumbnail","6":"product_cat-full-outdoor-pl","7":"product_cat-semi-outdoor-pl","8":"product_cat-system-rozgloszeniowy","9":"product_tag-csdip","10":"product_tag-ipi6","11":"product_tag-plk","12":"product_tag-passenger-information-system-pl","13":"product_tag-system-rozgloszeniowy","15":"first","16":"instock","17":"shipping-taxable","18":"product-type-external"},"yoast_head":"<!-- This site is optimized with the Yoast SEO plugin v23.9 - https:\/\/yoast.com\/wordpress\/plugins\/seo\/ -->\n<title>system rozg\u0142oszeniowy zgodny z CSDIP IPI6 PKP PLK<\/title>\n<meta name=\"description\" content=\"System rozg\u0142oszeniowy na dworce i perony posiada mo\u017cliwo\u015b\u0107 emitowania komunikat\u00f3w g\u0142osowych generowanych automatycznie CASDIP oraz wyg\u0142aszanych lokalnie\" \/>\n<meta name=\"robots\" content=\"index, follow, max-snippet:-1, max-image-preview:large, max-video-preview:-1\" \/>\n<link rel=\"canonical\" href=\"https:\/\/railway-displays.com\/pl\/produkt\/system-rozgloszeniowy\/\" \/>\n<meta property=\"og:locale\" content=\"pl_PL\" \/>\n<meta property=\"og:type\" content=\"article\" \/>\n<meta property=\"og:title\" content=\"system rozg\u0142oszeniowy zgodny z CSDIP IPI6 PKP PLK\" \/>\n<meta property=\"og:description\" content=\"System rozg\u0142oszeniowy na dworce i perony posiada mo\u017cliwo\u015b\u0107 emitowania komunikat\u00f3w g\u0142osowych generowanych automatycznie CASDIP oraz wyg\u0142aszanych lokalnie\" \/>\n<meta property=\"og:url\" content=\"https:\/\/railway-displays.com\/pl\/produkt\/system-rozgloszeniowy\/\" \/>\n<meta property=\"og:site_name\" content=\"Dysten\" \/>\n<meta property=\"article:modified_time\" content=\"2025-01-23T12:44:13+00:00\" \/>\n<meta property=\"og:image\" content=\"https:\/\/railway-displays.com\/wp-content\/uploads\/2020\/07\/system-rozg\u0142oszeniowy.jpg\" \/>\n\t<meta property=\"og:image:width\" content=\"599\" \/>\n\t<meta property=\"og:image:height\" content=\"561\" \/>\n\t<meta property=\"og:image:type\" content=\"image\/jpeg\" \/>\n<meta name=\"twitter:card\" content=\"summary_large_image\" \/>\n<meta name=\"twitter:label1\" content=\"Szacowany czas czytania\" \/>\n\t<meta name=\"twitter:data1\" content=\"1 minuta\" \/>\n<script type=\"application\/ld+json\" class=\"yoast-schema-graph\">{\"@context\":\"https:\/\/schema.org\",\"@graph\":[{\"@type\":\"WebPage\",\"@id\":\"https:\/\/railway-displays.com\/pl\/produkt\/system-rozgloszeniowy\/\",\"url\":\"https:\/\/railway-displays.com\/pl\/produkt\/system-rozgloszeniowy\/\",\"name\":\"system rozg\u0142oszeniowy zgodny z CSDIP IPI6 PKP PLK\",\"isPartOf\":{\"@id\":\"https:\/\/railway-displays.com\/pl\/#website\"},\"primaryImageOfPage\":{\"@id\":\"https:\/\/railway-displays.com\/pl\/produkt\/system-rozgloszeniowy\/#primaryimage\"},\"image\":{\"@id\":\"https:\/\/railway-displays.com\/pl\/produkt\/system-rozgloszeniowy\/#primaryimage\"},\"thumbnailUrl\":\"https:\/\/railway-displays.com\/wp-content\/uploads\/2020\/07\/system-rozg\u0142oszeniowy.jpg\",\"datePublished\":\"2020-07-03T08:28:11+00:00\",\"dateModified\":\"2025-01-23T12:44:13+00:00\",\"description\":\"System rozg\u0142oszeniowy na dworce i perony posiada mo\u017cliwo\u015b\u0107 emitowania komunikat\u00f3w g\u0142osowych generowanych automatycznie CASDIP oraz wyg\u0142aszanych lokalnie\",\"breadcrumb\":{\"@id\":\"https:\/\/railway-displays.com\/pl\/produkt\/system-rozgloszeniowy\/#breadcrumb\"},\"inLanguage\":\"pl-PL\",\"potentialAction\":[{\"@type\":\"ReadAction\",\"target\":[\"https:\/\/railway-displays.com\/pl\/produkt\/system-rozgloszeniowy\/\"]}]},{\"@type\":\"ImageObject\",\"inLanguage\":\"pl-PL\",\"@id\":\"https:\/\/railway-displays.com\/pl\/produkt\/system-rozgloszeniowy\/#primaryimage\",\"url\":\"https:\/\/railway-displays.com\/wp-content\/uploads\/2020\/07\/system-rozg\u0142oszeniowy.jpg\",\"contentUrl\":\"https:\/\/railway-displays.com\/wp-content\/uploads\/2020\/07\/system-rozg\u0142oszeniowy.jpg\",\"width\":599,\"height\":561,\"caption\":\"Public address system, system rozg\u0142oszeniowy\"},{\"@type\":\"BreadcrumbList\",\"@id\":\"https:\/\/railway-displays.com\/pl\/produkt\/system-rozgloszeniowy\/#breadcrumb\",\"itemListElement\":[{\"@type\":\"ListItem\",\"position\":1,\"name\":\"Home\",\"item\":\"https:\/\/railway-displays.com\/pl\/\"},{\"@type\":\"ListItem\",\"position\":2,\"name\":\"Products\",\"item\":\"https:\/\/railway-displays.com\/en\/shop\/\"},{\"@type\":\"ListItem\",\"position\":3,\"name\":\"System rozg\u0142oszeniowy\"}]},{\"@type\":\"WebSite\",\"@id\":\"https:\/\/railway-displays.com\/pl\/#website\",\"url\":\"https:\/\/railway-displays.com\/pl\/\",\"name\":\"Dysten\",\"description\":\"dysten\",\"potentialAction\":[{\"@type\":\"SearchAction\",\"target\":{\"@type\":\"EntryPoint\",\"urlTemplate\":\"https:\/\/railway-displays.com\/pl\/?s={search_term_string}\"},\"query-input\":{\"@type\":\"PropertyValueSpecification\",\"valueRequired\":true,\"valueName\":\"search_term_string\"}}],\"inLanguage\":\"pl-PL\"}]}<\/script>\n<!-- \/ Yoast SEO plugin. -->","yoast_head_json":{"title":"system rozg\u0142oszeniowy zgodny z CSDIP IPI6 PKP PLK","description":"System rozg\u0142oszeniowy na dworce i perony posiada mo\u017cliwo\u015b\u0107 emitowania komunikat\u00f3w g\u0142osowych generowanych automatycznie CASDIP oraz wyg\u0142aszanych lokalnie","robots":{"index":"index","follow":"follow","max-snippet":"max-snippet:-1","max-image-preview":"max-image-preview:large","max-video-preview":"max-video-preview:-1"},"canonical":"https:\/\/railway-displays.com\/pl\/produkt\/system-rozgloszeniowy\/","og_locale":"pl_PL","og_type":"article","og_title":"system rozg\u0142oszeniowy zgodny z CSDIP IPI6 PKP PLK","og_description":"System rozg\u0142oszeniowy na dworce i perony posiada mo\u017cliwo\u015b\u0107 emitowania komunikat\u00f3w g\u0142osowych generowanych automatycznie CASDIP oraz wyg\u0142aszanych lokalnie","og_url":"https:\/\/railway-displays.com\/pl\/produkt\/system-rozgloszeniowy\/","og_site_name":"Dysten","article_modified_time":"2025-01-23T12:44:13+00:00","og_image":[{"width":599,"height":561,"url":"https:\/\/railway-displays.com\/wp-content\/uploads\/2020\/07\/system-rozg\u0142oszeniowy.jpg","type":"image\/jpeg"}],"twitter_card":"summary_large_image","twitter_misc":{"Szacowany czas czytania":"1 minuta"},"schema":{"@context":"https:\/\/schema.org","@graph":[{"@type":"WebPage","@id":"https:\/\/railway-displays.com\/pl\/produkt\/system-rozgloszeniowy\/","url":"https:\/\/railway-displays.com\/pl\/produkt\/system-rozgloszeniowy\/","name":"system rozg\u0142oszeniowy zgodny z CSDIP IPI6 PKP PLK","isPartOf":{"@id":"https:\/\/railway-displays.com\/pl\/#website"},"primaryImageOfPage":{"@id":"https:\/\/railway-displays.com\/pl\/produkt\/system-rozgloszeniowy\/#primaryimage"},"image":{"@id":"https:\/\/railway-displays.com\/pl\/produkt\/system-rozgloszeniowy\/#primaryimage"},"thumbnailUrl":"https:\/\/railway-displays.com\/wp-content\/uploads\/2020\/07\/system-rozg\u0142oszeniowy.jpg","datePublished":"2020-07-03T08:28:11+00:00","dateModified":"2025-01-23T12:44:13+00:00","description":"System rozg\u0142oszeniowy na dworce i perony posiada mo\u017cliwo\u015b\u0107 emitowania komunikat\u00f3w g\u0142osowych generowanych automatycznie CASDIP oraz wyg\u0142aszanych lokalnie","breadcrumb":{"@id":"https:\/\/railway-displays.com\/pl\/produkt\/system-rozgloszeniowy\/#breadcrumb"},"inLanguage":"pl-PL","potentialAction":[{"@type":"ReadAction","target":["https:\/\/railway-displays.com\/pl\/produkt\/system-rozgloszeniowy\/"]}]},{"@type":"ImageObject","inLanguage":"pl-PL","@id":"https:\/\/railway-displays.com\/pl\/produkt\/system-rozgloszeniowy\/#primaryimage","url":"https:\/\/railway-displays.com\/wp-content\/uploads\/2020\/07\/system-rozg\u0142oszeniowy.jpg","contentUrl":"https:\/\/railway-displays.com\/wp-content\/uploads\/2020\/07\/system-rozg\u0142oszeniowy.jpg","width":599,"height":561,"caption":"Public address system, system rozg\u0142oszeniowy"},{"@type":"BreadcrumbList","@id":"https:\/\/railway-displays.com\/pl\/produkt\/system-rozgloszeniowy\/#breadcrumb","itemListElement":[{"@type":"ListItem","position":1,"name":"Home","item":"https:\/\/railway-displays.com\/pl\/"},{"@type":"ListItem","position":2,"name":"Products","item":"https:\/\/railway-displays.com\/en\/shop\/"},{"@type":"ListItem","position":3,"name":"System rozg\u0142oszeniowy"}]},{"@type":"WebSite","@id":"https:\/\/railway-displays.com\/pl\/#website","url":"https:\/\/railway-displays.com\/pl\/","name":"Dysten","description":"dysten","potentialAction":[{"@type":"SearchAction","target":{"@type":"EntryPoint","urlTemplate":"https:\/\/railway-displays.com\/pl\/?s={search_term_string}"},"query-input":{"@type":"PropertyValueSpecification","valueRequired":true,"valueName":"search_term_string"}}],"inLanguage":"pl-PL"}]}},"_links":{"self":[{"href":"https:\/\/railway-displays.com\/pl\/wp-json\/wp\/v2\/product\/8642","targetHints":{"allow":["GET"]}}],"collection":[{"href":"https:\/\/railway-displays.com\/pl\/wp-json\/wp\/v2\/product"}],"about":[{"href":"https:\/\/railway-displays.com\/pl\/wp-json\/wp\/v2\/types\/product"}],"wp:featuredmedia":[{"embeddable":true,"href":"https:\/\/railway-displays.com\/pl\/wp-json\/wp\/v2\/media\/8647"}],"wp:attachment":[{"href":"https:\/\/railway-displays.com\/pl\/wp-json\/wp\/v2\/media?parent=8642"}],"wp:term":[{"taxonomy":"product_cat","embeddable":true,"href":"https:\/\/railway-displays.com\/pl\/wp-json\/wp\/v2\/product_cat?post=8642"},{"taxonomy":"product_tag","embeddable":true,"href":"https:\/\/railway-displays.com\/pl\/wp-json\/wp\/v2\/product_tag?post=8642"}],"curies":[{"name":"wp","href":"https:\/\/api.w.org\/{rel}","templated":true}]}}